{"id":10099,"date":"2020-05-26T17:55:33","date_gmt":"2020-05-26T15:55:33","guid":{"rendered":"http:\/\/agora-eoi.xtec.cat\/eoielprat\/?page_id=10099"},"modified":"2020-05-26T17:55:33","modified_gmt":"2020-05-26T15:55:33","slug":"programa-interseccions","status":"publish","type":"page","link":"https:\/\/agora-eoi.xtec.cat\/eoielprat\/programa-interseccions\/","title":{"rendered":"Programa Interseccions"},"content":{"rendered":"<p>Des del curs 2017-18 participem en el Programa de ciutat &#8220;Interseccions&#8221;.<\/p>\n<p>Per mitj\u00e0 d\u2019aquesta iniciativa, els professionals d\u2019educaci\u00f3 i cultura d\u2019un municipi de m\u00e9s de 60.000 habitants, aconsegueixen treballar de manera conjunta, impulsar accions transversals i configurar entorns d\u2019aprenentatge on centres educatius i equipaments culturals i altres agents educatius, en s\u00f3n tamb\u00e9 els corresponsables.<br \/>\nL\u2019Ajuntament posa en marxa un espai de treball conjunt dels professionals d\u2019educaci\u00f3 i cultura. Es pret\u00e9n organitzar les pol\u00edtiques municipals adre\u00e7ades a teixir un projecte educatiu global, per tal de generar contextos d\u2019aprenentatge de base corresponsable entre els diferents agents educatius i culturals de la ciutat<\/p>\n","protected":false},"excerpt":{"rendered":"<p>Des del curs 2017-18 participem en el Programa de ciutat &#8220;Interseccions&#8221;.<br \/>\nPer mitj\u00e0 d\u2019aquesta iniciativa, els professionals d\u2019educaci\u00f3 i cultura d\u2019un municipi de m\u00e9s de 60.000 habitants, aconsegueixen treballar de manera conjunta, impulsar accions transversals i configurar entorns d\u2019aprenentatge on centres educatius i equipaments culturals i&hellip;  <a href=\"https:\/\/agora-eoi.xtec.cat\/eoielprat\/programa-interseccions\/\" title=\"Read Programa Interseccions\">Llegeix m\u00e9s\u00bb<\/a><\/p>\n","protected":false},"author":1,"featured_media":0,"parent":0,"menu_order":0,"comment_status":"closed","ping_status":"closed","template":"","meta":{"_bbp_topic_count":0,"_bbp_reply_count":0,"_bbp_total_topic_count":0,"_bbp_total_reply_count":0,"_bbp_voice_count":0,"_bbp_anonymous_reply_count":0,"_bbp_topic_count_hidden":0,"_bbp_reply_count_hidden":0,"_bbp_forum_subforum_count":0,"footnotes":""},"class_list":["post-10099","page","type-page","status-publish","hentry"],"post_mailing_queue_ids":[],"_links":{"self":[{"href":"https:\/\/agora-eoi.xtec.cat\/eoielprat\/wp-json\/wp\/v2\/pages\/10099","targetHints":{"allow":["GET"]}}],"collection":[{"href":"https:\/\/agora-eoi.xtec.cat\/eoielprat\/wp-json\/wp\/v2\/pages"}],"about":[{"href":"https:\/\/agora-eoi.xtec.cat\/eoielprat\/wp-json\/wp\/v2\/types\/page"}],"author":[{"embeddable":true,"href":"https:\/\/agora-eoi.xtec.cat\/eoielprat\/wp-json\/wp\/v2\/users\/1"}],"replies":[{"embeddable":true,"href":"https:\/\/agora-eoi.xtec.cat\/eoielprat\/wp-json\/wp\/v2\/comments?post=10099"}],"version-history":[{"count":1,"href":"https:\/\/agora-eoi.xtec.cat\/eoielprat\/wp-json\/wp\/v2\/pages\/10099\/revisions"}],"predecessor-version":[{"id":10100,"href":"https:\/\/agora-eoi.xtec.cat\/eoielprat\/wp-json\/wp\/v2\/pages\/10099\/revisions\/10100"}],"wp:attachment":[{"href":"https:\/\/agora-eoi.xtec.cat\/eoielprat\/wp-json\/wp\/v2\/media?parent=10099"}],"curies":[{"name":"wp","href":"https:\/\/api.w.org\/{rel}","templated":true}]}}