{"id":10097,"date":"2020-05-26T17:52:40","date_gmt":"2020-05-26T15:52:40","guid":{"rendered":"http:\/\/agora-eoi.xtec.cat\/eoielprat\/?page_id=10097"},"modified":"2020-05-26T17:52:40","modified_gmt":"2020-05-26T15:52:40","slug":"projecte-dinnovacio-pedagogica-tecnologies-mobils","status":"publish","type":"page","link":"https:\/\/agora-eoi.xtec.cat\/eoielprat\/projecte-dinnovacio-pedagogica-tecnologies-mobils\/","title":{"rendered":"Projecte d&#8217;innovaci\u00f3 pedag\u00f2gica &#8220;Tecnologies m\u00f2bils&#8221;"},"content":{"rendered":"<p>L\u2019escola ha estat seleccionada per participar en el programa d\u2019innovaci\u00f3 pedag\u00f2gica Tecnologies Digitals per a l\u2019Aprenentatge d\u2019acord amb les bases reguladores de la\u00a0<a href=\"https:\/\/dogc.gencat.cat\/ca\/pdogc_canals_interns\/pdogc_resultats_fitxa\/?action=fitxa&amp;documentId=838437&amp;\" target=\"_blank\" rel=\"noopener noreferrer\">RESOLUCI\u00d3 EDU\/3044\/2018<\/a>, de 19 de desembre. Aquest programa t\u00e9 una durada de 3 cursos escolars.<\/p>\n<p>El nostre projecte s&#8217;anomena &#8220;Plataforma digital EOI del Prat&#8221;, i t\u00e9 com a objectiu la millora de l&#8217;expressi\u00f3 oral mitjan\u00e7ant la creaci\u00f3 de v\u00eddeos.<\/p>\n<p><strong>Finalitat:<\/strong><\/p>\n<p>1.1. Promoure l\u2019equitat i la qualitat del sistema educatiu reflectida en la millora de les capacitats i compet\u00e8ncies de l\u2019alumnat participant, les finalitats del Programa Tecnologies digitals per a l\u2019Aprenentatge s\u00f3n:<\/p>\n<div>\n<ol>\n<li>Promoure la innovaci\u00f3 educativa basada en l\u2019\u00fas efectiu de les tecnologies digitals per contribuir a enriquir i potenciar el conjunt dels aprenentatges curriculars.<\/li>\n<li>Facilitar el desplegament de les compet\u00e8ncies digitals.<\/li>\n<li>Fomentar la inclusi\u00f3 educativa amb els recursos digitals.<\/li>\n<li>Estimular la transformaci\u00f3 metodol\u00f2gica i organitzativa a nivell de centre educatiu.<\/li>\n<li>Promoure i impulsar l\u2019avaluaci\u00f3 de l\u2019impacte de les tecnologies digitals per a l\u2019aprenentatge.<\/li>\n<\/ol>\n<p><strong>Objectius:<\/strong><\/p>\n<p>1.2. Els objectius del Programa d\u2019innovaci\u00f3 pedag\u00f2gica Tecnologies Digitals per a l\u2019Aprenentatge s\u00f3n:<\/p>\n<ol>\n<li>Adoptar les tecnologies digitals per promoure la innovaci\u00f3 educativa i el treball competencial i impulsar la transformaci\u00f3 digital educativa en el marc del pla TAC dels centres educatius.<\/li>\n<li>Adequar les propostes curriculars i did\u00e0ctiques a la integraci\u00f3 de les tecnologies digitals per tal d\u2019impulsar les compet\u00e8ncies digitals.<\/li>\n<li>Promoure els usos responsables i segurs de les tecnologies digitals.<\/li>\n<li>Fomentar l\u2019\u00fas de les tecnologies per a l\u2019aprenentatge i el coneixement a partir de convenis de col\u00b7laboraci\u00f3 amb entitats externes.<\/li>\n<li>Impulsar, en el marc del PEC, lligat al pla TAC i al Pla de Comunicaci\u00f3 digital de centre, un projecte de comunicaci\u00f3 digital, tant de revista digital, com de r\u00e0dio o televisi\u00f3 escolar.<\/li>\n<li>Emprar les tecnologies m\u00f2bils per fomentar la innovaci\u00f3 educativa i els usos responsables i inclusius de les tecnologies digitals.<\/li>\n<li>Desenvolupar les capacitats de pensament computacional i de georeferenciaci\u00f3 d\u2019una manera transversal.<\/li>\n<li>\u00a0Desenvolupar les compet\u00e8ncies b\u00e0siques de forma integrada amb l\u2019enfocament STEM.<\/li>\n<\/ol>\n<p><strong>\u00c0mbits:<\/strong><\/p>\n<\/div>\n<div>\n<p>1.3. El Programa d\u2019innovaci\u00f3 Tecnologies Digitals per a l\u2019Aprenentatge s\u2019emmarca en els seg\u00fcents \u00e0mbits definits per la Comissi\u00f3 d\u2019Innovaci\u00f3:<\/p>\n<ol>\n<li>\u00c0mbit 1: metodologies i recursos per a la millora de l\u2019ensenyament i aprenentatge.<\/li>\n<li>\u00c0mbit 2: organitzaci\u00f3 i gesti\u00f3 educativa.<\/li>\n<li>\u00c0mbit 3: relaci\u00f3 i cooperaci\u00f3 amb la comunitat educativa i l\u2019entorn.<\/li>\n<\/ol>\n<\/div>\n","protected":false},"excerpt":{"rendered":"<p>L\u2019escola ha estat seleccionada per participar en el programa d\u2019innovaci\u00f3 pedag\u00f2gica Tecnologies Digitals per a l\u2019Aprenentatge d\u2019acord amb les bases reguladores de la\u00a0<a href=\"https:\/\/dogc.gencat.cat\/ca\/pdogc_canals_interns\/pdogc_resultats_fitxa\/?action=fitxa&amp;documentId=838437&amp;\" target=\"_blank\" rel=\"noopener noreferrer\">RESOLUCI\u00d3 EDU\/3044\/2018<\/a>, de 19 de desembre. Aquest programa t\u00e9 una durada de 3 cursos escolars.<br \/>\nEl nostre projecte s&#8217;anomena &#8220;Plataforma&hellip;  <a href=\"https:\/\/agora-eoi.xtec.cat\/eoielprat\/projecte-dinnovacio-pedagogica-tecnologies-mobils\/\" title=\"Read Projecte d&#8217;innovaci\u00f3 pedag\u00f2gica &#8220;Tecnologies m\u00f2bils&#8221;\">Llegeix m\u00e9s\u00bb<\/a><\/p>\n","protected":false},"author":1,"featured_media":0,"parent":0,"menu_order":0,"comment_status":"closed","ping_status":"closed","template":"","meta":{"_bbp_topic_count":0,"_bbp_reply_count":0,"_bbp_total_topic_count":0,"_bbp_total_reply_count":0,"_bbp_voice_count":0,"_bbp_anonymous_reply_count":0,"_bbp_topic_count_hidden":0,"_bbp_reply_count_hidden":0,"_bbp_forum_subforum_count":0,"footnotes":""},"class_list":["post-10097","page","type-page","status-publish","hentry"],"post_mailing_queue_ids":[],"_links":{"self":[{"href":"https:\/\/agora-eoi.xtec.cat\/eoielprat\/wp-json\/wp\/v2\/pages\/10097","targetHints":{"allow":["GET"]}}],"collection":[{"href":"https:\/\/agora-eoi.xtec.cat\/eoielprat\/wp-json\/wp\/v2\/pages"}],"about":[{"href":"https:\/\/agora-eoi.xtec.cat\/eoielprat\/wp-json\/wp\/v2\/types\/page"}],"author":[{"embeddable":true,"href":"https:\/\/agora-eoi.xtec.cat\/eoielprat\/wp-json\/wp\/v2\/users\/1"}],"replies":[{"embeddable":true,"href":"https:\/\/agora-eoi.xtec.cat\/eoielprat\/wp-json\/wp\/v2\/comments?post=10097"}],"version-history":[{"count":1,"href":"https:\/\/agora-eoi.xtec.cat\/eoielprat\/wp-json\/wp\/v2\/pages\/10097\/revisions"}],"predecessor-version":[{"id":10098,"href":"https:\/\/agora-eoi.xtec.cat\/eoielprat\/wp-json\/wp\/v2\/pages\/10097\/revisions\/10098"}],"wp:attachment":[{"href":"https:\/\/agora-eoi.xtec.cat\/eoielprat\/wp-json\/wp\/v2\/media?parent=10097"}],"curies":[{"name":"wp","href":"https:\/\/api.w.org\/{rel}","templated":true}]}}