{"id":9879,"date":"2021-04-20T22:26:50","date_gmt":"2021-04-20T20:26:50","guid":{"rendered":"https:\/\/agora-eoi.xtec.cat\/eoidelvendrell\/?page_id=9879"},"modified":"2025-05-09T12:02:02","modified_gmt":"2025-05-09T10:02:02","slug":"dedpertament-de-frances","status":"publish","type":"page","link":"https:\/\/agora-eoi.xtec.cat\/eoidelvendrell\/examens-finals-de-certificat\/dedpertament-de-frances\/","title":{"rendered":"Departament de Franc\u00e8s"},"content":{"rendered":"<p style=\"text-align: left;\">Calendari de proves de <strong>franc\u00e8s de maig-juny<\/strong> de 2025:<\/p>\n<table class=\" aligncenter\" style=\"width: 79.7294%; height: 253px;\">\n<tbody>\n<tr style=\"height: 23px;\">\n<td style=\"width: 24.3572%; height: 23px;\"><span style=\"font-weight: 400;\">Dimecres, 04 de juny<\/span><\/td>\n<td style=\"width: 11.5775%; height: 23px;\"><span style=\"color: #0000ff;\"><strong>18:00h<\/strong><\/span><\/td>\n<td style=\"width: 29.6436%; height: 23px;\"><b>A1 <span style=\"font-weight: 400;\">(tots els grups)<\/span><\/b><\/td>\n<td style=\"width: 11.7497%; height: 23px;\"><span style=\"color: #0000ff;\"><strong>Aula 25<\/strong><\/span><\/td>\n<\/tr>\n<tr style=\"height: 23px;\">\n<td style=\"width: 24.3572%; height: 23px;\"><span style=\"font-weight: 400;\">Dimecres, 04 de juny<\/span><\/td>\n<td style=\"width: 11.5775%; height: 23px;\"><span style=\"color: #0000ff;\"><strong>18:00h<\/strong><\/span><\/td>\n<td style=\"width: 29.6436%; height: 23px;\"><b>A2 <\/b><span style=\"font-weight: 400;\">(tots els grups)<\/span><\/td>\n<td style=\"width: 11.7497%; height: 23px;\"><span style=\"color: #0000ff;\"><strong>Aula 26<\/strong><\/span><\/td>\n<\/tr>\n<tr style=\"height: 23px;\">\n<td style=\"width: 24.3572%; height: 23px;\"><span style=\"font-weight: 400;\">Dijous, 5 de juny<\/span><\/td>\n<td style=\"width: 11.5775%; height: 23px;\"><span style=\"color: #0000ff;\"><strong>16:15h<\/strong><\/span><\/td>\n<td style=\"width: 29.6436%; height: 23px;\"><b>B2.1<\/b><\/td>\n<td style=\"width: 11.7497%; height: 23px;\"><span style=\"color: #0000ff;\"><strong>Aula 26<\/strong><\/span><\/td>\n<\/tr>\n<tr style=\"height: 46px;\">\n<td style=\"width: 24.3572%; height: 46px;\"><span style=\"font-weight: 400;\">Dilluns, 02 de juny<\/span><\/td>\n<td style=\"width: 11.5775%; height: 46px;\"><span style=\"color: #0000ff;\"><strong>15:30h<\/strong><\/span><\/td>\n<td style=\"width: 29.6436%; height: 46px;\"><b>Certificat Nivell Intermedi B1 <\/b><span style=\"font-weight: 400;\">Oficials i Lliures<\/span><\/td>\n<td style=\"width: 11.7497%; height: 46px;\"><strong><span style=\"color: #0000ff;\">Aula 26<\/span><\/strong><\/td>\n<\/tr>\n<tr style=\"height: 46px;\">\n<td style=\"width: 24.3572%; height: 46px;\"><span style=\"font-weight: 400;\">Dimarts, 10 de juny<\/span><\/td>\n<td style=\"width: 11.5775%; height: 46px;\"><span style=\"color: #0000ff;\"><strong>15:30h<\/strong><\/span><\/td>\n<td style=\"width: 29.6436%; height: 46px;\"><b>Certificat Nivell Intermedi B2 <\/b><span style=\"font-weight: 400;\">Oficials i Lliures<\/span><\/td>\n<td style=\"width: 11.7497%; height: 46px;\"><strong><span style=\"color: #0000ff;\">Aula 25<\/span><\/strong><\/td>\n<\/tr>\n<tr style=\"height: 46px;\">\n<td style=\"width: 77.328%; height: 46px;\" colspan=\"4\"><span style=\"font-weight: 400;\">Per a la realitzaci\u00f3 de les proves orals, l&#8217;alumnat haur\u00e0 d\u2019inscriure\u2019s en les graelles que el professorat far\u00e0 per a cada grup.<\/span><\/td>\n<\/tr>\n<tr style=\"height: 46px;\">\n<td style=\"width: 77.328%; height: 46px;\" colspan=\"4\"><b><i>El termini per presentar inst\u00e0ncies sol\u00b7licitant canvis per a la realitzaci\u00f3 dels ex\u00e0mens s\u2019acabar\u00e0 el dia 19 de maig de 2025.<\/i><\/b><\/td>\n<\/tr>\n<\/tbody>\n<\/table>\n<div style=\"display: none;\">\u00a0<\/div>\n<div style=\"display: none;\">\u00a0<\/div>\n<div style=\"display: none;\">\u00a0<\/div>\n<div style=\"display: none;\">\u00a0<\/div>\n<div style=\"display: none;\">\u00a0<\/div>\n<div style=\"display: none;\">\u00a0<\/div>\n<div style=\"display: none;\">\u00a0<\/div>\n<div style=\"display: none;\">\u00a0<\/div>\n<div style=\"display: none;\">\u00a0<\/div>\n<div style=\"display: none;\">\u00a0<\/div>\n<div style=\"display: none;\">\u00a0<\/div>\n\n\n<p><\/p>\n\n\n\n<p><\/p>\n\n\n<div class=\"wp-block-image\">\n<figure class=\"aligncenter size-full is-resized\"><a href=\"https:\/\/agora-eoi.xtec.cat\/eoidelvendrell\/wp-content\/uploads\/usu2263\/2024\/07\/Captura-de-pantalla-2024-07-22-a-les-14.37.56.png\"><img loading=\"lazy\" decoding=\"async\" width=\"390\" height=\"295\" src=\"https:\/\/agora-eoi.xtec.cat\/eoidelvendrell\/wp-content\/uploads\/usu2263\/2024\/07\/Captura-de-pantalla-2024-07-22-a-les-14.37.56.png\" alt=\"\" class=\"wp-image-12314\" style=\"width:174px;height:auto\" srcset=\"https:\/\/agora-eoi.xtec.cat\/eoidelvendrell\/wp-content\/uploads\/usu2263\/2024\/07\/Captura-de-pantalla-2024-07-22-a-les-14.37.56.png 390w, https:\/\/agora-eoi.xtec.cat\/eoidelvendrell\/wp-content\/uploads\/usu2263\/2024\/07\/Captura-de-pantalla-2024-07-22-a-les-14.37.56-300x227.png 300w, https:\/\/agora-eoi.xtec.cat\/eoidelvendrell\/wp-content\/uploads\/usu2263\/2024\/07\/Captura-de-pantalla-2024-07-22-a-les-14.37.56-200x150.png 200w\" sizes=\"auto, (max-width: 390px) 100vw, 390px\" \/><\/a><\/figure><\/div>\n\n\n<p><strong>Requisits dels candidats a ex\u00e0mens oficials de certificat (B1, B2):&nbsp;<\/strong><br>\u2022 Tots els candidats han de presentar-se a les proves amb el seu DNI, passaport, NIE o carnet de conduir vigent a Espanya i mostrar-lo quan li sigui requerit.<br>\u2022 Els candidats han de ser puntuals i presentar-se amb antelaci\u00f3 suficient a l\u2019hora de la convocat\u00f2ria.<br>\u2022 \u00c9s preferible usar bol\u00edgraf blau o negre no esborrables per a la realitzaci\u00f3 de l\u2019examen.<br>\u2022 No es permetran damunt de la taula m\u00e9s objectes que els materials d\u2019escriptura.<br>\u2022 Els tel\u00e8fons m\u00f2bils o qualsevol altre dispositiu electr\u00f2nic que pugui servir d\u2019ajuda per a la realitzaci\u00f3<br>de la prova han d\u2019estar apagats tant el dia de la sessi\u00f3 escrita com el dia de la sessi\u00f3 oral. Les alarmes tamb\u00e9 han d\u2019estar desactivades. Si algun candidat fa \u00fas actiu del m\u00f2bil o de cap altre dispositiu durant la prova, aquesta quedar\u00e0 anul\u00b7lada.<br>\u2022 Totes les parts de la prova hauran de ser tornades abans d\u2019abandonar l\u2019aula.<\/p>\n\n\n\n<p><\/p>\n\n\n\n<p><strong>MOLTA SORT I ENCERTS!<\/strong><\/p>\n","protected":false},"excerpt":{"rendered":"<p>Calendari de proves de franc\u00e8s de maig-juny de 2025:<\/p>\n<p>Dimecres, 04 de juny<br \/>\n18:00h<br \/>\nA1 (tots els grups)<br \/>\nAula 25<\/p>\n<p>Dimecres, 04 de juny<br \/>\n18:00h<br \/>\nA2 (tots els grups)<br \/>\nAula 26<\/p>\n<p>Dijous, 5 de juny<br \/>\n16:15h<br \/>\nB2.1<br \/>\nAula 26<\/p>\n<p>Dilluns, 02 de juny<br \/>\n15:30h<br \/>\nCertificat Nivell Intermedi B1 Oficials i Lliures<br \/>\nAula 26<\/p>\n<p>Dimarts, 10 de juny<br \/>\n15:30h<br \/>\nCertificat Nivell Intermedi B2 Oficials i&hellip;  <a href=\"https:\/\/agora-eoi.xtec.cat\/eoidelvendrell\/examens-finals-de-certificat\/dedpertament-de-frances\/\" title=\"Read Departament de Franc\u00e8s\">Llegeix m\u00e9s\u00bb<\/a><\/p>\n","protected":false},"author":1,"featured_media":0,"parent":9860,"menu_order":2,"comment_status":"closed","ping_status":"closed","template":"page-templates\/side-menu.php","meta":{"_bbp_topic_count":0,"_bbp_reply_count":0,"_bbp_total_topic_count":0,"_bbp_total_reply_count":0,"_bbp_voice_count":0,"_bbp_anonymous_reply_count":0,"_bbp_topic_count_hidden":0,"_bbp_reply_count_hidden":0,"_bbp_forum_subforum_count":0,"footnotes":""},"class_list":["post-9879","page","type-page","status-publish","hentry"],"post_mailing_queue_ids":[],"_links":{"self":[{"href":"https:\/\/agora-eoi.xtec.cat\/eoidelvendrell\/wp-json\/wp\/v2\/pages\/9879","targetHints":{"allow":["GET"]}}],"collection":[{"href":"https:\/\/agora-eoi.xtec.cat\/eoidelvendrell\/wp-json\/wp\/v2\/pages"}],"about":[{"href":"https:\/\/agora-eoi.xtec.cat\/eoidelvendrell\/wp-json\/wp\/v2\/types\/page"}],"author":[{"embeddable":true,"href":"https:\/\/agora-eoi.xtec.cat\/eoidelvendrell\/wp-json\/wp\/v2\/users\/1"}],"replies":[{"embeddable":true,"href":"https:\/\/agora-eoi.xtec.cat\/eoidelvendrell\/wp-json\/wp\/v2\/comments?post=9879"}],"version-history":[{"count":6,"href":"https:\/\/agora-eoi.xtec.cat\/eoidelvendrell\/wp-json\/wp\/v2\/pages\/9879\/revisions"}],"predecessor-version":[{"id":12931,"href":"https:\/\/agora-eoi.xtec.cat\/eoidelvendrell\/wp-json\/wp\/v2\/pages\/9879\/revisions\/12931"}],"up":[{"embeddable":true,"href":"https:\/\/agora-eoi.xtec.cat\/eoidelvendrell\/wp-json\/wp\/v2\/pages\/9860"}],"wp:attachment":[{"href":"https:\/\/agora-eoi.xtec.cat\/eoidelvendrell\/wp-json\/wp\/v2\/media?parent=9879"}],"curies":[{"name":"wp","href":"https:\/\/api.w.org\/{rel}","templated":true}]}}