{"id":9631,"date":"2020-09-22T12:30:18","date_gmt":"2020-09-22T10:30:18","guid":{"rendered":"http:\/\/agora-eoi.xtec.cat\/eoidelvendrell\/?page_id=9631"},"modified":"2025-09-23T11:27:16","modified_gmt":"2025-09-23T09:27:16","slug":"trasllat-dexpedient","status":"publish","type":"page","link":"https:\/\/agora-eoi.xtec.cat\/eoidelvendrell\/serveis\/trasllat-dexpedient\/","title":{"rendered":"Trasllat d&#8217;expedient"},"content":{"rendered":"<p>Si despr\u00e9s de formalitzar la matr\u00edcula a la nostra EOI un alumne demana poder continuar el curs en un altre centre, ha de sol\u00b7licitar el trasllat de matr\u00edcula viva al centre de destinaci\u00f3 mitjan\u00e7ant el model <a href=\"https:\/\/agora-eoi.xtec.cat\/eoidelvendrell\/wp-content\/uploads\/usu2263\/2020\/09\/5-EOI-Sol%C2%B7licitud-trasllat-dexpedientY332_092-1.pdf\">Sol\u00b7licitud de trasllat d\u2019expedient<\/a>\u00a0abans de <strong>l&#8217;\u00faltim dia h\u00e0bil d&#8217;abril<\/strong>. La sol\u00b7licitud quedar\u00e0 condicionada a la disponibilitat de places en el centre demanat.<\/p>\n<div style=\"display: none;\">\u00a0<\/div>\n\n\n<p><\/p>\n","protected":false},"excerpt":{"rendered":"<p>Si despr\u00e9s de formalitzar la matr\u00edcula a la nostra EOI un alumne demana poder continuar el curs en un altre centre, ha de sol\u00b7licitar el trasllat de matr\u00edcula viva al centre de destinaci\u00f3 mitjan\u00e7ant el model <a href=\"https:\/\/agora-eoi.xtec.cat\/eoidelvendrell\/wp-content\/uploads\/usu2263\/2020\/09\/5-EOI-Sol%C2%B7licitud-trasllat-dexpedientY332_092-1.pdf\">Sol\u00b7licitud de trasllat d\u2019expedient<\/a>\u00a0abans de l&#8217;\u00faltim dia h\u00e0bil&hellip;  <a href=\"https:\/\/agora-eoi.xtec.cat\/eoidelvendrell\/serveis\/trasllat-dexpedient\/\" title=\"Read Trasllat d&#8217;expedient\">Llegeix m\u00e9s\u00bb<\/a><\/p>\n","protected":false},"author":1,"featured_media":0,"parent":8411,"menu_order":0,"comment_status":"closed","ping_status":"closed","template":"page-templates\/side-menu.php","meta":{"_bbp_topic_count":0,"_bbp_reply_count":0,"_bbp_total_topic_count":0,"_bbp_total_reply_count":0,"_bbp_voice_count":0,"_bbp_anonymous_reply_count":0,"_bbp_topic_count_hidden":0,"_bbp_reply_count_hidden":0,"_bbp_forum_subforum_count":0,"footnotes":""},"class_list":["post-9631","page","type-page","status-publish","hentry"],"post_mailing_queue_ids":[],"_links":{"self":[{"href":"https:\/\/agora-eoi.xtec.cat\/eoidelvendrell\/wp-json\/wp\/v2\/pages\/9631","targetHints":{"allow":["GET"]}}],"collection":[{"href":"https:\/\/agora-eoi.xtec.cat\/eoidelvendrell\/wp-json\/wp\/v2\/pages"}],"about":[{"href":"https:\/\/agora-eoi.xtec.cat\/eoidelvendrell\/wp-json\/wp\/v2\/types\/page"}],"author":[{"embeddable":true,"href":"https:\/\/agora-eoi.xtec.cat\/eoidelvendrell\/wp-json\/wp\/v2\/users\/1"}],"replies":[{"embeddable":true,"href":"https:\/\/agora-eoi.xtec.cat\/eoidelvendrell\/wp-json\/wp\/v2\/comments?post=9631"}],"version-history":[{"count":4,"href":"https:\/\/agora-eoi.xtec.cat\/eoidelvendrell\/wp-json\/wp\/v2\/pages\/9631\/revisions"}],"predecessor-version":[{"id":13131,"href":"https:\/\/agora-eoi.xtec.cat\/eoidelvendrell\/wp-json\/wp\/v2\/pages\/9631\/revisions\/13131"}],"up":[{"embeddable":true,"href":"https:\/\/agora-eoi.xtec.cat\/eoidelvendrell\/wp-json\/wp\/v2\/pages\/8411"}],"wp:attachment":[{"href":"https:\/\/agora-eoi.xtec.cat\/eoidelvendrell\/wp-json\/wp\/v2\/media?parent=9631"}],"curies":[{"name":"wp","href":"https:\/\/api.w.org\/{rel}","templated":true}]}}