{"id":9630,"date":"2020-09-22T12:30:18","date_gmt":"2020-09-22T10:30:18","guid":{"rendered":"http:\/\/agora-eoi.xtec.cat\/eoidelvendrell\/?page_id=9630"},"modified":"2025-07-10T13:46:54","modified_gmt":"2025-07-10T11:46:54","slug":"renuncies","status":"publish","type":"page","link":"https:\/\/agora-eoi.xtec.cat\/eoidelvendrell\/normativa\/renuncies\/","title":{"rendered":"Ren\u00fancies"},"content":{"rendered":"<p>Es podr\u00e0 <a href=\"https:\/\/agora-eoi.xtec.cat\/eoidelvendrell\/wp-content\/uploads\/usu2263\/2020\/09\/4-EOI-Sol%C2%B7licitud-ren%C3%BAncia-de-matr%C3%ADcula-1.pdf\">renunciar a la matr\u00edcula<\/a> oficial quan l&#8217;alumne es vegi en la <strong>impossibilitat<\/strong> de continuar assistint a classe amb regularitat.<\/p>\n<p>La ren\u00fancia es <strong>tramitar\u00e0<\/strong> a Secretaria d&#8217;alumnat presentant el resguard de la matr\u00edcula a qu\u00e8 es vol renunciar. La ren\u00fancia implica conservar intacta la convocat\u00f2ria a qu\u00e8 donava dret la matr\u00edcula.<\/p>\n<p>Els alumnes que hagin fet ren\u00fancia de matr\u00edcula seran considerats a tots els efectes (documentaci\u00f3 i proc\u00e9s de matriculaci\u00f3) <strong>antics alumnes<\/strong>. En cas que es vulguin tornar a matricular pel curs escolar immediatament posterior al de la ren\u00fancia se&#8217;ls <strong>reservar\u00e0<\/strong> la pla\u00e7a com a alumne\/a oficial repetidor. La data l\u00edmit per procedir a la ren\u00fancia de matr\u00edcula \u00e9s <strong>l&#8217;\u00faltim dia h\u00e0bil de novembre de 2025<\/strong>.<\/p>\n<p>Nota: L&#8217;escola <strong>no tornar\u00e0 l&#8217;import<\/strong> de la matr\u00edcula per cap motiu.<\/p>\n<div style=\"display: none;\"><\/div>\n","protected":false},"excerpt":{"rendered":"<p>Es podr\u00e0 <a href=\"https:\/\/agora-eoi.xtec.cat\/eoidelvendrell\/wp-content\/uploads\/usu2263\/2020\/09\/4-EOI-Sol%C2%B7licitud-ren%C3%BAncia-de-matr%C3%ADcula-1.pdf\">renunciar a la matr\u00edcula<\/a> oficial quan l&#8217;alumne es vegi en la impossibilitat de continuar assistint a classe amb regularitat.<br \/>\nLa ren\u00fancia es tramitar\u00e0 a Secretaria d&#8217;alumnat presentant el resguard de la matr\u00edcula a qu\u00e8 es vol renunciar. La ren\u00fancia implica conservar intacta la&hellip;  <a href=\"https:\/\/agora-eoi.xtec.cat\/eoidelvendrell\/normativa\/renuncies\/\" title=\"Read Ren\u00fancies\">Llegeix m\u00e9s\u00bb<\/a><\/p>\n","protected":false},"author":1,"featured_media":0,"parent":9614,"menu_order":7,"comment_status":"closed","ping_status":"closed","template":"page-templates\/side-menu.php","meta":{"_bbp_topic_count":0,"_bbp_reply_count":0,"_bbp_total_topic_count":0,"_bbp_total_reply_count":0,"_bbp_voice_count":0,"_bbp_anonymous_reply_count":0,"_bbp_topic_count_hidden":0,"_bbp_reply_count_hidden":0,"_bbp_forum_subforum_count":0,"footnotes":""},"class_list":["post-9630","page","type-page","status-publish","hentry"],"post_mailing_queue_ids":[],"_links":{"self":[{"href":"https:\/\/agora-eoi.xtec.cat\/eoidelvendrell\/wp-json\/wp\/v2\/pages\/9630","targetHints":{"allow":["GET"]}}],"collection":[{"href":"https:\/\/agora-eoi.xtec.cat\/eoidelvendrell\/wp-json\/wp\/v2\/pages"}],"about":[{"href":"https:\/\/agora-eoi.xtec.cat\/eoidelvendrell\/wp-json\/wp\/v2\/types\/page"}],"author":[{"embeddable":true,"href":"https:\/\/agora-eoi.xtec.cat\/eoidelvendrell\/wp-json\/wp\/v2\/users\/1"}],"replies":[{"embeddable":true,"href":"https:\/\/agora-eoi.xtec.cat\/eoidelvendrell\/wp-json\/wp\/v2\/comments?post=9630"}],"version-history":[{"count":6,"href":"https:\/\/agora-eoi.xtec.cat\/eoidelvendrell\/wp-json\/wp\/v2\/pages\/9630\/revisions"}],"predecessor-version":[{"id":13033,"href":"https:\/\/agora-eoi.xtec.cat\/eoidelvendrell\/wp-json\/wp\/v2\/pages\/9630\/revisions\/13033"}],"up":[{"embeddable":true,"href":"https:\/\/agora-eoi.xtec.cat\/eoidelvendrell\/wp-json\/wp\/v2\/pages\/9614"}],"wp:attachment":[{"href":"https:\/\/agora-eoi.xtec.cat\/eoidelvendrell\/wp-json\/wp\/v2\/media?parent=9630"}],"curies":[{"name":"wp","href":"https:\/\/api.w.org\/{rel}","templated":true}]}}