{"id":9629,"date":"2020-09-22T12:30:18","date_gmt":"2020-09-22T10:30:18","guid":{"rendered":"http:\/\/agora-eoi.xtec.cat\/eoidelvendrell\/?page_id=9629"},"modified":"2025-11-18T11:11:51","modified_gmt":"2025-11-18T10:11:51","slug":"canvi-dhorari","status":"publish","type":"page","link":"https:\/\/agora-eoi.xtec.cat\/eoidelvendrell\/normativa\/canvi-dhorari\/","title":{"rendered":"Canvi d&#8217;horari"},"content":{"rendered":"<p style=\"font-family: 'Open Sans', Arial, Helvetica, sans-serif; font-size: 16px; color: #444444;\">Un cop formalitzada una matr\u00edcula oficial <strong>no s\u2019admetran<\/strong> canvis en l\u2019horari assignat si no \u00e9s per causes degudament justificades, d\u2019acord amb les seg\u00fcents condicions:<\/p>\n<p style=\"font-family: 'Open Sans', Arial, Helvetica, sans-serif; font-size: 16px; color: #444444;\">En tots els casos nom\u00e9s es podran <strong>concedir<\/strong> canvis en els horaris sol\u00b7licitats on hi hagi <strong>places vacants<\/strong>.<\/p>\n<p style=\"font-family: 'Open Sans', Arial, Helvetica, sans-serif; font-size: 16px; color: #444444;\">Podran demanar canvi els alumnes que un cop feta la matr\u00edcula a l\u2019EOI, s\u2019hagin matriculat en un altre centre docent oficial (universitat, institut, escola, etc.) i tinguin un horari incompatible, o b\u00e9 alumnes als quals se\u2019ls hagi canviat l\u2019horari laboral, tamb\u00e9 amb posterioritat a la matriculaci\u00f3 en aquesta EOI.<\/p>\n<p style=\"font-family: 'Open Sans', Arial, Helvetica, sans-serif; font-size: 16px; color: #444444;\">El canvi ser\u00e0 <strong>oficial<\/strong> i <strong>definitiu<\/strong> per a la resta del curs.<\/p>\n<ul class=\"ja-typo-list list-arrow\" style=\"font-size: 16px; font-family: 'Open Sans', Arial, Helvetica, sans-serif; color: #444444;\">\n<li style=\"margin-top: 0.5em; margin-bottom: 0.5em;\"><span class=\"icon\">\u00a0<\/span>No es tindr\u00e0 en compte cap sol\u00b7licitud que no vagi acompanyada de <strong>justificant<\/strong> acreditatiu (fotoc\u00f2pia de matr\u00edcula, certificat de l\u2019empresa, etc.).<\/li>\n<li style=\"margin-top: 0.5em; margin-bottom: 0.5em;\"><span class=\"icon\">\u00a0<\/span>Les inst\u00e0ncies es classificaran per idioma i horari sol\u00b7licitat en primera opci\u00f3, i durant la primera setmana de novembre es procedir\u00e0 a concedir o denegar els canvis d\u2019acord amb la disponibilitat de places.<\/li>\n<li style=\"margin-top: 0.5em; margin-bottom: 0.5em;\"><span class=\"icon\">\u00a0<\/span>Un cop publicada la llista de sol\u00b7licituds concedides o denegades els alumnes podran anar al grup sol\u00b7licitat si els ha estat concedit el canvi. En cas contrari hauran de romandre al grup d\u2019origen. El canvi de grup \u00e9s definitiu per a la resta del curs.<\/li>\n<\/ul>\n<h3 style=\"color: #087eb6; font-family: 'Open Sans', sans-serif; font-weight: 400; font-size: 1.375em;\">Procediment per sol\u00b7licitar el canvi d\u2019horari<\/h3>\n<ul class=\"ja-typo-list list-arrow\" style=\"font-size: 16px; font-family: 'Open Sans', Arial, Helvetica, sans-serif; color: #444444;\">\n<li style=\"margin-top: 0.5em; margin-bottom: 0.5em;\"><span class=\"icon\">\u00a0<\/span><strong>Permutes de mutu acord:\u00a0<\/strong>Durant tot el mes d\u2019octubre s\u2019admetran permutes d\u2019horari entre alumnes. Per fer efectiva la permuta els dos alumnes hauran de dirigir-se a la secretaria del centre amb els seus respectius resguards de matr\u00edcula i oficialitzar el canvi, omplint un <a style=\"color: #087eb6; background: transparent; font-family: 'Open Sans', sans-serif;\" href=\"https:\/\/agora-eoi.xtec.cat\/eoidelvendrell\/wp-content\/uploads\/usu2263\/2020\/09\/3-EOI-Sol%C2%B7licitud-permuta-horari-1.pdf\">formulari<\/a>\u00a0que es pot demanar a secretaria\u00a0o descarregar del nostre web.<\/li>\n<li style=\"margin-top: 0.5em; margin-bottom: 0.5em;\"><span class=\"icon\">\u00a0<\/span><strong>Procediment general: <\/strong>En cas que un alumne no trobi ning\u00fa per permutar-se l\u2019horari podr\u00e0 presentar una inst\u00e0ncia a la secretaria del centre del 14 al 16 d\u2019octubre de 2025 ambd\u00f3s inclosos.<\/li>\n<\/ul>\n<p style=\"font-family: 'Open Sans', Arial, Helvetica, sans-serif; font-size: 16px; color: #444444;\">Els alumnes presentaran a secretaria els documents seg\u00fcents:<\/p>\n<ul class=\"ja-typo-list list-arrow\" style=\"font-size: 16px; font-family: 'Open Sans', Arial, Helvetica, sans-serif; color: #444444;\">\n<li style=\"margin-top: 0.5em; margin-bottom: 0.5em;\"><span class=\"icon\">\u00a0<\/span><strong>Inst\u00e0ncia<\/strong> (segons model que es podr\u00e0 demanar a Secretaria o descarregar del nostre web) en la qual se sol\u00b7liciti nou horari, donant sempre que sigui possible dues opcions.<\/li>\n<li style=\"margin-top: 0.5em; margin-bottom: 0.5em;\"><span class=\"icon\">\u00a0<\/span><strong>Justificants<\/strong> acreditatius de les causes al\u00b7legades: fotoc\u00f2pia de matr\u00edcula o de contracte de treball (amb data posterior a la de matr\u00edcula a l\u2019EOI) o un certificat de l\u2019empresa.<\/li>\n<\/ul>\n<div style=\"display: none;\"><\/div>\n","protected":false},"excerpt":{"rendered":"<p>Un cop formalitzada una matr\u00edcula oficial no s\u2019admetran canvis en l\u2019horari assignat si no \u00e9s per causes degudament justificades, d\u2019acord amb les seg\u00fcents condicions:<br \/>\nEn tots els casos nom\u00e9s es podran concedir canvis en els horaris sol\u00b7licitats on hi hagi places vacants.<br \/>\nPodran demanar canvi els alumnes&hellip;  <a href=\"https:\/\/agora-eoi.xtec.cat\/eoidelvendrell\/normativa\/canvi-dhorari\/\" title=\"Read Canvi d&#8217;horari\">Llegeix m\u00e9s\u00bb<\/a><\/p>\n","protected":false},"author":1,"featured_media":0,"parent":9614,"menu_order":6,"comment_status":"closed","ping_status":"closed","template":"page-templates\/side-menu.php","meta":{"_bbp_topic_count":0,"_bbp_reply_count":0,"_bbp_total_topic_count":0,"_bbp_total_reply_count":0,"_bbp_voice_count":0,"_bbp_anonymous_reply_count":0,"_bbp_topic_count_hidden":0,"_bbp_reply_count_hidden":0,"_bbp_forum_subforum_count":0,"footnotes":""},"class_list":["post-9629","page","type-page","status-publish","hentry"],"post_mailing_queue_ids":[],"_links":{"self":[{"href":"https:\/\/agora-eoi.xtec.cat\/eoidelvendrell\/wp-json\/wp\/v2\/pages\/9629","targetHints":{"allow":["GET"]}}],"collection":[{"href":"https:\/\/agora-eoi.xtec.cat\/eoidelvendrell\/wp-json\/wp\/v2\/pages"}],"about":[{"href":"https:\/\/agora-eoi.xtec.cat\/eoidelvendrell\/wp-json\/wp\/v2\/types\/page"}],"author":[{"embeddable":true,"href":"https:\/\/agora-eoi.xtec.cat\/eoidelvendrell\/wp-json\/wp\/v2\/users\/1"}],"replies":[{"embeddable":true,"href":"https:\/\/agora-eoi.xtec.cat\/eoidelvendrell\/wp-json\/wp\/v2\/comments?post=9629"}],"version-history":[{"count":5,"href":"https:\/\/agora-eoi.xtec.cat\/eoidelvendrell\/wp-json\/wp\/v2\/pages\/9629\/revisions"}],"predecessor-version":[{"id":13175,"href":"https:\/\/agora-eoi.xtec.cat\/eoidelvendrell\/wp-json\/wp\/v2\/pages\/9629\/revisions\/13175"}],"up":[{"embeddable":true,"href":"https:\/\/agora-eoi.xtec.cat\/eoidelvendrell\/wp-json\/wp\/v2\/pages\/9614"}],"wp:attachment":[{"href":"https:\/\/agora-eoi.xtec.cat\/eoidelvendrell\/wp-json\/wp\/v2\/media?parent=9629"}],"curies":[{"name":"wp","href":"https:\/\/api.w.org\/{rel}","templated":true}]}}