{"id":9580,"date":"2020-09-21T14:39:57","date_gmt":"2020-09-21T12:39:57","guid":{"rendered":"http:\/\/agora-eoi.xtec.cat\/eoidelvendrell\/?page_id=9580"},"modified":"2025-09-09T12:46:59","modified_gmt":"2025-09-09T10:46:59","slug":"devolucio-de-taxes-i-preus-publics-2020-21","status":"publish","type":"page","link":"https:\/\/agora-eoi.xtec.cat\/eoidelvendrell\/serveis\/devolucio-de-taxes-i-preus-publics-2020-21\/","title":{"rendered":"Devoluci\u00f3 de taxes i preus p\u00fablics 2025-26"},"content":{"rendered":"<p style=\"text-align: justify;\">L\u2019EOI <strong>no pot reintegrar<\/strong> l\u2019import de la matr\u00edcula per cap concepte.<\/p>\n<p>Els alumnes que desitgin <strong>sol\u00b7licitar la devoluci\u00f3<\/strong>, hauran d\u2019accedir a <a href=\"https:\/\/educacio.gencat.cat\/ca\/tramits\/tramits-temes\/devolucio-ingressos-indeguts\">tr\u00e0mits de devoluci\u00f3 d&#8217;ingressos indeguts<\/a> des d\u2019on podran omplir el formulari de sol\u00b7licitud, que arribar\u00e0 directament al Servei de Gesti\u00f3 Pressupost\u00e0ria per a la seva tramitaci\u00f3. El canal electr\u00f2nic \u00e9s la via preferent per presentar les sol\u00b7licituds. S&#8217;haur\u00e0 d&#8217;adjuntar obligat\u00f2riament la ren\u00fancia al curs.<\/p>\n<p>D\u2019altra banda, en el cas de les sol\u00b7licituds de devoluci\u00f3 motivades per la ren\u00fancia dintre del termini previst en les instruccions d\u2019inici de cada curs acad\u00e8mic, tant si arriben per via electr\u00f2nica com si arriben en paper, us informem que a partir d\u2019aquest moment seran desestimades aquelles sol\u00b7licituds que no vagin acompanyades del corresponent full de ren\u00fancia signat per l\u2019alumne i registrat (amb data i segell) per l\u2019EOI.<\/p>\n<p style=\"text-align: justify;\">Tamb\u00e9 s\u2019ha posat en marxa per part de les Oficines de Registre dels serveis centrals i dels serveis territorials del departament el servei de \u201ctramitaci\u00f3 atesa\u201d, mitjan\u00e7ant el qual les persones que volen fer la tramitaci\u00f3 en l\u00ednia, per\u00f2 no disposen dels mitjans o dels coneixements necessaris, s\u00f3n assistides pel personal del Registre per a poder dur a terme el tr\u00e0mit. Tanmateix, donat que en aquest tr\u00e0mit la via electr\u00f2nica no pot ser d\u2019\u00fas obligat, la modalitat presencial continua activa, mitjan\u00e7ant els formularis que es poden descarregar a la web del Departament o de l&#8217;EOI &#8220;<a href=\"https:\/\/drive.google.com\/file\/d\/1i3K4TY3eFBVx8Ti_Q-uRZ0PBqqVZcyEU\/view?usp=drive_link\">Sol\u00b7licitud de devoluci\u00f3 de taxa en la prestaci\u00f3 de serveis docents de les escoles oficials d&#8217;idiomes (EOI)<\/a>&#8220;. Els alumnes que vulguin utilitzar aquest formulari l\u2019hauran de presentar directament a la corresponent EOI, la qual l\u2019haur\u00e0 de registrar d\u2019entrada en el registre intern i posteriorment l\u2019haur\u00e0 de registrar en el tramitador gen\u00e8ric. Un cop registrada la sol\u00b7licitud al TG amb totes les seves dades, es passar\u00e0 a la primera fase de tramitaci\u00f3, que ser\u00e0 la mateixa que la de les sol\u00b7licituds en l\u00ednia.<\/p>\n<p style=\"text-align: justify;\">Nom\u00e9s es pot sol\u00b7licitar devoluci\u00f3 de taxes en els seg\u00fcents sup\u00f2sits i dins dels terminis establerts:<\/p>\n<p style=\"text-align: justify;\">1- Ren\u00fancia a la matr\u00edcula oficial, quan la ren\u00fancia i la sol\u00b7licitud de retorn de taxes es produeixin no m\u00e9s tard del<strong> 10 d&#8217;octubre del 2025.<\/strong><\/p>\n<p style=\"text-align: justify;\">Cal aportar justificaci\u00f3. Implica la ren\u00fancia a la matr\u00edcula a tots els efectes i l\u2019exclusi\u00f3 de la matr\u00edcula de l\u2019expedient acad\u00e8mic de l\u2019alumne. L&#8217;alumne perd el dret a assistir a classe i no se li reserva la pla\u00e7a pel curs seg\u00fcent. Si el curs seg\u00fcent vol tornar a matricular-se, haur\u00e0 de fer preinscripci\u00f3 i sorteig de places.<\/p>\n<p style=\"text-align: justify;\">2- Ren\u00fancia a la inscripci\u00f3 a les proves lliures dels certificats de nivell intermedi B1 i intermedi B2 o de nivell avan\u00e7at C1: sol\u00b7licitud abans de la publicaci\u00f3 de les llistes definitives de persones admeses.<\/p>\n<p style=\"text-align: justify;\">3- Pagaments duplicats o per import superior.<\/p>\n<p style=\"text-align: justify;\">4- No aplicaci\u00f3 d&#8217;exempcions a les quals l&#8217;alumne t\u00e9 dret en el moment de la matriculaci\u00f3, per l&#8217;import corresponent.<\/p>\n<p style=\"text-align: justify;\">5- No prestaci\u00f3 del servei per causes no imputables a l&#8217;alumne. <strong>NO<\/strong> es consideren sup\u00f2sits de for\u00e7a major els canvis en l&#8217;horari laboral, ni els canvis de domicili o similars.<\/p>\n<p style=\"text-align: justify;\">6- En cas de trasllat a una altra comunitat, l\u2019alumne pot sol\u00b7licitar el retorn de taxes o preus p\u00fablics abans del <strong>darrer dia h\u00e0bil de novembre.<\/strong><\/p>\n<div style=\"display: none;\"><\/div>\n<div style=\"display: none;\"><\/div>\n","protected":false},"excerpt":{"rendered":"<p>L\u2019EOI no pot reintegrar l\u2019import de la matr\u00edcula per cap concepte.<br \/>\nEls alumnes que desitgin sol\u00b7licitar la devoluci\u00f3, hauran d\u2019accedir a <a href=\"https:\/\/educacio.gencat.cat\/ca\/tramits\/tramits-temes\/devolucio-ingressos-indeguts\">tr\u00e0mits de devoluci\u00f3 d&#8217;ingressos indeguts<\/a> des d\u2019on podran omplir el formulari de sol\u00b7licitud, que arribar\u00e0 directament al Servei de Gesti\u00f3 Pressupost\u00e0ria per a la&hellip;  <a href=\"https:\/\/agora-eoi.xtec.cat\/eoidelvendrell\/serveis\/devolucio-de-taxes-i-preus-publics-2020-21\/\" title=\"Read Devoluci\u00f3 de taxes i preus p\u00fablics 2025-26\">Llegeix m\u00e9s\u00bb<\/a><\/p>\n","protected":false},"author":1,"featured_media":0,"parent":8411,"menu_order":17,"comment_status":"closed","ping_status":"closed","template":"page-templates\/side-menu.php","meta":{"_bbp_topic_count":0,"_bbp_reply_count":0,"_bbp_total_topic_count":0,"_bbp_total_reply_count":0,"_bbp_voice_count":0,"_bbp_anonymous_reply_count":0,"_bbp_topic_count_hidden":0,"_bbp_reply_count_hidden":0,"_bbp_forum_subforum_count":0,"footnotes":""},"class_list":["post-9580","page","type-page","status-publish","hentry"],"post_mailing_queue_ids":[],"_links":{"self":[{"href":"https:\/\/agora-eoi.xtec.cat\/eoidelvendrell\/wp-json\/wp\/v2\/pages\/9580","targetHints":{"allow":["GET"]}}],"collection":[{"href":"https:\/\/agora-eoi.xtec.cat\/eoidelvendrell\/wp-json\/wp\/v2\/pages"}],"about":[{"href":"https:\/\/agora-eoi.xtec.cat\/eoidelvendrell\/wp-json\/wp\/v2\/types\/page"}],"author":[{"embeddable":true,"href":"https:\/\/agora-eoi.xtec.cat\/eoidelvendrell\/wp-json\/wp\/v2\/users\/1"}],"replies":[{"embeddable":true,"href":"https:\/\/agora-eoi.xtec.cat\/eoidelvendrell\/wp-json\/wp\/v2\/comments?post=9580"}],"version-history":[{"count":6,"href":"https:\/\/agora-eoi.xtec.cat\/eoidelvendrell\/wp-json\/wp\/v2\/pages\/9580\/revisions"}],"predecessor-version":[{"id":13095,"href":"https:\/\/agora-eoi.xtec.cat\/eoidelvendrell\/wp-json\/wp\/v2\/pages\/9580\/revisions\/13095"}],"up":[{"embeddable":true,"href":"https:\/\/agora-eoi.xtec.cat\/eoidelvendrell\/wp-json\/wp\/v2\/pages\/8411"}],"wp:attachment":[{"href":"https:\/\/agora-eoi.xtec.cat\/eoidelvendrell\/wp-json\/wp\/v2\/media?parent=9580"}],"curies":[{"name":"wp","href":"https:\/\/api.w.org\/{rel}","templated":true}]}}