{"id":9175,"date":"2020-09-08T11:54:48","date_gmt":"2020-09-08T09:54:48","guid":{"rendered":"http:\/\/agora-eoi.xtec.cat\/eoidelvendrell\/?page_id=9175"},"modified":"2025-09-30T12:26:06","modified_gmt":"2025-09-30T10:26:06","slug":"documentacio-i-taxes","status":"publish","type":"page","link":"https:\/\/agora-eoi.xtec.cat\/eoidelvendrell\/secretaria\/matricula\/documentacio-i-taxes\/","title":{"rendered":"Documentaci\u00f3 i Taxes"},"content":{"rendered":"<h3>Taxes i Preus p\u00fablics per al curs 2025-2026<\/h3>\n<p>D&#8217;acord amb l&#8217;ORDRE EDU\/155\/2020, de 18 de setembre, per la qual se suprimeixen, es creen i s&#8217;actualitzen els preus p\u00fablics i els imports de determinats ensenyaments i serveis docents de les escoles oficials d&#8217;idiomes del Departament d&#8217;Educaci\u00f3 modificada per l&#8217;ORDRE EDU\/114\/2021, de 25 de maig, els preus p\u00fablics per a la matr\u00edcula per al <strong>Nivells B\u00e0sic (A1 i A2) i Nivells Avan\u00e7at C1 i C2<\/strong> s\u00f3n:<\/p>\n<ul class=\"ja-typo-list list-arrow\">\n<li>Matr\u00edcula ordin\u00e0ria per a alumnes oficials\u00a0<strong>275,00\u20ac<\/strong>.<\/li>\n<li>Matr\u00edcula per a alumnes oficials per segona vegada en el mateix curs i idioma\u00a0<strong>357,50\u20ac<\/strong><\/li>\n<li>Matr\u00edcula per a alumnes oficials per tercera vegada en el mateix curs i idioma\u00a0<strong>495,00\u20ac<\/strong><\/li>\n<\/ul>\n<p>Les persones que es matriculen a un curs de nivell d&#8217;actualitzaci\u00f3 i especialitzaci\u00f3 C1 o <strong>C2 en llengua catalana<\/strong> o en llengua occitana, tenen una bonificaci\u00f3 del 50% del preu p\u00fablic de la matr\u00edcula <strong>(137.50\u20ac)<\/strong><\/p>\n<p>Tenen dret a una <strong>bonificaci\u00f3 del 50% del preu p\u00fablic<\/strong> els alumnes membres de fam\u00edlies nombroses de categoria general i els membres de fam\u00edlies monoparentals.<\/p>\n<p><strong>Estan exempts<\/strong> d&#8217;aquesta taxa les fam\u00edlies nombroses de categoria especial, els becaris*; les persones subjectes a mesures privatives de llibertat; les v\u00edctimes d&#8217;actes terroristes i les persones que acreditin una discapacitat igual o superior al 33%; membres d&#8217;unitats familiars que percebin la renda m\u00ednima d&#8217;inserci\u00f3 o la renda activa d&#8217;inserci\u00f3 o la renda garantida de ciutadania i les persones v\u00edctimes de viol\u00e8ncia de g\u00e8nere. <a href=\"https:\/\/educacio.gencat.cat\/ca\/departament\/normativa\/taxes-preus-publics\/preu-public\/\">https:\/\/educacio.gencat.cat\/ca\/departament\/normativa\/taxes-preus-publics\/preu-public\/<\/a><\/p>\n<p>* Els becaris, si encara no tenen concedida la beca, han d&#8217;ingressar l&#8217;import del preu p\u00fablic i un cop se li notifiqui la concessi\u00f3 de la beca ho han d&#8217;acreditar davant de la direcci\u00f3 que els retornar\u00e0 el 50% de l&#8217;import del preu p\u00fablic pagat.<\/p>\n<p>D&#8217;acord amb l&#8217;ORDRE EDU\/90\/2023, de 21 d&#8217;abril, per la qual es dona publicitat de les taxes vigents que gestiona el Departament d&#8217;Educaci\u00f3 modificada per la Llei 2\/2023, les taxes per a alumnes oficials dels <strong>Nivells Intermedi B1 i Intermedi B2<\/strong> s\u00f3n:<\/p>\n<ul class=\"ja-typo-list list-arrow\">\n<li>Matr\u00edcula ordin\u00e0ria per a alumnes oficials\u00a0<strong>297,60\u20ac<\/strong>.<\/li>\n<li>Matr\u00edcula per a alumnes oficials per segona vegada en el mateix curs i idioma\u00a0<strong>386,88\u20ac<\/strong><\/li>\n<li>Matr\u00edcula per a alumnes oficials per tercera vegada en el mateix curs i idioma\u00a0<strong>535,68\u20ac<\/strong><\/li>\n<\/ul>\n<p>Tenen dret a una bonificaci\u00f3 del 50% de la taxa els alumnes membres de fam\u00edlies nombroses de categoria general i els membres de fam\u00edlies monoparentals. Estan exempts d&#8217;aquesta taxa les fam\u00edlies nombroses de categoria especial, els becaris; les persones subjectes a mesures privatives de llibertat; les v\u00edctimes d&#8217;actes terroristes i les persones que acreditin una discapacitat igual o superior al 33%. <a href=\"https:\/\/educacio.gencat.cat\/ca\/departament\/normativa\/taxes-preus-publics\/taxes\/\">https:\/\/educacio.gencat.cat\/ca\/departament\/normativa\/taxes-preus-publics\/taxes\/<\/a><\/p>\n<p><strong>L&#8217;ORDRE EDU\/114\/2021, de 25 de maig, per la qual es modifica l&#8217;ORDRE EDU\/155\/2020, de 18 de setembre, estableix que el preu\u00a0 pels serveis d&#8217;acc\u00e9s a la plataforma i materials did\u00e0ctics dels ensenyaments d&#8217;idiomes pels alumnes oficials \u00e9s de 30\u20ac.<\/strong><\/p>\n<ul class=\"ja-unordered-list\">\n<li>La formalitzaci\u00f3 de la matr\u00edcula implica l&#8217;acceptaci\u00f3 de la seva normativa.<\/li>\n<li>Els trasllats de matr\u00edcula viva dintre de Catalunya no donaran lloc al pagament de taxes, per\u00f2 els alumnes que arribin procedents d&#8217;una EOI d&#8217;una altra comunitat aut\u00f2noma hauran de pagar la totalitat de la taxa per serveis acad\u00e8mics. (Llei 20\/2001 de 28 de desembre de Taxes i preus p\u00fablics de la Generalitat de Catalunya)<\/li>\n<\/ul>\n<h3>Documentaci\u00f3 necess\u00e0ria per formalitzar la matr\u00edcula oficial<\/h3>\n<p>Un cop formalitzada la matr\u00edcula on line, cal que informeu del document acreditatiu d&#8217;exempci\u00f3 o bonificaci\u00f3 de taxes i\/o preus p\u00fablics. En el cas de pagament de taxa ordin\u00e0ria, no cal presentar cap document.<\/p>\n<div style=\"display: none;\"><\/div>\n","protected":false},"excerpt":{"rendered":"<p>Taxes i Preus p\u00fablics per al curs 2025-2026<br \/>\nD&#8217;acord amb l&#8217;ORDRE EDU\/155\/2020, de 18 de setembre, per la qual se suprimeixen, es creen i s&#8217;actualitzen els preus p\u00fablics i els imports de determinats ensenyaments i serveis docents de les escoles oficials d&#8217;idiomes del Departament d&#8217;Educaci\u00f3 modificada&hellip;  <a href=\"https:\/\/agora-eoi.xtec.cat\/eoidelvendrell\/secretaria\/matricula\/documentacio-i-taxes\/\" title=\"Read Documentaci\u00f3 i Taxes\">Llegeix m\u00e9s\u00bb<\/a><\/p>\n","protected":false},"author":1,"featured_media":0,"parent":8161,"menu_order":0,"comment_status":"closed","ping_status":"closed","template":"page-templates\/side-menu.php","meta":{"_bbp_topic_count":0,"_bbp_reply_count":0,"_bbp_total_topic_count":0,"_bbp_total_reply_count":0,"_bbp_voice_count":0,"_bbp_anonymous_reply_count":0,"_bbp_topic_count_hidden":0,"_bbp_reply_count_hidden":0,"_bbp_forum_subforum_count":0,"footnotes":""},"class_list":["post-9175","page","type-page","status-publish","hentry"],"post_mailing_queue_ids":[],"_links":{"self":[{"href":"https:\/\/agora-eoi.xtec.cat\/eoidelvendrell\/wp-json\/wp\/v2\/pages\/9175","targetHints":{"allow":["GET"]}}],"collection":[{"href":"https:\/\/agora-eoi.xtec.cat\/eoidelvendrell\/wp-json\/wp\/v2\/pages"}],"about":[{"href":"https:\/\/agora-eoi.xtec.cat\/eoidelvendrell\/wp-json\/wp\/v2\/types\/page"}],"author":[{"embeddable":true,"href":"https:\/\/agora-eoi.xtec.cat\/eoidelvendrell\/wp-json\/wp\/v2\/users\/1"}],"replies":[{"embeddable":true,"href":"https:\/\/agora-eoi.xtec.cat\/eoidelvendrell\/wp-json\/wp\/v2\/comments?post=9175"}],"version-history":[{"count":6,"href":"https:\/\/agora-eoi.xtec.cat\/eoidelvendrell\/wp-json\/wp\/v2\/pages\/9175\/revisions"}],"predecessor-version":[{"id":13150,"href":"https:\/\/agora-eoi.xtec.cat\/eoidelvendrell\/wp-json\/wp\/v2\/pages\/9175\/revisions\/13150"}],"up":[{"embeddable":true,"href":"https:\/\/agora-eoi.xtec.cat\/eoidelvendrell\/wp-json\/wp\/v2\/pages\/8161"}],"wp:attachment":[{"href":"https:\/\/agora-eoi.xtec.cat\/eoidelvendrell\/wp-json\/wp\/v2\/media?parent=9175"}],"curies":[{"name":"wp","href":"https:\/\/api.w.org\/{rel}","templated":true}]}}