{"id":9137,"date":"2020-09-08T11:04:37","date_gmt":"2020-09-08T09:04:37","guid":{"rendered":"http:\/\/agora-eoi.xtec.cat\/eoidelvendrell\/?page_id=9137"},"modified":"2025-09-01T13:26:54","modified_gmt":"2025-09-01T11:26:54","slug":"test-de-nivell","status":"publish","type":"page","link":"https:\/\/agora-eoi.xtec.cat\/eoidelvendrell\/secretaria\/matricula\/test-de-nivell\/","title":{"rendered":"Test de Nivell"},"content":{"rendered":"<p><strong>Test de nivell presencial de CATAL\u00c0: dimarts, 9\u00a0 de setembre de 2025, a les 17:00h.<\/strong><\/p>\n<p><b>El test en l\u00ednia D&#8217;ANGL\u00c8S I DE FRANC\u00c8S romandr\u00e0 obert des del dia 1 a les 12:00h al dia 10 de setembre de 2025 a les 17:00 hores.<\/b><\/p>\n<p>La prova consisteix en un test de preguntes d&#8217;opci\u00f3 m\u00faltiple repartides en tres blocs de preguntes. El primer bloc avalua l&#8217;\u00fas de la llengua, el segon i el tercer bloc avaluen l&#8217;\u00fas de la llengua i la comprensi\u00f3 oral. La dificultat de les preguntes augmenta progressivament. En acabar cada bloc sabr\u00e0s el curs al qual has estat assignat i, segons el resultat obtingut, se&#8217;t permetr\u00e0 continuar al bloc seg\u00fcent, si s&#8217;escau. Si se t&#8217;ofereix la possibilitat de continuar al bloc seg\u00fcent, pots rebutjar-ho i quedar-te amb l&#8217;assignaci\u00f3 obtinguda al bloc anterior, si aix\u00ed ho desitges.<\/p>\n<p>La durada del primer bloc \u00e9s de 45 minuts, la del segon bloc \u00e9s de 30 minuts i la del tercer \u00e9s de 35 minuts.<\/p>\n<p><strong style=\"font-family: inherit; font-size: 1em;\">EXEMPCIONS:<\/strong><\/p>\n<p>Pots accedir a A2, B1, B2.1 o B2.2, o al curs de nivell C1 d&#8217;escola oficial d&#8217;idiomes sense fer el test de nivell en cas de tenir alguna de les acreditacions seg\u00fcents (pots presentar-ne la documentaci\u00f3 acreditativa en el moment de fer la preinscripci\u00f3, i la pots presentar presencialment o b\u00e9 en l\u00ednia a l&#8217;aplicaci\u00f3 de preinscripci\u00f3):<\/p>\n<ul>\n<li><strong>Acc\u00e9s per curs d&#8217;estiu d&#8217;escola oficial d&#8217;idiomes<\/strong>. Si has cursat i aprovat un curs d&#8217;estiu d&#8217;un m\u00ednim de 60 hores el juliol anterior podr\u00e0s accedir al mateix curs per completar el nivell. En cas que hagis cursat i aprovat un curs d&#8217;estiu d&#8217;un m\u00ednim de 60 hores corresponent a la segona part d&#8217;un curs ordinari d&#8217;EOI, podr\u00e0s accedir al nivell seg\u00fcent.<\/li>\n<li><strong>Acc\u00e9s per certificaci\u00f3<\/strong>.\n<ul>\n<li>En cas de tenir una certificaci\u00f3 cal consultar les taules de certificats i diplomes que acrediten els coneixements d&#8217;una tercera llengua que consta a l&#8217;Annex 1 de la <a href=\"https:\/\/portaldogc.gencat.cat\/utilsEADOP\/PDF\/8429\/1856439.pdf\" target=\"_blank\" rel=\"noopener\">Resoluci\u00f3 EDU\/2684\/2024, de 17 de juliol<\/a>.\u00a0Si el certificat \u00e9s a la columna dels equivalents al nivell B1, es podr\u00e0 sol\u00b7licitar l&#8217;acc\u00e9s directe a B2.1. Si el certificat \u00e9s a la columna dels equivalents al nivell B2, es podr\u00e0 sol\u00b7licitar l&#8217;acc\u00e9s directe a C1.<\/li>\n<li>El certificat de nivell b\u00e0sic d&#8217;angl\u00e8s i el certificat de nivell b\u00e0sic de franc\u00e8s d&#8217;ensenyament d&#8217;adults eximeixen de realitzar la prova de nivell per accedir directament a B1 de l&#8217;idioma corresponent.<\/li>\n<\/ul>\n<\/li>\n<\/ul>\n<div class=\"table-responsive pd-15 pd-30 taula_0\">\u00a0<\/div>\n<div class=\"table-responsive pd-15 pd-30 taula_1\">\u00a0<\/div>\n<div style=\"display: none;\">\u00a0<\/div>\n\n\n<p><\/p>\n","protected":false},"excerpt":{"rendered":"<p>Test de nivell presencial de CATAL\u00c0: dimarts, 9\u00a0 de setembre de 2025, a les 17:00h.<br \/>\nEl test en l\u00ednia D&#8217;ANGL\u00c8S I DE FRANC\u00c8S romandr\u00e0 obert des del dia 1 a les 12:00h al dia 10 de setembre de 2025 a les 17:00 hores.<br \/>\nLa prova consisteix en&hellip;  <a href=\"https:\/\/agora-eoi.xtec.cat\/eoidelvendrell\/secretaria\/matricula\/test-de-nivell\/\" title=\"Read Test de Nivell\">Llegeix m\u00e9s\u00bb<\/a><\/p>\n","protected":false},"author":1,"featured_media":0,"parent":8161,"menu_order":0,"comment_status":"closed","ping_status":"closed","template":"page-templates\/side-menu.php","meta":{"_bbp_topic_count":0,"_bbp_reply_count":0,"_bbp_total_topic_count":0,"_bbp_total_reply_count":0,"_bbp_voice_count":0,"_bbp_anonymous_reply_count":0,"_bbp_topic_count_hidden":0,"_bbp_reply_count_hidden":0,"_bbp_forum_subforum_count":0,"footnotes":""},"class_list":["post-9137","page","type-page","status-publish","hentry"],"post_mailing_queue_ids":[],"_links":{"self":[{"href":"https:\/\/agora-eoi.xtec.cat\/eoidelvendrell\/wp-json\/wp\/v2\/pages\/9137","targetHints":{"allow":["GET"]}}],"collection":[{"href":"https:\/\/agora-eoi.xtec.cat\/eoidelvendrell\/wp-json\/wp\/v2\/pages"}],"about":[{"href":"https:\/\/agora-eoi.xtec.cat\/eoidelvendrell\/wp-json\/wp\/v2\/types\/page"}],"author":[{"embeddable":true,"href":"https:\/\/agora-eoi.xtec.cat\/eoidelvendrell\/wp-json\/wp\/v2\/users\/1"}],"replies":[{"embeddable":true,"href":"https:\/\/agora-eoi.xtec.cat\/eoidelvendrell\/wp-json\/wp\/v2\/comments?post=9137"}],"version-history":[{"count":6,"href":"https:\/\/agora-eoi.xtec.cat\/eoidelvendrell\/wp-json\/wp\/v2\/pages\/9137\/revisions"}],"predecessor-version":[{"id":13061,"href":"https:\/\/agora-eoi.xtec.cat\/eoidelvendrell\/wp-json\/wp\/v2\/pages\/9137\/revisions\/13061"}],"up":[{"embeddable":true,"href":"https:\/\/agora-eoi.xtec.cat\/eoidelvendrell\/wp-json\/wp\/v2\/pages\/8161"}],"wp:attachment":[{"href":"https:\/\/agora-eoi.xtec.cat\/eoidelvendrell\/wp-json\/wp\/v2\/media?parent=9137"}],"curies":[{"name":"wp","href":"https:\/\/api.w.org\/{rel}","templated":true}]}}