{"id":9130,"date":"2020-09-08T10:53:09","date_gmt":"2020-09-08T08:53:09","guid":{"rendered":"http:\/\/agora-eoi.xtec.cat\/eoidelvendrell\/?page_id=9130"},"modified":"2025-06-12T17:35:09","modified_gmt":"2025-06-12T15:35:09","slug":"calendari-i-aplicatiu-preinscripcio","status":"publish","type":"page","link":"https:\/\/agora-eoi.xtec.cat\/eoidelvendrell\/secretaria\/matricula\/calendari-i-aplicatiu-preinscripcio\/","title":{"rendered":"Calendari i acc\u00e9s a la Preinscripci\u00f3"},"content":{"rendered":"<p>Termini de preinscripci\u00f3 telem\u00e0tica <strong>de l&#8217;1 a les 12:00 hores al 8 de setembre de 2025 a les 15:00 hores<\/strong>.<\/p>\n<p>Enlla\u00e7 a l&#8217;aplicatiu:\u00a0<a href=\"https:\/\/www.eoidigital.com\/preinscripcio\/alumnes\/\">https:\/\/www.eoidigital.com\/preinscripcio\/alumnes\/<\/a><\/p>\n<p>En cas de dubtes o incid\u00e8ncies, contacteu la secretaria de l&#8217;escola de 9:30\u202fh a 13:30\u202fh o envieu un correu electr\u00f2nic a: <a href=\"mailto:eoidelvendrell@xtec.cat\">eoidelvendrell<span class=\"\">@xtec.cat<\/span><\/a><\/p>\n\n\n<p><\/p>\n","protected":false},"excerpt":{"rendered":"<p>Termini de preinscripci\u00f3 telem\u00e0tica de l&#8217;1 a les 12:00 hores al 8 de setembre de 2025 a les 15:00 hores.<br \/>\nEnlla\u00e7 a l&#8217;aplicatiu:\u00a0<a href=\"https:\/\/www.eoidigital.com\/preinscripcio\/alumnes\/\">https:\/\/www.eoidigital.com\/preinscripcio\/alumnes\/<\/a><br \/>\nEn cas de dubtes o incid\u00e8ncies, contacteu la secretaria de l&#8217;escola de 9:30\u202fh a 13:30\u202fh o envieu un correu electr\u00f2nic a: <a href=\"mailto:eoidelvendrell@xtec.cat\">eoidelvendrell@xtec.cat<\/a><\/p>\n","protected":false},"author":1,"featured_media":0,"parent":8161,"menu_order":8,"comment_status":"closed","ping_status":"closed","template":"page-templates\/side-menu.php","meta":{"_bbp_topic_count":0,"_bbp_reply_count":0,"_bbp_total_topic_count":0,"_bbp_total_reply_count":0,"_bbp_voice_count":0,"_bbp_anonymous_reply_count":0,"_bbp_topic_count_hidden":0,"_bbp_reply_count_hidden":0,"_bbp_forum_subforum_count":0,"footnotes":""},"class_list":["post-9130","page","type-page","status-publish","hentry"],"post_mailing_queue_ids":[],"_links":{"self":[{"href":"https:\/\/agora-eoi.xtec.cat\/eoidelvendrell\/wp-json\/wp\/v2\/pages\/9130","targetHints":{"allow":["GET"]}}],"collection":[{"href":"https:\/\/agora-eoi.xtec.cat\/eoidelvendrell\/wp-json\/wp\/v2\/pages"}],"about":[{"href":"https:\/\/agora-eoi.xtec.cat\/eoidelvendrell\/wp-json\/wp\/v2\/types\/page"}],"author":[{"embeddable":true,"href":"https:\/\/agora-eoi.xtec.cat\/eoidelvendrell\/wp-json\/wp\/v2\/users\/1"}],"replies":[{"embeddable":true,"href":"https:\/\/agora-eoi.xtec.cat\/eoidelvendrell\/wp-json\/wp\/v2\/comments?post=9130"}],"version-history":[{"count":6,"href":"https:\/\/agora-eoi.xtec.cat\/eoidelvendrell\/wp-json\/wp\/v2\/pages\/9130\/revisions"}],"predecessor-version":[{"id":12975,"href":"https:\/\/agora-eoi.xtec.cat\/eoidelvendrell\/wp-json\/wp\/v2\/pages\/9130\/revisions\/12975"}],"up":[{"embeddable":true,"href":"https:\/\/agora-eoi.xtec.cat\/eoidelvendrell\/wp-json\/wp\/v2\/pages\/8161"}],"wp:attachment":[{"href":"https:\/\/agora-eoi.xtec.cat\/eoidelvendrell\/wp-json\/wp\/v2\/media?parent=9130"}],"curies":[{"name":"wp","href":"https:\/\/api.w.org\/{rel}","templated":true}]}}