{"id":9126,"date":"2020-09-08T10:38:30","date_gmt":"2020-09-08T08:38:30","guid":{"rendered":"http:\/\/agora-eoi.xtec.cat\/eoidelvendrell\/?page_id=9126"},"modified":"2025-06-12T19:03:15","modified_gmt":"2025-06-12T17:03:15","slug":"instruccions-per-a-la-preinscripcio","status":"publish","type":"page","link":"https:\/\/agora-eoi.xtec.cat\/eoidelvendrell\/secretaria\/matricula\/instruccions-per-a-la-preinscripcio\/","title":{"rendered":"Instruccions per a la Preinscripci\u00f3"},"content":{"rendered":"<h3><strong>Acc\u00e9s a primer curs (A1)<\/strong><\/h3>\n<p>Quan accediu a l&#8217;aplicatiu de preinscripci\u00f3 en l\u00ednia, <strong>cliqueu curs A1.<\/strong><\/p>\n<h3><strong>Acc\u00e9s a un curs superior a primer curs (A1)<\/strong><\/h3>\n<p>Per accedir a A2, B1, B2.1, B2.2 o C1. Teniu dues opcions:<\/p>\n<p><strong>1)\u00a0<\/strong>Preinscripci\u00f3 directa al curs corresponent,<strong>\u00a0sense fer el test de nivell<\/strong>. Aquesta opci\u00f3 \u00e9s per a les persones que us trobeu en alguna de les circumst\u00e0ncies seg\u00fcents:<\/p>\n<ul class=\"ja-typo-list list-arrow\">\n<li><span class=\"icon\">\u00a0<\/span>Heu aprovat el curs anterior en una EOI.<\/li>\n<li><span class=\"icon\">\u00a0<\/span>Teniu el certificat de nivell b\u00e0sic o el certificat de nivell intermedi d\u2019EOI.<\/li>\n<li><span class=\"icon\">\u00a0<\/span>Teniu alguna de les acreditacions de les taules d\u2019exempcions https:\/\/dogc.gencat.cat\/ca\/document-del-dogc\/?documentId=890102<\/li>\n<li>Heu de presentar la documentaci\u00f3 acreditativa d&#8217;aquestes circumst\u00e0ncies de l&#8217;1 al 8 de setembre a les 17.00h, en l\u00ednia o a la secretaria del centre de 9.30h a 13.30h.<\/li>\n<\/ul>\n<p><strong>2)<\/strong>\u00a0Preinscripci\u00f3 al\u00a0<strong>test de nivell<\/strong>.<br \/>\nAquesta opci\u00f3 \u00e9s per a les persones que ja teniu coneixements de l&#8217;idioma al qual us voleu preinscriure, per\u00f2 no us trobeu en cap de les circumst\u00e0ncies anteriors o no disposeu de la documentaci\u00f3 que les pot acreditar.<\/p>\n<p class=\"ja-typo-box box-hilite-1\"><strong>Si no feu la inscripci\u00f3 al test de nivell ara, despr\u00e9s ja no el podreu fer.<\/strong><\/p>\n<p>Es recomana fer el test de nivell per garantir un diagn\u00f2stic m\u00e9s acurat.<\/p>\n<p>De l&#8217;1 al 8 de setembre \u00e9s imprescindible acreditar documentalment qualsevol d\u2019aquests sup\u00f2sits. <em>Si no disposeu de la documentaci\u00f3 pertinent i\/o no us heu inscrit al Test de Nivell, no podreu realitzar-lo; en cas que el vostre n\u00famero surti en el sorteig d&#8217;adjudicaci\u00f3 de places amb dret a matr\u00edcula tampoc no us podreu matricular<\/em>.<\/p>\n<div style=\"display: none;\"><\/div>\n<div style=\"display: none;\"><\/div>\n","protected":false},"excerpt":{"rendered":"<p>Acc\u00e9s a primer curs (A1)<br \/>\nQuan accediu a l&#8217;aplicatiu de preinscripci\u00f3 en l\u00ednia, cliqueu curs A1.<br \/>\nAcc\u00e9s a un curs superior a primer curs (A1)<br \/>\nPer accedir a A2, B1, B2.1, B2.2 o C1. Teniu dues opcions:<br \/>\n1)\u00a0Preinscripci\u00f3 directa al curs corresponent,\u00a0sense fer el test de nivell. Aquesta opci\u00f3&hellip;  <a href=\"https:\/\/agora-eoi.xtec.cat\/eoidelvendrell\/secretaria\/matricula\/instruccions-per-a-la-preinscripcio\/\" title=\"Read Instruccions per a la Preinscripci\u00f3\">Llegeix m\u00e9s\u00bb<\/a><\/p>\n","protected":false},"author":1,"featured_media":0,"parent":8161,"menu_order":7,"comment_status":"closed","ping_status":"closed","template":"page-templates\/side-menu.php","meta":{"_bbp_topic_count":0,"_bbp_reply_count":0,"_bbp_total_topic_count":0,"_bbp_total_reply_count":0,"_bbp_voice_count":0,"_bbp_anonymous_reply_count":0,"_bbp_topic_count_hidden":0,"_bbp_reply_count_hidden":0,"_bbp_forum_subforum_count":0,"footnotes":""},"class_list":["post-9126","page","type-page","status-publish","hentry"],"post_mailing_queue_ids":[],"_links":{"self":[{"href":"https:\/\/agora-eoi.xtec.cat\/eoidelvendrell\/wp-json\/wp\/v2\/pages\/9126","targetHints":{"allow":["GET"]}}],"collection":[{"href":"https:\/\/agora-eoi.xtec.cat\/eoidelvendrell\/wp-json\/wp\/v2\/pages"}],"about":[{"href":"https:\/\/agora-eoi.xtec.cat\/eoidelvendrell\/wp-json\/wp\/v2\/types\/page"}],"author":[{"embeddable":true,"href":"https:\/\/agora-eoi.xtec.cat\/eoidelvendrell\/wp-json\/wp\/v2\/users\/1"}],"replies":[{"embeddable":true,"href":"https:\/\/agora-eoi.xtec.cat\/eoidelvendrell\/wp-json\/wp\/v2\/comments?post=9126"}],"version-history":[{"count":6,"href":"https:\/\/agora-eoi.xtec.cat\/eoidelvendrell\/wp-json\/wp\/v2\/pages\/9126\/revisions"}],"predecessor-version":[{"id":12986,"href":"https:\/\/agora-eoi.xtec.cat\/eoidelvendrell\/wp-json\/wp\/v2\/pages\/9126\/revisions\/12986"}],"up":[{"embeddable":true,"href":"https:\/\/agora-eoi.xtec.cat\/eoidelvendrell\/wp-json\/wp\/v2\/pages\/8161"}],"wp:attachment":[{"href":"https:\/\/agora-eoi.xtec.cat\/eoidelvendrell\/wp-json\/wp\/v2\/media?parent=9126"}],"curies":[{"name":"wp","href":"https:\/\/api.w.org\/{rel}","templated":true}]}}