{"id":9124,"date":"2020-09-08T10:36:56","date_gmt":"2020-09-08T08:36:56","guid":{"rendered":"http:\/\/agora-eoi.xtec.cat\/eoidelvendrell\/?page_id=9124"},"modified":"2025-06-12T17:02:31","modified_gmt":"2025-06-12T15:02:31","slug":"qui-ha-de-fer-la-preinscripcio","status":"publish","type":"page","link":"https:\/\/agora-eoi.xtec.cat\/eoidelvendrell\/secretaria\/matricula\/qui-ha-de-fer-la-preinscripcio\/","title":{"rendered":"Qui ha de fer la preinscripci\u00f3?"},"content":{"rendered":"<div class=\"items-leading clearfix\">\n<div class=\"leading leading-0\">\n<p><strong>La preinscripci\u00f3 \u00e9s obligat\u00f2ria:<\/strong><\/p>\n<ul class=\"ja-typo-list list-arrow\">\n<li><span class=\"icon\">\u00a0<\/span>Per accedir per primera vegada a una EOI en modalitat presencial.<\/li>\n<li><span class=\"icon\">\u00a0<\/span>Per a alumnes del curs 2024-25 que volen canviar d&#8217;EOI en per\u00edode no lectiu i no s&#8217;han matriculat com a antics alumnes el mes de juliol.<\/li>\n<li><span class=\"icon\">\u00a0<\/span>Per als alumnes oficials de la llengua objecte de preinscripci\u00f3 en cursos anteriors.<\/li>\n<li><span class=\"icon\">\u00a0<\/span>Per als alumnes d&#8217;EOI que volen estudiar una llengua diferent de la que cursen o han cursat.<\/li>\n<\/ul>\n<p>Per a m\u00e9s informaci\u00f3, premeu l&#8217;enlla\u00e7 seg\u00fcent: <a href=\"https:\/\/preinscripcio.gencat.cat\/ca\/estudis\/idiomes-eoi\/inici\/\">https:\/\/preinscripcio.gencat.cat\/ca\/estudis\/idiomes-eoi\/inici\/<\/a><\/p>\n<\/div>\n<\/div>\n<div style=\"display: none;\"><\/div>\n","protected":false},"excerpt":{"rendered":"<p>La preinscripci\u00f3 \u00e9s obligat\u00f2ria:<\/p>\n<ul class=\"ja-typo-list list-arrow\">\n<li>\u00a0Per accedir per primera vegada a una EOI en modalitat presencial.<\/li>\n<li>\u00a0Per a alumnes del curs 2024-25 que volen canviar d&#8217;EOI en per\u00edode no lectiu i no s&#8217;han matriculat com a antics alumnes el mes de juliol.<\/li>\n<li>\u00a0Per als alumnes oficials de&hellip;  <a href=\"https:\/\/agora-eoi.xtec.cat\/eoidelvendrell\/secretaria\/matricula\/qui-ha-de-fer-la-preinscripcio\/\" title=\"Read Qui ha de fer la preinscripci\u00f3?\">Llegeix m\u00e9s\u00bb<\/a><br \/>\n","protected":false},"author":1,"featured_media":0,"parent":8161,"menu_order":6,"comment_status":"closed","ping_status":"closed","template":"page-templates\/side-menu.php","meta":{"_bbp_topic_count":0,"_bbp_reply_count":0,"_bbp_total_topic_count":0,"_bbp_total_reply_count":0,"_bbp_voice_count":0,"_bbp_anonymous_reply_count":0,"_bbp_topic_count_hidden":0,"_bbp_reply_count_hidden":0,"_bbp_forum_subforum_count":0,"footnotes":""},"class_list":["post-9124","page","type-page","status-publish","hentry"],"post_mailing_queue_ids":[],"_links":{"self":[{"href":"https:\/\/agora-eoi.xtec.cat\/eoidelvendrell\/wp-json\/wp\/v2\/pages\/9124","targetHints":{"allow":["GET"]}}],"collection":[{"href":"https:\/\/agora-eoi.xtec.cat\/eoidelvendrell\/wp-json\/wp\/v2\/pages"}],"about":[{"href":"https:\/\/agora-eoi.xtec.cat\/eoidelvendrell\/wp-json\/wp\/v2\/types\/page"}],"author":[{"embeddable":true,"href":"https:\/\/agora-eoi.xtec.cat\/eoidelvendrell\/wp-json\/wp\/v2\/users\/1"}],"replies":[{"embeddable":true,"href":"https:\/\/agora-eoi.xtec.cat\/eoidelvendrell\/wp-json\/wp\/v2\/comments?post=9124"}],"version-history":[{"count":5,"href":"https:\/\/agora-eoi.xtec.cat\/eoidelvendrell\/wp-json\/wp\/v2\/pages\/9124\/revisions"}],"predecessor-version":[{"id":12967,"href":"https:\/\/agora-eoi.xtec.cat\/eoidelvendrell\/wp-json\/wp\/v2\/pages\/9124\/revisions\/12967"}],"up":[{"embeddable":true,"href":"https:\/\/agora-eoi.xtec.cat\/eoidelvendrell\/wp-json\/wp\/v2\/pages\/8161"}],"wp:attachment":[{"href":"https:\/\/agora-eoi.xtec.cat\/eoidelvendrell\/wp-json\/wp\/v2\/media?parent=9124"}],"curies":[{"name":"wp","href":"https:\/\/api.w.org\/{rel}","templated":true}]}}