{"id":9071,"date":"2020-09-07T19:06:24","date_gmt":"2020-09-07T17:06:24","guid":{"rendered":"http:\/\/agora-eoi.xtec.cat\/eoidelvendrell\/?page_id=9071"},"modified":"2025-09-04T09:48:09","modified_gmt":"2025-09-04T07:48:09","slug":"professorat","status":"publish","type":"page","link":"https:\/\/agora-eoi.xtec.cat\/eoidelvendrell\/cursos\/angles\/professorat\/","title":{"rendered":"Professorat"},"content":{"rendered":"<p><img loading=\"lazy\" decoding=\"async\" class=\"wp-image-10917 aligncenter\" src=\"https:\/\/agora-eoi.xtec.cat\/eoidelvendrell\/wp-content\/uploads\/usu2263\/2022\/06\/351-3516802_teacher-female-and-male-png-clipart-png-download-300x247.png\" alt=\"\" width=\"191\" height=\"157\" srcset=\"https:\/\/agora-eoi.xtec.cat\/eoidelvendrell\/wp-content\/uploads\/usu2263\/2022\/06\/351-3516802_teacher-female-and-male-png-clipart-png-download-300x247.png 300w, https:\/\/agora-eoi.xtec.cat\/eoidelvendrell\/wp-content\/uploads\/usu2263\/2022\/06\/351-3516802_teacher-female-and-male-png-clipart-png-download-768x632.png 768w, https:\/\/agora-eoi.xtec.cat\/eoidelvendrell\/wp-content\/uploads\/usu2263\/2022\/06\/351-3516802_teacher-female-and-male-png-clipart-png-download.png 860w\" sizes=\"auto, (max-width: 191px) 100vw, 191px\" \/><\/p>\n<p style=\"font-weight: 400;\"><span style=\"color: #ff0000;\"><strong>Primer nivell (A1):<\/strong><\/span><\/p>\n<p><span style=\"color: #0000ff;\">Jos\u00e9 M. M\u00e1rquez\/Loli Rega<\/span><\/p>\n<p style=\"font-weight: 400;\"><span style=\"color: #ff0000;\"><strong>Segon nivell (A2):<\/strong><\/span><\/p>\n<p><span style=\"color: #0000ff;\">Loli Rega\/Aida Llopart<\/span><\/p>\n<p style=\"font-weight: 400;\"><span style=\"color: #ff0000;\"><strong>Tercer nivell (B1):<\/strong><\/span><\/p>\n<p><span style=\"color: #0000ff;\">Aida Llopart<\/span><\/p>\n<p style=\"font-weight: 400;\"><span style=\"color: #ff0000;\"><strong>Quart nivell (B2.1)<\/strong><\/span><\/p>\n<p><span style=\"color: #0000ff;\">Loli Rega\/Jes\u00fas Monlla\u00f3 Plana<\/span><\/p>\n<p style=\"font-weight: 400;\"><span style=\"color: #ff0000;\"><strong>Cinqu\u00e8 nivell (B2)<\/strong><\/span><\/p>\n<p style=\"font-weight: 400;\"><span style=\"color: #0000ff;\">\u00a0Jos\u00e9 Mar\u00eda M\u00e1rquez<\/span><\/p>\n<p style=\"font-weight: 400;\"><span style=\"color: #ff0000;\"><strong>Nivell C1<\/strong><\/span><\/p>\n<p style=\"font-weight: 400;\"><span style=\"color: #0000ff;\">Jes\u00fas Monlla\u00f3 Plana<\/span><\/p>\n<div style=\"display: none;\"><\/div>\n","protected":false},"excerpt":{"rendered":"<p>Primer nivell (A1):<br \/>\nJos\u00e9 M. M\u00e1rquez\/Loli Rega<br \/>\nSegon nivell (A2):<br \/>\nLoli Rega\/Aida Llopart<br \/>\nTercer nivell (B1):<br \/>\nAida Llopart<br \/>\nQuart nivell (B2.1)<br \/>\nLoli Rega\/Jes\u00fas Monlla\u00f3 Plana<br \/>\nCinqu\u00e8 nivell (B2)<br \/>\n\u00a0Jos\u00e9 Mar\u00eda M\u00e1rquez<br \/>\nNivell C1<br \/>\nJes\u00fas Monlla\u00f3 Plana<\/p>\n","protected":false},"author":1,"featured_media":0,"parent":8189,"menu_order":1,"comment_status":"closed","ping_status":"closed","template":"page-templates\/side-menu.php","meta":{"_bbp_topic_count":0,"_bbp_reply_count":0,"_bbp_total_topic_count":0,"_bbp_total_reply_count":0,"_bbp_voice_count":0,"_bbp_anonymous_reply_count":0,"_bbp_topic_count_hidden":0,"_bbp_reply_count_hidden":0,"_bbp_forum_subforum_count":0,"footnotes":""},"class_list":["post-9071","page","type-page","status-publish","hentry"],"post_mailing_queue_ids":[],"_links":{"self":[{"href":"https:\/\/agora-eoi.xtec.cat\/eoidelvendrell\/wp-json\/wp\/v2\/pages\/9071","targetHints":{"allow":["GET"]}}],"collection":[{"href":"https:\/\/agora-eoi.xtec.cat\/eoidelvendrell\/wp-json\/wp\/v2\/pages"}],"about":[{"href":"https:\/\/agora-eoi.xtec.cat\/eoidelvendrell\/wp-json\/wp\/v2\/types\/page"}],"author":[{"embeddable":true,"href":"https:\/\/agora-eoi.xtec.cat\/eoidelvendrell\/wp-json\/wp\/v2\/users\/1"}],"replies":[{"embeddable":true,"href":"https:\/\/agora-eoi.xtec.cat\/eoidelvendrell\/wp-json\/wp\/v2\/comments?post=9071"}],"version-history":[{"count":6,"href":"https:\/\/agora-eoi.xtec.cat\/eoidelvendrell\/wp-json\/wp\/v2\/pages\/9071\/revisions"}],"predecessor-version":[{"id":13075,"href":"https:\/\/agora-eoi.xtec.cat\/eoidelvendrell\/wp-json\/wp\/v2\/pages\/9071\/revisions\/13075"}],"up":[{"embeddable":true,"href":"https:\/\/agora-eoi.xtec.cat\/eoidelvendrell\/wp-json\/wp\/v2\/pages\/8189"}],"wp:attachment":[{"href":"https:\/\/agora-eoi.xtec.cat\/eoidelvendrell\/wp-json\/wp\/v2\/media?parent=9071"}],"curies":[{"name":"wp","href":"https:\/\/api.w.org\/{rel}","templated":true}]}}