{"id":8610,"date":"2016-06-20T11:15:09","date_gmt":"2016-06-20T10:15:09","guid":{"rendered":"http:\/\/agora-eoi.xtec.cat\/eoidelvendrell\/?page_id=8610"},"modified":"2024-06-26T10:25:11","modified_gmt":"2024-06-26T08:25:11","slug":"pla-destudis","status":"publish","type":"page","link":"https:\/\/agora-eoi.xtec.cat\/eoidelvendrell\/el-servei-educatiu\/pla-destudis\/","title":{"rendered":"Pla d&#8217;estudis"},"content":{"rendered":"<p>Les escoles oficials d&#8217;idiomes gestionen i administren les proves per a l&#8217;obtenci\u00f3 de dos certificats oficials:<\/p>\n<ul class=\"ja-typo-list list-check\">\n<li><span class=\"icon\">\u00a0<\/span>El certificat de <strong>nivell intermedi<\/strong>, en assolir els objectius de nivell intermedi B1 i B2.<\/li>\n<li><span class=\"icon\">\u00a0<\/span>El certificat de <strong>nivell avan\u00e7at<\/strong> C1 i C2, en assolir els objectius de nivell avan\u00e7at.<\/li>\n<\/ul>\n<p>A Catalunya, el Departament d&#8217;Educaci\u00f3 va unificar les proves per a l&#8217;obtenci\u00f3 d&#8217;aquests certificats l&#8217;any 1996. La unificaci\u00f3 en l&#8217;elaboraci\u00f3 de les proves i en els criteris d&#8217;administraci\u00f3 i correcci\u00f3 asseguren la qualitat, la validesa i la fiabilitat de les proves. Les proves s\u00f3n administrades i corregides per equips de professors especialistes que observen estrictament les pautes establertes.<\/p>\n<p>Les proves de certificat de nivell intermedi i de certificat de nivell avan\u00e7at per a Alemany, Angl\u00e8s, \u00c0rab, Catal\u00e0 per a no catalanoparlants (nom\u00e9s per a alumnes oficials), Espanyol per a estrangers, Franc\u00e8s, Itali\u00e0 i Rus, les elabora el Departament d&#8217;Educaci\u00f3 i s&#8217;administren a totes les escoles oficials d&#8217;idiomes de Catalunya en una \u00fanica convocat\u00f2ria tant a alumnes oficials, presencials i a dist\u00e0ncia, com a alumnes lliures.<\/p>\n<p><strong>Descripci\u00f3<\/strong><\/p>\n<p>L&#8217;objectiu de les proves per a l&#8217;obtenci\u00f3 dels certificats de nivell intermedi i de nivell avan\u00e7at \u00e9s acreditar la capacitat d&#8217;\u00fas de l&#8217;idioma com a vehicle de comunicaci\u00f3 general a nivell intermedi i a nivell avan\u00e7at. Per assolir aquesta finalitat, a les EOI es treballa per tal que l&#8217;alumnat:<\/p>\n<ul class=\"ja-typo-list list-check\">\n<li><span class=\"icon\">\u00a0<\/span>Adquireixi les habilitats b\u00e0siques receptives i productives, tant del llenguatge oral com de l&#8217;escrit.<\/li>\n<li><span class=\"icon\">\u00a0<\/span>Desenvolupi estrat\u00e8gies en diferents \u00e0rees de comunicaci\u00f3.<\/li>\n<li><span class=\"icon\">\u00a0<\/span>Desenvolupi estrat\u00e8gies per a l&#8217;aprenentatge aut\u00f2nom i continu de lleng\u00fces, que puguin facilitar l&#8217;\u00fas de l&#8217;idioma en l&#8217;exercici d&#8217;activitats professionals i en altres \u00e0mbits de la cultura o d&#8217;inter\u00e8s personal.<\/li>\n<li><span class=\"icon\">\u00a0<\/span>Desenvolupi actituds positives envers la diversitat ling\u00fc\u00edstica i el pluralisme cultural.<\/li>\n<\/ul>\n<p>Les proves de certificaci\u00f3 consten de cinc parts, que garanteixen una avaluaci\u00f3 completa dels diferents aspectes de la compet\u00e8ncia comunicativa de cada candidat o candidata:<\/p>\n<ul class=\"ja-typo-list list-check\">\n<li><span class=\"icon\">\u00a0<\/span>Comprensi\u00f3 oral.<\/li>\n<li><span class=\"icon\">\u00a0<\/span>Comprensi\u00f3 escrita.<\/li>\n<li><span class=\"icon\">\u00a0<\/span>Mediaci\u00f3.<\/li>\n<li><span class=\"icon\">\u00a0<\/span>Expressi\u00f3 i interacci\u00f3 escrita.<\/li>\n<li><span class=\"icon\">\u00a0<\/span>Expressi\u00f3 i interacci\u00f3 oral.<\/li>\n<\/ul>\n<p>Les proves tenen com a referent principal el curr\u00edculum de les EOI (Decret 4\/2009, de 13 de gener (DOGC n\u00fam. 5297, de 15.1.2009) i el Decret 45\/2022, de 15 de mar\u00e7, pel qual s\u2019estableix l\u2019ordenaci\u00f3 dels ensenyaments d\u2019idiomes de r\u00e8gim especial i el curr\u00edculum del nivell intermedi de diversos idiomes i s&#8217;elaboren a partir de documents escrits i orals aut\u00e8ntics, extrets de revistes, premsa, televisi\u00f3, cinema, etc. Podeu consultar mostres de les proves <a href=\"https:\/\/educacio.gencat.cat\/ca\/serveis-tramits\/proves\/proves-lliures-obtencio-titols\/convocat-ordinaria-idiomes\/mostres-proves\/angles\/\">en aquesta p\u00e0gina web<\/a>.<\/p>\n<p>Els resultats de les proves de certificat de nivell intermedi i certificat de nivell avan\u00e7at es publiquen a finals de juny. Les eventuals reclamacions es dirigiran per escrit a la Direcci\u00f3 del Centre i s&#8217;han de presentar dins el termini establert a partir de la publicaci\u00f3 de les qualificacions.<\/p>\n<p>El certificat de nivell intermedi B1 ser\u00e0 expedit per l&#8217;Escola Oficial d&#8217;Idiomes on el\/la candidat\/a hagi formalitzat la matr\u00edcula i hagi fet la prova. El certificat de nivell intermedi B2 i avan\u00e7at C1 ser\u00e0 expedit pel Departament d&#8217;Educaci\u00f3, pr\u00e8via sol\u00b7licitud i abonament de les taxes corresponents a l&#8217;escola on el\/la candidat\/a hagi formalitzat la matr\u00edcula i hagi fet la prova.<\/p>\n<p>&nbsp;<\/p>\n<div style=\"display: none;\"><\/div>\n","protected":false},"excerpt":{"rendered":"<p>Les escoles oficials d&#8217;idiomes gestionen i administren les proves per a l&#8217;obtenci\u00f3 de dos certificats oficials:<\/p>\n<ul class=\"ja-typo-list list-check\">\n<li>\u00a0El certificat de nivell intermedi, en assolir els objectius de nivell intermedi B1 i B2.<\/li>\n<li>\u00a0El certificat de nivell avan\u00e7at C1 i C2, en assolir els objectius de nivell&hellip;  <a href=\"https:\/\/agora-eoi.xtec.cat\/eoidelvendrell\/el-servei-educatiu\/pla-destudis\/\" title=\"Read Pla d&#8217;estudis\">Llegeix m\u00e9s\u00bb<\/a><br \/>\n","protected":false},"author":1,"featured_media":0,"parent":806,"menu_order":40,"comment_status":"closed","ping_status":"closed","template":"page-templates\/side-menu.php","meta":{"_bbp_topic_count":0,"_bbp_reply_count":0,"_bbp_total_topic_count":0,"_bbp_total_reply_count":0,"_bbp_voice_count":0,"_bbp_anonymous_reply_count":0,"_bbp_topic_count_hidden":0,"_bbp_reply_count_hidden":0,"_bbp_forum_subforum_count":0,"footnotes":""},"class_list":["post-8610","page","type-page","status-publish","hentry"],"post_mailing_queue_ids":[],"_links":{"self":[{"href":"https:\/\/agora-eoi.xtec.cat\/eoidelvendrell\/wp-json\/wp\/v2\/pages\/8610","targetHints":{"allow":["GET"]}}],"collection":[{"href":"https:\/\/agora-eoi.xtec.cat\/eoidelvendrell\/wp-json\/wp\/v2\/pages"}],"about":[{"href":"https:\/\/agora-eoi.xtec.cat\/eoidelvendrell\/wp-json\/wp\/v2\/types\/page"}],"author":[{"embeddable":true,"href":"https:\/\/agora-eoi.xtec.cat\/eoidelvendrell\/wp-json\/wp\/v2\/users\/1"}],"replies":[{"embeddable":true,"href":"https:\/\/agora-eoi.xtec.cat\/eoidelvendrell\/wp-json\/wp\/v2\/comments?post=8610"}],"version-history":[{"count":4,"href":"https:\/\/agora-eoi.xtec.cat\/eoidelvendrell\/wp-json\/wp\/v2\/pages\/8610\/revisions"}],"predecessor-version":[{"id":12199,"href":"https:\/\/agora-eoi.xtec.cat\/eoidelvendrell\/wp-json\/wp\/v2\/pages\/8610\/revisions\/12199"}],"up":[{"embeddable":true,"href":"https:\/\/agora-eoi.xtec.cat\/eoidelvendrell\/wp-json\/wp\/v2\/pages\/806"}],"wp:attachment":[{"href":"https:\/\/agora-eoi.xtec.cat\/eoidelvendrell\/wp-json\/wp\/v2\/media?parent=8610"}],"curies":[{"name":"wp","href":"https:\/\/api.w.org\/{rel}","templated":true}]}}