{"id":8492,"date":"2016-06-16T13:07:50","date_gmt":"2016-06-16T12:07:50","guid":{"rendered":"http:\/\/agora-eoi.xtec.cat\/eoidelvendrell\/?page_id=8492"},"modified":"2024-10-29T15:48:59","modified_gmt":"2024-10-29T14:48:59","slug":"equivalencies","status":"publish","type":"page","link":"https:\/\/agora-eoi.xtec.cat\/eoidelvendrell\/cursos\/angles\/equivalencies\/","title":{"rendered":"Equival\u00e8ncies t\u00edtols angl\u00e8s"},"content":{"rendered":"<p>Podeu consultar les taules d&#8217;equival\u00e8ncies prement a sobre el t\u00edtol:<a href=\"https:\/\/xtec.gencat.cat\/web\/.content\/curriculum\/idiomes\/certificats\/documents\/equivalencies-angles.pdf\"><img loading=\"lazy\" decoding=\"async\" class=\" wp-image-8687 aligncenter\" src=\"http:\/\/agora-eoi.xtec.cat\/eoidelvendrell\/wp-content\/uploads\/usu2263\/2016\/06\/Diploma-1-96.png\" alt=\"Diploma 1-96\" width=\"254\" height=\"254\" \/><\/a><\/p>\n<div style=\"display: none;\"><\/div>\n<div style=\"display: none;\"><\/div>\n","protected":false},"excerpt":{"rendered":"<p>Podeu consultar les taules d&#8217;equival\u00e8ncies prement a sobre el t\u00edtol:<a href=\"https:\/\/xtec.gencat.cat\/web\/.content\/curriculum\/idiomes\/certificats\/documents\/equivalencies-angles.pdf\"><\/a><\/p>\n","protected":false},"author":1,"featured_media":0,"parent":8189,"menu_order":100,"comment_status":"closed","ping_status":"closed","template":"page-templates\/side-menu.php","meta":{"_bbp_topic_count":0,"_bbp_reply_count":0,"_bbp_total_topic_count":0,"_bbp_total_reply_count":0,"_bbp_voice_count":0,"_bbp_anonymous_reply_count":0,"_bbp_topic_count_hidden":0,"_bbp_reply_count_hidden":0,"_bbp_forum_subforum_count":0,"footnotes":""},"class_list":["post-8492","page","type-page","status-publish","hentry"],"post_mailing_queue_ids":[],"_links":{"self":[{"href":"https:\/\/agora-eoi.xtec.cat\/eoidelvendrell\/wp-json\/wp\/v2\/pages\/8492","targetHints":{"allow":["GET"]}}],"collection":[{"href":"https:\/\/agora-eoi.xtec.cat\/eoidelvendrell\/wp-json\/wp\/v2\/pages"}],"about":[{"href":"https:\/\/agora-eoi.xtec.cat\/eoidelvendrell\/wp-json\/wp\/v2\/types\/page"}],"author":[{"embeddable":true,"href":"https:\/\/agora-eoi.xtec.cat\/eoidelvendrell\/wp-json\/wp\/v2\/users\/1"}],"replies":[{"embeddable":true,"href":"https:\/\/agora-eoi.xtec.cat\/eoidelvendrell\/wp-json\/wp\/v2\/comments?post=8492"}],"version-history":[{"count":5,"href":"https:\/\/agora-eoi.xtec.cat\/eoidelvendrell\/wp-json\/wp\/v2\/pages\/8492\/revisions"}],"predecessor-version":[{"id":12650,"href":"https:\/\/agora-eoi.xtec.cat\/eoidelvendrell\/wp-json\/wp\/v2\/pages\/8492\/revisions\/12650"}],"up":[{"embeddable":true,"href":"https:\/\/agora-eoi.xtec.cat\/eoidelvendrell\/wp-json\/wp\/v2\/pages\/8189"}],"wp:attachment":[{"href":"https:\/\/agora-eoi.xtec.cat\/eoidelvendrell\/wp-json\/wp\/v2\/media?parent=8492"}],"curies":[{"name":"wp","href":"https:\/\/api.w.org\/{rel}","templated":true}]}}