{"id":8432,"date":"2016-06-14T15:36:36","date_gmt":"2016-06-14T14:36:36","guid":{"rendered":"http:\/\/agora-eoi.xtec.cat\/eoidelvendrell\/?page_id=8432"},"modified":"2025-09-05T10:23:37","modified_gmt":"2025-09-05T08:23:37","slug":"activitats-culturals","status":"publish","type":"page","link":"https:\/\/agora-eoi.xtec.cat\/eoidelvendrell\/serveis\/activitats-culturals\/","title":{"rendered":"Activitats culturals"},"content":{"rendered":"<p><a href=\"http:\/\/agora-eoi.xtec.cat\/eoidelvendrell\/wp-content\/uploads\/usu2263\/2016\/06\/Comedy-96.png\" rel=\"attachment wp-att-8691\"><img loading=\"lazy\" decoding=\"async\" class=\"wp-image-8691 alignleft\" src=\"http:\/\/agora-eoi.xtec.cat\/eoidelvendrell\/wp-content\/uploads\/usu2263\/2016\/06\/Comedy-96.png\" alt=\"Comedy-96\" width=\"106\" height=\"106\" \/><\/a><\/p>\n<p>Els departaments de Franc\u00e8s, Angl\u00e8s i Catal\u00e0 de l\u2019Escola organitzaran durant el curs diferents activitats de car\u00e0cter cultural, dirigits normalment a nivells espec\u00edfics. Les activitats s\u2019anunciaran a classe, a la plataforma Moodle i se&#8217;n far\u00e0 ress\u00f2 a la portada de la p\u00e0gina web.<\/p>\n<div style=\"display: none;\">\u00a0<\/div>\n\n\n<p><\/p>\n","protected":false},"excerpt":{"rendered":"<p><a href=\"http:\/\/agora-eoi.xtec.cat\/eoidelvendrell\/wp-content\/uploads\/usu2263\/2016\/06\/Comedy-96.png\" rel=\"attachment wp-att-8691\"><\/a><br \/>\nEls departaments de Franc\u00e8s, Angl\u00e8s i Catal\u00e0 de l\u2019Escola organitzaran durant el curs diferents activitats de car\u00e0cter cultural, dirigits normalment a nivells espec\u00edfics. Les activitats s\u2019anunciaran a classe, a la plataforma Moodle i se&#8217;n far\u00e0 ress\u00f2 a la portada de la p\u00e0gina&hellip;  <a href=\"https:\/\/agora-eoi.xtec.cat\/eoidelvendrell\/serveis\/activitats-culturals\/\" title=\"Read Activitats culturals\">Llegeix m\u00e9s\u00bb<\/a><\/p>\n","protected":false},"author":1,"featured_media":0,"parent":8411,"menu_order":40,"comment_status":"closed","ping_status":"closed","template":"page-templates\/side-menu.php","meta":{"_bbp_topic_count":0,"_bbp_reply_count":0,"_bbp_total_topic_count":0,"_bbp_total_reply_count":0,"_bbp_voice_count":0,"_bbp_anonymous_reply_count":0,"_bbp_topic_count_hidden":0,"_bbp_reply_count_hidden":0,"_bbp_forum_subforum_count":0,"footnotes":""},"class_list":["post-8432","page","type-page","status-publish","hentry"],"post_mailing_queue_ids":[],"_links":{"self":[{"href":"https:\/\/agora-eoi.xtec.cat\/eoidelvendrell\/wp-json\/wp\/v2\/pages\/8432","targetHints":{"allow":["GET"]}}],"collection":[{"href":"https:\/\/agora-eoi.xtec.cat\/eoidelvendrell\/wp-json\/wp\/v2\/pages"}],"about":[{"href":"https:\/\/agora-eoi.xtec.cat\/eoidelvendrell\/wp-json\/wp\/v2\/types\/page"}],"author":[{"embeddable":true,"href":"https:\/\/agora-eoi.xtec.cat\/eoidelvendrell\/wp-json\/wp\/v2\/users\/1"}],"replies":[{"embeddable":true,"href":"https:\/\/agora-eoi.xtec.cat\/eoidelvendrell\/wp-json\/wp\/v2\/comments?post=8432"}],"version-history":[{"count":6,"href":"https:\/\/agora-eoi.xtec.cat\/eoidelvendrell\/wp-json\/wp\/v2\/pages\/8432\/revisions"}],"predecessor-version":[{"id":13087,"href":"https:\/\/agora-eoi.xtec.cat\/eoidelvendrell\/wp-json\/wp\/v2\/pages\/8432\/revisions\/13087"}],"up":[{"embeddable":true,"href":"https:\/\/agora-eoi.xtec.cat\/eoidelvendrell\/wp-json\/wp\/v2\/pages\/8411"}],"wp:attachment":[{"href":"https:\/\/agora-eoi.xtec.cat\/eoidelvendrell\/wp-json\/wp\/v2\/media?parent=8432"}],"curies":[{"name":"wp","href":"https:\/\/api.w.org\/{rel}","templated":true}]}}