{"id":8427,"date":"2016-06-14T15:20:45","date_gmt":"2016-06-14T14:20:45","guid":{"rendered":"http:\/\/agora-eoi.xtec.cat\/eoidelvendrell\/?page_id=8427"},"modified":"2022-07-11T11:00:57","modified_gmt":"2022-07-11T09:00:57","slug":"grups-de-conversa","status":"publish","type":"page","link":"https:\/\/agora-eoi.xtec.cat\/eoidelvendrell\/serveis\/grups-de-conversa\/","title":{"rendered":"Classes de conversa Gratu\u00eftes"},"content":{"rendered":"<p><a href=\"http:\/\/agora-eoi.xtec.cat\/eoidelvendrell\/wp-content\/uploads\/usu2263\/2016\/06\/Collaboration-96.png\" rel=\"attachment wp-att-8677\"><img loading=\"lazy\" decoding=\"async\" class=\"size-full wp-image-8677 alignleft\" src=\"http:\/\/agora-eoi.xtec.cat\/eoidelvendrell\/wp-content\/uploads\/usu2263\/2016\/06\/Collaboration-96.png\" alt=\"Collaboration-96\" width=\"96\" height=\"96\" \/><\/a><\/p>\n<p>&nbsp;<\/p>\n<p>Els departaments d&#8217;angl\u00e8s i franc\u00e8s organitzen durant l&#8217;any acad\u00e8mic sessions de conversa per nivells, per tal de refor\u00e7ar la comprensi\u00f3 i l&#8217;expressi\u00f3 oral dels idiomes que s&#8217;imparteixen. Aquestes sessions s\u00f3n gratu\u00eftes, incloses en el preu p\u00fablic de 30 \u20ac per a l&#8217;\u00fas de plataformes i materials did\u00e0ctics.<\/p>\n<p>&nbsp;<\/p>\n<p>&nbsp;<\/p>\n","protected":false},"excerpt":{"rendered":"<p><a href=\"http:\/\/agora-eoi.xtec.cat\/eoidelvendrell\/wp-content\/uploads\/usu2263\/2016\/06\/Collaboration-96.png\" rel=\"attachment wp-att-8677\"><\/a><br \/>\n&nbsp;<br \/>\nEls departaments d&#8217;angl\u00e8s i franc\u00e8s organitzen durant l&#8217;any acad\u00e8mic sessions de conversa per nivells, per tal de refor\u00e7ar la comprensi\u00f3 i l&#8217;expressi\u00f3 oral dels idiomes que s&#8217;imparteixen. Aquestes sessions s\u00f3n gratu\u00eftes, incloses en el preu p\u00fablic de 30 \u20ac per a l&#8217;\u00fas&hellip;  <a href=\"https:\/\/agora-eoi.xtec.cat\/eoidelvendrell\/serveis\/grups-de-conversa\/\" title=\"Read Classes de conversa Gratu\u00eftes\">Llegeix m\u00e9s\u00bb<\/a><\/p>\n","protected":false},"author":1,"featured_media":0,"parent":8411,"menu_order":30,"comment_status":"closed","ping_status":"closed","template":"page-templates\/side-menu.php","meta":{"_bbp_topic_count":0,"_bbp_reply_count":0,"_bbp_total_topic_count":0,"_bbp_total_reply_count":0,"_bbp_voice_count":0,"_bbp_anonymous_reply_count":0,"_bbp_topic_count_hidden":0,"_bbp_reply_count_hidden":0,"_bbp_forum_subforum_count":0,"footnotes":""},"class_list":["post-8427","page","type-page","status-publish","hentry"],"post_mailing_queue_ids":[],"_links":{"self":[{"href":"https:\/\/agora-eoi.xtec.cat\/eoidelvendrell\/wp-json\/wp\/v2\/pages\/8427","targetHints":{"allow":["GET"]}}],"collection":[{"href":"https:\/\/agora-eoi.xtec.cat\/eoidelvendrell\/wp-json\/wp\/v2\/pages"}],"about":[{"href":"https:\/\/agora-eoi.xtec.cat\/eoidelvendrell\/wp-json\/wp\/v2\/types\/page"}],"author":[{"embeddable":true,"href":"https:\/\/agora-eoi.xtec.cat\/eoidelvendrell\/wp-json\/wp\/v2\/users\/1"}],"replies":[{"embeddable":true,"href":"https:\/\/agora-eoi.xtec.cat\/eoidelvendrell\/wp-json\/wp\/v2\/comments?post=8427"}],"version-history":[{"count":3,"href":"https:\/\/agora-eoi.xtec.cat\/eoidelvendrell\/wp-json\/wp\/v2\/pages\/8427\/revisions"}],"predecessor-version":[{"id":10995,"href":"https:\/\/agora-eoi.xtec.cat\/eoidelvendrell\/wp-json\/wp\/v2\/pages\/8427\/revisions\/10995"}],"up":[{"embeddable":true,"href":"https:\/\/agora-eoi.xtec.cat\/eoidelvendrell\/wp-json\/wp\/v2\/pages\/8411"}],"wp:attachment":[{"href":"https:\/\/agora-eoi.xtec.cat\/eoidelvendrell\/wp-json\/wp\/v2\/media?parent=8427"}],"curies":[{"name":"wp","href":"https:\/\/api.w.org\/{rel}","templated":true}]}}