{"id":8414,"date":"2016-06-14T14:55:48","date_gmt":"2016-06-14T13:55:48","guid":{"rendered":"http:\/\/agora-eoi.xtec.cat\/eoidelvendrell\/?page_id=8414"},"modified":"2025-09-09T12:43:30","modified_gmt":"2025-09-09T10:43:30","slug":"biblioteca","status":"publish","type":"page","link":"https:\/\/agora-eoi.xtec.cat\/eoidelvendrell\/serveis\/biblioteca\/","title":{"rendered":"Servei de Pr\u00e9stec"},"content":{"rendered":"<p><a href=\"https:\/\/agora-eoi.xtec.cat\/eoidelvendrell\/wp-content\/uploads\/usu2263\/2019\/12\/IMG_20191203_103049_1.jpg\"><img loading=\"lazy\" decoding=\"async\" class=\"alignnone wp-image-8944\" src=\"https:\/\/agora-eoi.xtec.cat\/eoidelvendrell\/wp-content\/uploads\/usu2263\/2019\/12\/IMG_20191203_103049_1-1024x768.jpg\" alt=\"\" width=\"172\" height=\"129\" srcset=\"https:\/\/agora-eoi.xtec.cat\/eoidelvendrell\/wp-content\/uploads\/usu2263\/2019\/12\/IMG_20191203_103049_1-1024x768.jpg 1024w, https:\/\/agora-eoi.xtec.cat\/eoidelvendrell\/wp-content\/uploads\/usu2263\/2019\/12\/IMG_20191203_103049_1-300x225.jpg 300w, https:\/\/agora-eoi.xtec.cat\/eoidelvendrell\/wp-content\/uploads\/usu2263\/2019\/12\/IMG_20191203_103049_1-768x576.jpg 768w, https:\/\/agora-eoi.xtec.cat\/eoidelvendrell\/wp-content\/uploads\/usu2263\/2019\/12\/IMG_20191203_103049_1-200x150.jpg 200w, https:\/\/agora-eoi.xtec.cat\/eoidelvendrell\/wp-content\/uploads\/usu2263\/2019\/12\/IMG_20191203_103049_1.jpg 1600w\" sizes=\"auto, (max-width: 172px) 100vw, 172px\" \/><\/a> <a href=\"https:\/\/agora-eoi.xtec.cat\/eoidelvendrell\/wp-content\/uploads\/usu2263\/2019\/12\/IMG_20191203_102826.jpg\"><img loading=\"lazy\" decoding=\"async\" class=\"alignnone wp-image-8943\" src=\"https:\/\/agora-eoi.xtec.cat\/eoidelvendrell\/wp-content\/uploads\/usu2263\/2019\/12\/IMG_20191203_102826-1024x768.jpg\" alt=\"\" width=\"173\" height=\"130\" srcset=\"https:\/\/agora-eoi.xtec.cat\/eoidelvendrell\/wp-content\/uploads\/usu2263\/2019\/12\/IMG_20191203_102826-1024x768.jpg 1024w, https:\/\/agora-eoi.xtec.cat\/eoidelvendrell\/wp-content\/uploads\/usu2263\/2019\/12\/IMG_20191203_102826-300x225.jpg 300w, https:\/\/agora-eoi.xtec.cat\/eoidelvendrell\/wp-content\/uploads\/usu2263\/2019\/12\/IMG_20191203_102826-768x576.jpg 768w, https:\/\/agora-eoi.xtec.cat\/eoidelvendrell\/wp-content\/uploads\/usu2263\/2019\/12\/IMG_20191203_102826-200x150.jpg 200w, https:\/\/agora-eoi.xtec.cat\/eoidelvendrell\/wp-content\/uploads\/usu2263\/2019\/12\/IMG_20191203_102826.jpg 1600w\" sizes=\"auto, (max-width: 173px) 100vw, 173px\" \/><\/a> <a href=\"https:\/\/agora-eoi.xtec.cat\/eoidelvendrell\/wp-content\/uploads\/usu2263\/2019\/12\/IMG_20191203_102730.jpg\"><img loading=\"lazy\" decoding=\"async\" class=\"alignnone wp-image-8942\" src=\"https:\/\/agora-eoi.xtec.cat\/eoidelvendrell\/wp-content\/uploads\/usu2263\/2019\/12\/IMG_20191203_102730-1024x768.jpg\" alt=\"\" width=\"173\" height=\"130\" srcset=\"https:\/\/agora-eoi.xtec.cat\/eoidelvendrell\/wp-content\/uploads\/usu2263\/2019\/12\/IMG_20191203_102730-1024x768.jpg 1024w, https:\/\/agora-eoi.xtec.cat\/eoidelvendrell\/wp-content\/uploads\/usu2263\/2019\/12\/IMG_20191203_102730-300x225.jpg 300w, https:\/\/agora-eoi.xtec.cat\/eoidelvendrell\/wp-content\/uploads\/usu2263\/2019\/12\/IMG_20191203_102730-768x576.jpg 768w, https:\/\/agora-eoi.xtec.cat\/eoidelvendrell\/wp-content\/uploads\/usu2263\/2019\/12\/IMG_20191203_102730-200x150.jpg 200w, https:\/\/agora-eoi.xtec.cat\/eoidelvendrell\/wp-content\/uploads\/usu2263\/2019\/12\/IMG_20191203_102730.jpg 1600w\" sizes=\"auto, (max-width: 173px) 100vw, 173px\" \/><\/a> <a href=\"https:\/\/agora-eoi.xtec.cat\/eoidelvendrell\/wp-content\/uploads\/usu2263\/2019\/12\/IMG_20191203_102421.jpg\"><img loading=\"lazy\" decoding=\"async\" class=\"alignnone wp-image-8941\" src=\"https:\/\/agora-eoi.xtec.cat\/eoidelvendrell\/wp-content\/uploads\/usu2263\/2019\/12\/IMG_20191203_102421-1024x768.jpg\" alt=\"\" width=\"173\" height=\"130\" srcset=\"https:\/\/agora-eoi.xtec.cat\/eoidelvendrell\/wp-content\/uploads\/usu2263\/2019\/12\/IMG_20191203_102421-1024x768.jpg 1024w, https:\/\/agora-eoi.xtec.cat\/eoidelvendrell\/wp-content\/uploads\/usu2263\/2019\/12\/IMG_20191203_102421-300x225.jpg 300w, https:\/\/agora-eoi.xtec.cat\/eoidelvendrell\/wp-content\/uploads\/usu2263\/2019\/12\/IMG_20191203_102421-768x576.jpg 768w, https:\/\/agora-eoi.xtec.cat\/eoidelvendrell\/wp-content\/uploads\/usu2263\/2019\/12\/IMG_20191203_102421-200x150.jpg 200w, https:\/\/agora-eoi.xtec.cat\/eoidelvendrell\/wp-content\/uploads\/usu2263\/2019\/12\/IMG_20191203_102421.jpg 1600w\" sizes=\"auto, (max-width: 173px) 100vw, 173px\" \/><\/a> <a href=\"https:\/\/agora-eoi.xtec.cat\/eoidelvendrell\/wp-content\/uploads\/usu2263\/2019\/12\/IMG_20191203_102251.jpg\"><img loading=\"lazy\" decoding=\"async\" class=\"alignnone wp-image-8940\" src=\"https:\/\/agora-eoi.xtec.cat\/eoidelvendrell\/wp-content\/uploads\/usu2263\/2019\/12\/IMG_20191203_102251-1024x768.jpg\" alt=\"\" width=\"173\" height=\"130\" srcset=\"https:\/\/agora-eoi.xtec.cat\/eoidelvendrell\/wp-content\/uploads\/usu2263\/2019\/12\/IMG_20191203_102251-1024x768.jpg 1024w, https:\/\/agora-eoi.xtec.cat\/eoidelvendrell\/wp-content\/uploads\/usu2263\/2019\/12\/IMG_20191203_102251-300x225.jpg 300w, https:\/\/agora-eoi.xtec.cat\/eoidelvendrell\/wp-content\/uploads\/usu2263\/2019\/12\/IMG_20191203_102251-768x576.jpg 768w, https:\/\/agora-eoi.xtec.cat\/eoidelvendrell\/wp-content\/uploads\/usu2263\/2019\/12\/IMG_20191203_102251-200x150.jpg 200w, https:\/\/agora-eoi.xtec.cat\/eoidelvendrell\/wp-content\/uploads\/usu2263\/2019\/12\/IMG_20191203_102251.jpg 1600w\" sizes=\"auto, (max-width: 173px) 100vw, 173px\" \/><\/a><\/p>\n<p>Disposa, en servei de pr\u00e9stec, de material en angl\u00e8s i en franc\u00e8s:<\/p>\n<ul class=\"ja-typo-list list-check\">\n<li><span class=\"icon\">\u00a0<\/span>Llibres de lectura adaptats al nivell de cada alumne.<\/li>\n<li>\u00a0Llibres no-adaptats.<\/li>\n<li><span class=\"icon\">\u00a0<\/span>Pel\u00b7l\u00edcules en DVD originals amb subt\u00edtols.<\/li>\n<li><span class=\"icon\">\u00a0<\/span>Revistes: <em>Speak Up<\/em> per angl\u00e8s.<\/li>\n<\/ul>\n<h4>COM FUNCIONA?<\/h4>\n<p>NORMES SERVEI DE PR\u00c9STEC<br \/>\nPer a fer servir el servei de pr\u00e9stec de la biblioteca de l&#8217;EOI del Vendrell heu de consultar el llistat de material disponible a l\u2019escola:<\/p>\n<p><a href=\"https:\/\/drive.google.com\/file\/d\/1P6V4ZJzFQ5c5NNZw7kDF6ujrrm2SfbNt\/view?usp=sharing\">Llistat de material disponible de franc\u00e8s<\/a><\/p>\n<p><a href=\"https:\/\/drive.google.com\/file\/d\/1qqx2sjQJ1aDUXrVHTIbYhOJDMdHPTGGJ\/view?usp=sharing\">Llistat de material disponible d&#8217;angl\u00e8s<\/a><\/p>\n<p>i contactar amb l&#8217;adre\u00e7a <a href=\"mailto:bibliotecaeoivendrell@gmail.com\">bibliotecaeoivendrell@gmail.com<\/a> especificant la vostra elecci\u00f3. Els pr\u00e9stecs sol\u00b7licitats els podreu recollir a secretaria de l&#8217;escola de 15:45 hores a 19:15 hores de dilluns a dijous <strong><span style=\"color: #ff0000;\">a partir de mitjans d&#8217;octubre<\/span><\/strong>.<\/p>\n<ul class=\"ja-typo-list list-check\">\n<li><span class=\"icon\">\u00a0<\/span>Llibres: 2 setmanes.<\/li>\n<li><span class=\"icon\">\u00a0<\/span>DVD: 1 setmana.<\/li>\n<li><span class=\"icon\">\u00a0<\/span>Revistes: 1 setmana.<\/li>\n<\/ul>\n<div style=\"display: none;\"><\/div>\n<div style=\"display: none;\"><\/div>\n","protected":false},"excerpt":{"rendered":"<p><a href=\"https:\/\/agora-eoi.xtec.cat\/eoidelvendrell\/wp-content\/uploads\/usu2263\/2019\/12\/IMG_20191203_103049_1.jpg\"><\/a> <a href=\"https:\/\/agora-eoi.xtec.cat\/eoidelvendrell\/wp-content\/uploads\/usu2263\/2019\/12\/IMG_20191203_102826.jpg\"><\/a> <a href=\"https:\/\/agora-eoi.xtec.cat\/eoidelvendrell\/wp-content\/uploads\/usu2263\/2019\/12\/IMG_20191203_102730.jpg\"><\/a> <a href=\"https:\/\/agora-eoi.xtec.cat\/eoidelvendrell\/wp-content\/uploads\/usu2263\/2019\/12\/IMG_20191203_102421.jpg\"><\/a> <a href=\"https:\/\/agora-eoi.xtec.cat\/eoidelvendrell\/wp-content\/uploads\/usu2263\/2019\/12\/IMG_20191203_102251.jpg\"><\/a><br \/>\nDisposa, en servei de pr\u00e9stec, de material en angl\u00e8s i en franc\u00e8s:<\/p>\n<ul class=\"ja-typo-list list-check\">\n<li>\u00a0Llibres de lectura adaptats al nivell de cada alumne.<\/li>\n<li>\u00a0Llibres no-adaptats.<\/li>\n<li>\u00a0Pel\u00b7l\u00edcules en DVD originals amb subt\u00edtols.<\/li>\n<li>\u00a0Revistes: Speak Up per angl\u00e8s.<\/li>\n<\/ul>\n<p>COM FUNCIONA?<br \/>\nNORMES SERVEI DE PR\u00c9STEC<br \/>\nPer&hellip;  <a href=\"https:\/\/agora-eoi.xtec.cat\/eoidelvendrell\/serveis\/biblioteca\/\" title=\"Read Servei de Pr\u00e9stec\">Llegeix m\u00e9s\u00bb<\/a><\/p>\n","protected":false},"author":1,"featured_media":0,"parent":8411,"menu_order":20,"comment_status":"closed","ping_status":"closed","template":"page-templates\/side-menu.php","meta":{"_bbp_topic_count":0,"_bbp_reply_count":0,"_bbp_total_topic_count":0,"_bbp_total_reply_count":0,"_bbp_voice_count":0,"_bbp_anonymous_reply_count":0,"_bbp_topic_count_hidden":0,"_bbp_reply_count_hidden":0,"_bbp_forum_subforum_count":0,"footnotes":""},"class_list":["post-8414","page","type-page","status-publish","hentry"],"post_mailing_queue_ids":[],"_links":{"self":[{"href":"https:\/\/agora-eoi.xtec.cat\/eoidelvendrell\/wp-json\/wp\/v2\/pages\/8414","targetHints":{"allow":["GET"]}}],"collection":[{"href":"https:\/\/agora-eoi.xtec.cat\/eoidelvendrell\/wp-json\/wp\/v2\/pages"}],"about":[{"href":"https:\/\/agora-eoi.xtec.cat\/eoidelvendrell\/wp-json\/wp\/v2\/types\/page"}],"author":[{"embeddable":true,"href":"https:\/\/agora-eoi.xtec.cat\/eoidelvendrell\/wp-json\/wp\/v2\/users\/1"}],"replies":[{"embeddable":true,"href":"https:\/\/agora-eoi.xtec.cat\/eoidelvendrell\/wp-json\/wp\/v2\/comments?post=8414"}],"version-history":[{"count":6,"href":"https:\/\/agora-eoi.xtec.cat\/eoidelvendrell\/wp-json\/wp\/v2\/pages\/8414\/revisions"}],"predecessor-version":[{"id":13093,"href":"https:\/\/agora-eoi.xtec.cat\/eoidelvendrell\/wp-json\/wp\/v2\/pages\/8414\/revisions\/13093"}],"up":[{"embeddable":true,"href":"https:\/\/agora-eoi.xtec.cat\/eoidelvendrell\/wp-json\/wp\/v2\/pages\/8411"}],"wp:attachment":[{"href":"https:\/\/agora-eoi.xtec.cat\/eoidelvendrell\/wp-json\/wp\/v2\/media?parent=8414"}],"curies":[{"name":"wp","href":"https:\/\/api.w.org\/{rel}","templated":true}]}}