{"id":8377,"date":"2016-06-13T13:50:10","date_gmt":"2016-06-13T12:50:10","guid":{"rendered":"http:\/\/agora-eoi.xtec.cat\/eoidelvendrell\/?page_id=8377"},"modified":"2024-07-18T09:58:26","modified_gmt":"2024-07-18T07:58:26","slug":"expedicio-de-titols","status":"publish","type":"page","link":"https:\/\/agora-eoi.xtec.cat\/eoidelvendrell\/secretaria\/expedicio-de-titols\/","title":{"rendered":"Expedici\u00f3 i recollida de t\u00edtols"},"content":{"rendered":"<div class=\"ja-typo-legend legend-1\">\n<h3 class=\"legend-title\"><span class=\"blahlight-jck\">Certificat de Nivell A2 i Intermedi B1<\/span><\/h3>\n<p><strong>Alumnes oficials de 2n i Alumnes oficials i lliures de 3r<\/strong><\/p>\n<p>Els alumnes que hagin aprovat poden passar a recollir el t\u00edtol a la Secretaria del centre <strong>a partir del 10 de juliol de 2024.<\/strong><\/p>\n<\/div>\n<div class=\"ja-typo-legend legend-1\">\n<h3 class=\"legend-title\"><span class=\"bluhlight-jck\">Certificat de Nivell Intermedi B2<\/span><\/h3>\n<p><strong>Alumnes oficials i lliures<\/strong><\/p>\n<p>El Certificat de Nivell Intermedi B2 l\u2019expedeix el Departament d\u2019Educaci\u00f3 previ abonament de les taxes corresponents. Els alumnes oficials que hagin aprovat, poden sol\u00b7licitar el t\u00edtol a partir del <strong>mes de setembre<\/strong> a la Secretaria del Centre.<\/p>\n<h3><span class=\"redhlight-jck\">Certificat Nivell Avan\u00e7at C1<\/span><\/h3>\n<p>El Certificat de Nivell Avan\u00e7at C1 l\u2019expedeix el Departament d\u2019Educaci\u00f3 previ abonament de les taxes corresponents. Els alumnes oficials que hagin aprovat, poden sol\u00b7licitar el t\u00edtol a partir del <strong>mes de setembre<\/strong> a la Secretaria del Centre.<\/p>\n<p><b>Documentaci\u00f3 necess\u00e0ria per a sol\u00b7licitar el Certificat de Nivell Intermedi B2 i C1<\/b> (import de la taxa 78\u20ac):<\/p>\n<ul class=\"ja-typo-list list-check\">\n<li><span class=\"icon\">\u00a0<\/span>Fotocopia DNI.<\/li>\n<li><span class=\"icon\">\u00a0<\/span>Carnet de fam\u00edlia nombrosa o altres documents de bonificaci\u00f3 de la taxa, si escau (m\u00e9s informaci\u00f3 a\u00a0<a href=\"http:\/\/ensenyament.gencat.cat\/ca\/departament\/normativa\/taxes-preus-publics\/taxes\/\">http:\/\/ensenyament.gencat.cat\/ca\/departament\/normativa\/taxes-preus-publics\/taxes\/<\/a><\/li>\n<\/ul>\n<\/div>\n","protected":false},"excerpt":{"rendered":"<p>Certificat de Nivell A2 i Intermedi B1<br \/>\nAlumnes oficials de 2n i Alumnes oficials i lliures de 3r<br \/>\nEls alumnes que hagin aprovat poden passar a recollir el t\u00edtol a la Secretaria del centre a partir del 10 de juliol de 2024.<\/p>\n<p>Certificat de Nivell Intermedi B2<br \/>\nAlumnes oficials&hellip;  <a href=\"https:\/\/agora-eoi.xtec.cat\/eoidelvendrell\/secretaria\/expedicio-de-titols\/\" title=\"Read Expedici\u00f3 i recollida de t\u00edtols\">Llegeix m\u00e9s\u00bb<\/a><\/p>\n","protected":false},"author":1,"featured_media":0,"parent":8358,"menu_order":80,"comment_status":"closed","ping_status":"closed","template":"page-templates\/side-menu.php","meta":{"_bbp_topic_count":0,"_bbp_reply_count":0,"_bbp_total_topic_count":0,"_bbp_total_reply_count":0,"_bbp_voice_count":0,"_bbp_anonymous_reply_count":0,"_bbp_topic_count_hidden":0,"_bbp_reply_count_hidden":0,"_bbp_forum_subforum_count":0,"footnotes":""},"class_list":["post-8377","page","type-page","status-publish","hentry"],"post_mailing_queue_ids":[],"_links":{"self":[{"href":"https:\/\/agora-eoi.xtec.cat\/eoidelvendrell\/wp-json\/wp\/v2\/pages\/8377","targetHints":{"allow":["GET"]}}],"collection":[{"href":"https:\/\/agora-eoi.xtec.cat\/eoidelvendrell\/wp-json\/wp\/v2\/pages"}],"about":[{"href":"https:\/\/agora-eoi.xtec.cat\/eoidelvendrell\/wp-json\/wp\/v2\/types\/page"}],"author":[{"embeddable":true,"href":"https:\/\/agora-eoi.xtec.cat\/eoidelvendrell\/wp-json\/wp\/v2\/users\/1"}],"replies":[{"embeddable":true,"href":"https:\/\/agora-eoi.xtec.cat\/eoidelvendrell\/wp-json\/wp\/v2\/comments?post=8377"}],"version-history":[{"count":4,"href":"https:\/\/agora-eoi.xtec.cat\/eoidelvendrell\/wp-json\/wp\/v2\/pages\/8377\/revisions"}],"predecessor-version":[{"id":12299,"href":"https:\/\/agora-eoi.xtec.cat\/eoidelvendrell\/wp-json\/wp\/v2\/pages\/8377\/revisions\/12299"}],"up":[{"embeddable":true,"href":"https:\/\/agora-eoi.xtec.cat\/eoidelvendrell\/wp-json\/wp\/v2\/pages\/8358"}],"wp:attachment":[{"href":"https:\/\/agora-eoi.xtec.cat\/eoidelvendrell\/wp-json\/wp\/v2\/media?parent=8377"}],"curies":[{"name":"wp","href":"https:\/\/api.w.org\/{rel}","templated":true}]}}