{"id":8295,"date":"2016-06-13T11:34:05","date_gmt":"2016-06-13T10:34:05","guid":{"rendered":"http:\/\/agora-eoi.xtec.cat\/eoidelvendrell\/?page_id=8295"},"modified":"2025-09-05T12:11:35","modified_gmt":"2025-09-05T10:11:35","slug":"llibres-i-lectura","status":"publish","type":"page","link":"https:\/\/agora-eoi.xtec.cat\/eoidelvendrell\/cursos\/frances\/llibres-i-lectura\/","title":{"rendered":"Llibres i lectura"},"content":{"rendered":"<div id=\"ja-container\" class=\"wrap ja-l1\">\n<div class=\"main clearfix\">\n<div id=\"ja-mainbody\">\n<div id=\"ja-main\">\n<div class=\"inner clearfix\">\n<div id=\"ja-contentwrap\" class=\"clearfix \">\n<div id=\"ja-content\" class=\"column\">\n<div id=\"ja-current-content\" class=\"column\">\n<div id=\"ja-content-main\" class=\"ja-content-main clearfix\">\n<div class=\"blog\">\n<div class=\"items-leading clearfix\">\n<div class=\"leading leading-0\">\n<div class=\"ja-typo-legend legend-rounded legend-1\">\n<h2 style=\"text-align: center;\"><span style=\"color: #0000ff;\"><strong>LLIBRES DE TEXT\u00a0<\/strong><\/span><\/h2>\n<h1><span style=\"color: #0000ff;\"><strong>1r Curs- A1<\/strong><\/span><\/h1>\n<p><strong>Llibre de text:<\/strong>\u00a0<strong><em>\u00a0<\/em><\/strong><b><i>Entre nous 1.<\/i><\/b>\u00a0<b>\u00c9d. hybride<\/b>\u00a0Tout en un.\u00a0 Ed. Maison des Langues<\/p>\n<p><span lang=\"CA\">(ISBN 978-84-19236-59-3)<\/span><\/p>\n<p><strong>Llibre d\u2019exercicis:<em> La grammaire progressive du fran\u00e7ais. Niveau interm\u00e9diaire 4<\/em><\/strong><strong><em><sup>me<\/sup><\/em><\/strong><strong><em>\u00a0\u00e9dition.<\/em><\/strong>\u00a0Cl\u00e9 International.<\/p>\n<p>(ISBN 978-209-038103-0)<\/p>\n<h1><span style=\"color: #0000ff;\"><strong>2n Curs-A2<\/strong><\/span><\/h1>\n<p><strong>Llibre de text:<\/strong>\u00a0<strong><em>Entre Nous 2\u00a0<\/em><\/strong>\u00a0<b>\u00c9d. hybride<\/b>\u00a0Tout en un<strong><em>.\u00a0<\/em><\/strong>\u00a0Ed. Maison des langues.<\/p>\n<p>(ISBN 978-84-19236-60-9)<\/p>\n<p><strong>Llibre d\u2019exercicis:<em>\u00a0La grammaire progressive du fran\u00e7ais.\u00a0<\/em><\/strong><strong><em>Niveau interm\u00e9diaire 4<\/em><\/strong><strong><em><sup>\u00e8me<\/sup><\/em><\/strong><strong><em>\u00a0\u00e9dition).<\/em><\/strong>\u00a0Cl\u00e9 International.<\/p>\n<p>(ISBN: 978-209-038103-0)<\/p>\n<h1><span style=\"color: #0000ff;\"><strong>3r Curs-B1<\/strong><\/span><\/h1>\n<p><b>Llibre de text:<\/b><em> \u00c9dito B1, Livre de l&#8217;\u00e9l\u00e8ve, 3\u00e8me \u00e9dition, Didier<\/em><\/p>\n<p>(ISBN\u00a0<b><span style=\"color: #000000;\">978-8490498255<\/span><\/b>)<\/p>\n<p><b>OPCIONAL per treballar en autonomia: Llibre d&#8217;exercicis:<\/b> \u00c9dito B1, cahier d&#8217;activit\u00e9s, 3\u00e8me \u00e9dition, Didier<\/p>\n<p>(ISBN\u00a0<b><span style=\"color: #000000;\">978-8490498262 )<\/span><\/b><\/p>\n<h1><span style=\"color: #0000ff;\"><strong>4t Curs-B2.1<\/strong><\/span><\/h1>\n<p><strong>Llibre de text:<\/strong>\u00a0<strong><em>Entre Nous 4. \u00c9dition\u00a0<\/em><\/strong><b>hybride\u00a0<\/b>Tout en un.\u00a0Ed. Maison des langues.<\/p>\n<p>(ISBN 978-84-19236-62-3)<\/p>\n<h1><span style=\"color: #0000ff;\"><strong>5\u00e8 Curs-B2.2<\/strong><\/span><\/h1>\n<p><strong>Llibre de text:<\/strong>\u00a0<strong><em>Entre Nous 4. \u00c9dition\u00a0<\/em><\/strong><b>hybride<\/b>\u00a0Tout en un.\u00a0Ed. Maison des langues.<\/p>\n<p>(ISBN\u00a0978-84-19236-62-3)<\/p>\n<\/div>\n<\/div>\n<\/div>\n<\/div>\n<\/div>\n<\/div>\n<\/div>\n<\/div>\n<\/div>\n<\/div>\n<\/div>\n<\/div>\n<\/div>\n<div id=\"ja-contentslider2\" class=\"wrap \">\n<div class=\"main clearfix\">\n<div id=\"Mod102\" class=\"ja-moduletable moduletable clearfix\"><\/div>\n<\/div>\n<\/div>\n<div style=\"display: none;\"><\/div>\n<div style=\"display: none;\"><\/div>\n<div style=\"display: none;\"><\/div>\n<div style=\"display: none;\"><\/div>\n<div style=\"display: none;\"><\/div>\n<div style=\"display: none;\"><\/div>\n","protected":false},"excerpt":{"rendered":"<p>LLIBRES DE TEXT\u00a0<br \/>\n1r Curs- A1<br \/>\nLlibre de text:\u00a0\u00a0Entre nous 1.\u00a0\u00c9d. hybride\u00a0Tout en un.\u00a0 Ed. Maison des Langues<br \/>\n(ISBN 978-84-19236-59-3)<br \/>\nLlibre d\u2019exercicis: La grammaire progressive du fran\u00e7ais. Niveau interm\u00e9diaire 4me\u00a0\u00e9dition.\u00a0Cl\u00e9 International.<br \/>\n(ISBN 978-209-038103-0)<br \/>\n2n Curs-A2<br \/>\nLlibre de text:\u00a0Entre Nous 2\u00a0\u00a0\u00c9d. hybride\u00a0Tout en un.\u00a0\u00a0Ed. Maison des langues.<br \/>\n(ISBN 978-84-19236-60-9)<br \/>\nLlibre d\u2019exercicis:\u00a0La grammaire progressive du fran\u00e7ais.\u00a0Niveau&hellip;  <a href=\"https:\/\/agora-eoi.xtec.cat\/eoidelvendrell\/cursos\/frances\/llibres-i-lectura\/\" title=\"Read Llibres i lectura\">Llegeix m\u00e9s\u00bb<\/a><\/p>\n","protected":false},"author":1,"featured_media":0,"parent":8195,"menu_order":11,"comment_status":"closed","ping_status":"closed","template":"page-templates\/side-menu.php","meta":{"_bbp_topic_count":0,"_bbp_reply_count":0,"_bbp_total_topic_count":0,"_bbp_total_reply_count":0,"_bbp_voice_count":0,"_bbp_anonymous_reply_count":0,"_bbp_topic_count_hidden":0,"_bbp_reply_count_hidden":0,"_bbp_forum_subforum_count":0,"footnotes":""},"class_list":["post-8295","page","type-page","status-publish","hentry"],"post_mailing_queue_ids":[],"_links":{"self":[{"href":"https:\/\/agora-eoi.xtec.cat\/eoidelvendrell\/wp-json\/wp\/v2\/pages\/8295","targetHints":{"allow":["GET"]}}],"collection":[{"href":"https:\/\/agora-eoi.xtec.cat\/eoidelvendrell\/wp-json\/wp\/v2\/pages"}],"about":[{"href":"https:\/\/agora-eoi.xtec.cat\/eoidelvendrell\/wp-json\/wp\/v2\/types\/page"}],"author":[{"embeddable":true,"href":"https:\/\/agora-eoi.xtec.cat\/eoidelvendrell\/wp-json\/wp\/v2\/users\/1"}],"replies":[{"embeddable":true,"href":"https:\/\/agora-eoi.xtec.cat\/eoidelvendrell\/wp-json\/wp\/v2\/comments?post=8295"}],"version-history":[{"count":5,"href":"https:\/\/agora-eoi.xtec.cat\/eoidelvendrell\/wp-json\/wp\/v2\/pages\/8295\/revisions"}],"predecessor-version":[{"id":13089,"href":"https:\/\/agora-eoi.xtec.cat\/eoidelvendrell\/wp-json\/wp\/v2\/pages\/8295\/revisions\/13089"}],"up":[{"embeddable":true,"href":"https:\/\/agora-eoi.xtec.cat\/eoidelvendrell\/wp-json\/wp\/v2\/pages\/8195"}],"wp:attachment":[{"href":"https:\/\/agora-eoi.xtec.cat\/eoidelvendrell\/wp-json\/wp\/v2\/media?parent=8295"}],"curies":[{"name":"wp","href":"https:\/\/api.w.org\/{rel}","templated":true}]}}