{"id":8237,"date":"2016-06-13T10:40:25","date_gmt":"2016-06-13T09:40:25","guid":{"rendered":"http:\/\/agora-eoi.xtec.cat\/eoidelvendrell\/?page_id=8237"},"modified":"2024-06-26T10:29:08","modified_gmt":"2024-06-26T08:29:08","slug":"grups-de-conversa","status":"publish","type":"page","link":"https:\/\/agora-eoi.xtec.cat\/eoidelvendrell\/cursos\/angles\/grups-de-conversa\/","title":{"rendered":"Grups de conversa"},"content":{"rendered":"<p><a href=\"http:\/\/agora-eoi.xtec.cat\/eoidelvendrell\/wp-content\/uploads\/usu2263\/2016\/06\/Collaboration-96.png\" rel=\"attachment wp-att-8677\"><img loading=\"lazy\" decoding=\"async\" class=\" wp-image-8677 alignleft\" src=\"http:\/\/agora-eoi.xtec.cat\/eoidelvendrell\/wp-content\/uploads\/usu2263\/2016\/06\/Collaboration-96.png\" alt=\"Collaboration-96\" width=\"65\" height=\"65\" \/><\/a><\/p>\n<p class=\"ecxMsoNormal\"><span lang=\"CA\">Les classes de conversa d\u2019angl\u00e8s comencen despr\u00e9s de Nadal. Hi poden assistir els alumnes d&#8217;A1, A2, B1, B2.1, B2 i C1 d&#8217;angl\u00e8s. <\/span><span lang=\"CA\">Aquests grups redu\u00efts de conversa amb un professor\/a nadiu\/nadiua tenen com a objectiu refor\u00e7ar la pr\u00e0ctica oral que es fa amb el grup-classe que \u00e9s m\u00e9s nombr\u00f3s. Aquestes classes s\u00f3n gratu\u00eftes, ja que estan incloses en el preu p\u00fablic que es paga en el moment de fer la matr\u00edcula.<\/span><\/p>\n<div style=\"display: none;\"><\/div>\n","protected":false},"excerpt":{"rendered":"<p><a href=\"http:\/\/agora-eoi.xtec.cat\/eoidelvendrell\/wp-content\/uploads\/usu2263\/2016\/06\/Collaboration-96.png\" rel=\"attachment wp-att-8677\"><\/a><br \/>\nLes classes de conversa d\u2019angl\u00e8s comencen despr\u00e9s de Nadal. Hi poden assistir els alumnes d&#8217;A1, A2, B1, B2.1, B2 i C1 d&#8217;angl\u00e8s. Aquests grups redu\u00efts de conversa amb un professor\/a nadiu\/nadiua tenen com a objectiu refor\u00e7ar la pr\u00e0ctica oral que es fa&hellip;  <a href=\"https:\/\/agora-eoi.xtec.cat\/eoidelvendrell\/cursos\/angles\/grups-de-conversa\/\" title=\"Read Grups de conversa\">Llegeix m\u00e9s\u00bb<\/a><\/p>\n","protected":false},"author":1,"featured_media":0,"parent":8189,"menu_order":40,"comment_status":"closed","ping_status":"closed","template":"page-templates\/side-menu.php","meta":{"_bbp_topic_count":0,"_bbp_reply_count":0,"_bbp_total_topic_count":0,"_bbp_total_reply_count":0,"_bbp_voice_count":0,"_bbp_anonymous_reply_count":0,"_bbp_topic_count_hidden":0,"_bbp_reply_count_hidden":0,"_bbp_forum_subforum_count":0,"footnotes":""},"class_list":["post-8237","page","type-page","status-publish","hentry"],"post_mailing_queue_ids":[],"_links":{"self":[{"href":"https:\/\/agora-eoi.xtec.cat\/eoidelvendrell\/wp-json\/wp\/v2\/pages\/8237","targetHints":{"allow":["GET"]}}],"collection":[{"href":"https:\/\/agora-eoi.xtec.cat\/eoidelvendrell\/wp-json\/wp\/v2\/pages"}],"about":[{"href":"https:\/\/agora-eoi.xtec.cat\/eoidelvendrell\/wp-json\/wp\/v2\/types\/page"}],"author":[{"embeddable":true,"href":"https:\/\/agora-eoi.xtec.cat\/eoidelvendrell\/wp-json\/wp\/v2\/users\/1"}],"replies":[{"embeddable":true,"href":"https:\/\/agora-eoi.xtec.cat\/eoidelvendrell\/wp-json\/wp\/v2\/comments?post=8237"}],"version-history":[{"count":3,"href":"https:\/\/agora-eoi.xtec.cat\/eoidelvendrell\/wp-json\/wp\/v2\/pages\/8237\/revisions"}],"predecessor-version":[{"id":12201,"href":"https:\/\/agora-eoi.xtec.cat\/eoidelvendrell\/wp-json\/wp\/v2\/pages\/8237\/revisions\/12201"}],"up":[{"embeddable":true,"href":"https:\/\/agora-eoi.xtec.cat\/eoidelvendrell\/wp-json\/wp\/v2\/pages\/8189"}],"wp:attachment":[{"href":"https:\/\/agora-eoi.xtec.cat\/eoidelvendrell\/wp-json\/wp\/v2\/media?parent=8237"}],"curies":[{"name":"wp","href":"https:\/\/api.w.org\/{rel}","templated":true}]}}