{"id":8235,"date":"2016-06-13T10:40:00","date_gmt":"2016-06-13T09:40:00","guid":{"rendered":"http:\/\/agora-eoi.xtec.cat\/eoidelvendrell\/?page_id=8235"},"modified":"2025-09-30T16:02:27","modified_gmt":"2025-09-30T14:02:27","slug":"llibres-i-lectures","status":"publish","type":"page","link":"https:\/\/agora-eoi.xtec.cat\/eoidelvendrell\/cursos\/angles\/llibres-i-lectures\/","title":{"rendered":"Llibres i lectures"},"content":{"rendered":"<h2><span style=\"color: #3366ff;\"><strong>LLIBRES DE TEXT I DE LECTURA CURS 2025-26<\/strong><\/span><\/h2>\n<h1><span style=\"color: #3366ff;\"><strong>A1 (1r)<\/strong><\/span><\/h1>\n<p><b>Class book:<\/b><\/p>\n<p>English File A1\/A2 Student\u2019s Book and Workbook (5th Edition) with Online Practice, Vocabulary Checker and Workbook Answer Key. Oxford University Press.<\/p>\n<p><b>ISBN: <\/b><span style=\"font-weight: 400;\">9780194148030<\/span><\/p>\n<p><b>Readers:<\/b><\/p>\n<p><i><span style=\"font-weight: 400;\">Survive!,<\/span><\/i><span style=\"font-weight: 400;\"> by Helen Brooke. Starter Level Oxford Bookworms Library. <\/span><b>ISBN: <\/b>9780194234306<\/p>\n<p><i><span style=\"font-weight: 400;\">The Phantom of the Opera, <\/span><\/i><span style=\"font-weight: 400;\">by Jennifer Basset.\u00a0 Starter Level Oxford Bookworms Library. <\/span><b>ISBN: <\/b>9780194620345<\/p>\n<h1><span style=\"color: #3366ff;\"><strong>Flexibilitzat A1.A<\/strong><\/span><\/h1>\n<p><b>Class book:\u00a0<\/b><\/p>\n<p><span style=\"font-weight: 400;\">English File A1\/A2 Student\u2019s Book and Workbook (5th Edition) with Online Practice, Vocabulary Checker and Workbook Answer Key. Oxford University Press.<\/span><\/p>\n<p><b>ISBN: <\/b><span style=\"font-weight: 400;\">9780194148030<\/span><\/p>\n<p><b>Readers: <\/b><span style=\"font-weight: 400;\">No cal comprar llibre, el docent us donar\u00e0 acc\u00e9s a una p\u00e0gina web on podreu llegir online o descarregar el llibre que us indiqui.\u00a0<\/span><\/p>\n<h1><span style=\"color: #3366ff;\"><strong>Flexibilitzat A1.B<\/strong><\/span><\/h1>\n<p><b>Class book:\u00a0<\/b><\/p>\n<p><span style=\"font-weight: 400;\">English File A1\/A2 Student\u2019s Book and Workbook (5th Edition) with Online Practice, Vocabulary Checker and Workbook Answer Key. Oxford University Press.<\/span><\/p>\n<p><b>ISBN: <\/b><span style=\"font-weight: 400;\">9780194148030<\/span><\/p>\n<p><b>Readers: <\/b><span style=\"font-weight: 400;\">No cal comprar llibre, el docent us donar\u00e0 acc\u00e9s a una p\u00e0gina web on podreu llegir online o descarregar el llibre que us indiqui.\u00a0<\/span><\/p>\n<h1><span style=\"color: #3366ff;\"><strong>A2 (2n)<\/strong><\/span><\/h1>\n<p><b>Class book:<\/b><\/p>\n<p><span style=\"font-weight: 400;\">English File A2\/B1Student\u2019s Book and Workbook (5th Edition) with Online Practice, Vocabulary Checker and Workbook Answer Key. <\/span><span style=\"font-weight: 400;\">Oxford University Press.<\/span><\/p>\n<p><b>ISBN:<\/b><span style=\"font-weight: 400;\">\u00a0<\/span><span style=\"font-weight: 400;\">9780194145510<\/span><\/p>\n<p><b>Readers:<\/b><\/p>\n<p><i><span style=\"font-weight: 400;\">Amelia Earhart<\/span><\/i><span style=\"font-weight: 400;\">, by Janet Hardy-Gould. Oxford University Press. <\/span><b>ISBN:<\/b><span style=\"font-weight: 400;\"> 9780194637589<\/span><\/p>\n<p><i><span style=\"font-weight: 400;\">Agatha Christie, Woman of Mystery<\/span><\/i><b>, <\/b><span style=\"font-weight: 400;\">by John Scott<\/span><b>. <\/b><span style=\"font-weight: 400;\">Oxford University Press. <\/span><b>ISBN: <\/b>9780194620727<\/p>\n<h1><span style=\"color: #3366ff;\"><b>Flexibilitzat A2.A<\/b><\/span><\/h1>\n<p><b>Class book:<\/b><\/p>\n<p><span style=\"font-weight: 400;\">English File A2\/B1Student\u2019s Book and Workbook (5th Edition) with Online Practice, Vocabulary Checker and Workbook Answer Key. <\/span><span style=\"font-weight: 400;\">Oxford University Press.<\/span><\/p>\n<p><b>ISBN:<\/b><span style=\"font-weight: 400;\">\u00a0<\/span><span style=\"font-weight: 400;\">9780194145510<\/span><\/p>\n<p><b>Readers<\/b><span style=\"font-weight: 400;\">:<\/span><\/p>\n<p><i><span style=\"font-weight: 400;\">Amelia Earhart<\/span><\/i><span style=\"font-weight: 400;\">, by Janet Hardy-Gould. Oxford University Press. <\/span><b>ISBN:<\/b><span style=\"font-weight: 400;\"> 9780194637589<\/span><span style=\"font-weight: 400;\">\u00a0<\/span><\/p>\n<p><i><span style=\"font-weight: 400;\">The Speckled Band<\/span><\/i><span style=\"font-weight: 400;\">, by Arthur Conan Doyle. Text adaptation by Leslie Thompson. Oxford University Press. <\/span><b>ISBN:<\/b><span style=\"font-weight: 400;\"> 978-0-19-463920-0<\/span><\/p>\n<h1><span style=\"color: #3366ff;\"><b>Flexibilitzat A2.B<\/b><\/span><\/h1>\n<p><b>Class book:<\/b><\/p>\n<p><span style=\"font-weight: 400;\">English File A2\/B1Student\u2019s Book and Workbook (5th Edition) with Online Practice, Vocabulary Checker and Workbook Answer Key. <\/span><span style=\"font-weight: 400;\">Oxford University Press.<\/span><\/p>\n<p><b>ISBN:<\/b><span style=\"font-weight: 400;\">\u00a0<\/span><span style=\"font-weight: 400;\">9780194145510<\/span><\/p>\n<p><b>Readers<\/b><span style=\"font-weight: 400;\">:<\/span><\/p>\n<p><i><span style=\"font-weight: 400;\">Agatha Christie, Woman of Mystery<\/span><\/i><b>, <\/b><span style=\"font-weight: 400;\">by John Scott<\/span><b>. <\/b><span style=\"font-weight: 400;\">Oxford University Press. <\/span><b>ISBN: <\/b>9780194620727<\/p>\n<p><i><span style=\"font-weight: 400;\">The Secret Garden<\/span><\/i><span style=\"font-weight: 400;\">, by Frances <\/span><span style=\"font-weight: 400;\">Hodgson Burnett. Oxford University Press. <\/span><b>ISBN: <\/b>9780194620932<\/p>\n<h1><span style=\"color: #3366ff;\"><strong>B1\u00a0<\/strong><\/span><\/h1>\n<p><b>Class book:<\/b><\/p>\n<p><span style=\"font-weight: 400;\">English File B1 Student\u2019s Book and Workbook (5th Edition) with Online Practice, Vocabulary Checker and Workbook Answer Key. <\/span><span style=\"font-weight: 400;\">Oxford University Press.<\/span><\/p>\n<p><b>ISBN <\/b><span style=\"font-weight: 400;\">9780194144025<\/span> <span style=\"font-weight: 400;\">\u00a0\u00a0\u00a0\u00a0<\/span><\/p>\n<p><b>Readers:<\/b><\/p>\n<p><i><span style=\"font-weight: 400;\">Great Crimes,<\/span><\/i><span style=\"font-weight: 400;\"> by John Escott. Level 4 B1. Oxford Bookworms. <\/span><b>ISBN: <\/b><span style=\"font-weight: 400;\">9780194638050<\/span><\/p>\n<p><i><span style=\"font-weight: 400;\">The Thirty-Nine Steps,<\/span><\/i><span style=\"font-weight: 400;\"> by John Buchan and retold by Nick Bullard. Oxford Bookworms. Level 4 B1-B2.<\/span><b> ISBN:<\/b><span style=\"font-weight: 400;\"> 9780194621090<\/span><\/p>\n<h1><span style=\"color: #3366ff;\"><b>Flexibilitzat B1.A<\/b><\/span><\/h1>\n<p><b>Class book:<\/b><\/p>\n<p><span style=\"font-weight: 400;\">English File B1 Student\u2019s Book and Workbook (5th Edition) with Online Practice, Vocabulary Checker and Workbook Answer Key. <\/span><span style=\"font-weight: 400;\">Oxford University Press.<\/span><\/p>\n<p><b>ISBN: <\/b><span style=\"font-weight: 400;\">9780194144025<\/span><span style=\"font-weight: 400;\">\u00a0<\/span><\/p>\n<p><b>Readers:<\/b><\/p>\n<p><i><span style=\"font-weight: 400;\">Great Crimes<\/span><\/i><span style=\"font-weight: 400;\"> by, John Escott. Level 4 B1-B2. Oxford Bookworms. <\/span><b>ISBN: <\/b>9780194638050<\/p>\n<p><i><span style=\"font-weight: 400;\">When Summer Comes,<\/span><\/i><span style=\"font-weight: 400;\"> by Helen Naylor. Level 4 B1. Cambridge. <\/span><b>ISBN: <\/b>9780521656115<\/p>\n<h1><span style=\"color: #3366ff;\"><b>Flexibilitzat B1.B<\/b><\/span><\/h1>\n<p><b>Class book:<\/b><\/p>\n<p><span style=\"font-weight: 400;\">English File B1 Student\u2019s Book and Workbook (5th Edition) with Online Practice, Vocabulary Checker and Workbook Answer Key. <\/span><span style=\"font-weight: 400;\">Oxford University Press.<\/span><\/p>\n<p><b>ISBN: <\/b><span style=\"font-weight: 400;\">9780194144025<\/span><span style=\"font-weight: 400;\">\u00a0<\/span><\/p>\n<p><b>Readers:<\/b><\/p>\n<p><i><span style=\"font-weight: 400;\">The Amsterdam Connection,<\/span><\/i><span style=\"font-weight: 400;\"> by Sue Leather. Level 4 B1. Cambridge. <\/span><b>ISBN: <\/b>9780521795029<\/p>\n<p><i><span style=\"font-weight: 400;\">The Thirty-Nine Steps,<\/span><\/i><span style=\"font-weight: 400;\"> by John Buchan and retold by Nick Bullard. Oxford Bookworms.<\/span> <span style=\"font-weight: 400;\">Level 4 B1-B2.<\/span><b> ISBN: <\/b>9780194621090<\/p>\n<h1><span style=\"color: #3366ff;\"><strong>B2.1\u00a0<\/strong><\/span><\/h1>\n<p><b>Class book:<\/b><\/p>\n<p><span style=\"font-weight: 400;\">English File B.2.2 Student\u2019s Book and Workbook (Fourth Edition) with Online Practice, Vocabulary Checker and Workbook Answer Key. <\/span><span style=\"font-weight: 400;\">Oxford University Press.<\/span><\/p>\n<p><b>ISBN: <\/b><span style=\"font-weight: 400;\">978-0-19-4058308<\/span><\/p>\n<p><b>Readers:<\/b><\/p>\n<p><i><span style=\"font-weight: 400;\">The Curious Incident of the Dog in the Night-Time<\/span><\/i><span style=\"font-weight: 400;\"> by Mark Haddon. Vintage.<\/span><\/p>\n<p><b>ISBN: <\/b>97800994470434<\/p>\n<p><i><span style=\"font-weight: 400;\">The Boy in the Striped Pyjamas<\/span><\/i><span style=\"font-weight: 400;\"> by John Boyne. Random House.\u00a0<\/span><\/p>\n<p><b>ISBN: <\/b>978 1 862 30527 4<\/p>\n<h1><span style=\"color: #3366ff;\"><strong>B2.2\u00a0<\/strong><\/span><\/h1>\n<p><b>Class book:<\/b><\/p>\n<p><span style=\"font-weight: 400;\">English File C1.1 Student\u2019s Book and Workbook (Fourth Edition) with Online Practice, Vocabulary Checker and Workbook Answer Key. <\/span><span style=\"font-weight: 400;\">Oxford University Press.<\/span><\/p>\n<p><b>ISBN: <\/b><span style=\"font-weight: 400;\">9780194058186<\/span><\/p>\n<p><b>Readers: (any unabridged edition will do).<\/b><\/p>\n<p><span style=\"font-weight: 400;\">GOODALL, JANE.\u00a0<\/span><i><span style=\"font-weight: 400;\">The Book of Hope: a Survival Guide for Trying Times.\u00a0<\/span><\/i><\/p>\n<p><span style=\"font-weight: 400;\">SCHLOSSER, ERIC.<\/span> <i><span style=\"font-weight: 400;\">Fast Food Nation: The Dark Side of the All-American Meal. <\/span><\/i><\/p>\n<h1><span style=\"color: #3366ff;\"><strong>C1 <\/strong><\/span><\/h1>\n<p><b>Class book:<\/b><\/p>\n<p><i><span style=\"font-weight: 400;\">Headway<\/span><\/i><b><i>\u00a0<\/i><\/b><i><span style=\"font-weight: 400;\">Advanced<\/span><\/i><span style=\"font-weight: 400;\"> (5th Edition) Student\u2019s book. Oxford University Press.<\/span><\/p>\n<p><b>ISBN<\/b><span style=\"font-weight: 400;\">: 9780194547611\u00a0<\/span><\/p>\n<p><i><span style=\"font-weight: 400;\">Headway Advanced\u00a0<\/span><\/i><span style=\"font-weight: 400;\">(5th Edition) Workbook\u00a0<\/span><span style=\"font-weight: 400;\">with Key. Oxford University Press.<\/span><\/p>\n<p><b>ISBN:<\/b><span style=\"font-weight: 400;\">\u00a0<\/span><span style=\"font-weight: 400;\">9780194547949<\/span><\/p>\n<p><b>Readers:<\/b><\/p>\n<p><span style=\"text-decoration: underline;\"><b>Before Christmas (choose one option):<\/b><\/span><\/p>\n<p><span style=\"font-weight: 400;\">READER 1: <\/span><i><span style=\"font-weight: 400;\">Lies my Teacher Told me<\/span><\/i><span style=\"font-weight: 400;\">, by James W. Loewen. <\/span><b>ISBN:<\/b><span style=\"font-weight: 400;\"> 0-6848-1886-8.<\/span><\/p>\n<p><span style=\"font-weight: 400;\">READER 2: <\/span><a href=\"https:\/\/www.amazon.es\/Mapping-Our-Purpose-REALM-Cowbells-ebook\/dp\/B0BPYLS8XH\"><span style=\"font-weight: 400;\">Mapping Our Purpose REALM: The Tribe of the Cowbells, by Julian King<\/span><\/a><span style=\"font-weight: 400;\">. Available on Amazon both in paperback and <\/span><span style=\"font-weight: 400;\">Kindle Edition<\/span><b>. ASIN:<\/b><span style=\"font-weight: 400;\"> \u200fB0BPYLS8XH.<\/span><\/p>\n<p><span style=\"text-decoration: underline;\"><b>Before spring break (choose one option):<\/b><\/span><\/p>\n<p><span style=\"font-weight: 400;\">READER 1: <\/span><i><span style=\"font-weight: 400;\">Watching the English<\/span><\/i><span style=\"font-weight: 400;\">, by Kate Fox. <\/span><b>ISBN:<\/b><span style=\"font-weight: 400;\"> 978185788616<\/span><\/p>\n<p><span style=\"font-weight: 400;\">READER 2: <\/span><i><span style=\"font-weight: 400;\">Nexus<\/span><\/i><span style=\"font-weight: 400;\">, by Yuval Harari. <\/span><b>ISBN-13: \u200e <\/b><span style=\"font-weight: 400;\">978-1911717096<\/span><\/p>\n<div style=\"display: none;\"><\/div>\n<div style=\"display: none;\"><\/div>\n<div style=\"display: none;\"><\/div>\n<div style=\"display: none;\"><\/div>\n<div style=\"display: none;\"><\/div>\n<div style=\"display: none;\"><\/div>\n<div style=\"display: none;\"><\/div>\n","protected":false},"excerpt":{"rendered":"<p>LLIBRES DE TEXT I DE LECTURA CURS 2025-26<br \/>\nA1 (1r)<br \/>\nClass book:<br \/>\nEnglish File A1\/A2 Student\u2019s Book and Workbook (5th Edition) with Online Practice, Vocabulary Checker and Workbook Answer Key. Oxford University Press.<br \/>\nISBN: 9780194148030<br \/>\nReaders:<br \/>\nSurvive!, by Helen Brooke. Starter Level Oxford Bookworms Library. ISBN: 9780194234306<br \/>\nThe Phantom of the Opera,&hellip;  <a href=\"https:\/\/agora-eoi.xtec.cat\/eoidelvendrell\/cursos\/angles\/llibres-i-lectures\/\" title=\"Read Llibres i lectures\">Llegeix m\u00e9s\u00bb<\/a><\/p>\n","protected":false},"author":1,"featured_media":0,"parent":8189,"menu_order":30,"comment_status":"closed","ping_status":"closed","template":"page-templates\/side-menu.php","meta":{"_bbp_topic_count":0,"_bbp_reply_count":0,"_bbp_total_topic_count":0,"_bbp_total_reply_count":0,"_bbp_voice_count":0,"_bbp_anonymous_reply_count":0,"_bbp_topic_count_hidden":0,"_bbp_reply_count_hidden":0,"_bbp_forum_subforum_count":0,"footnotes":""},"class_list":["post-8235","page","type-page","status-publish","hentry"],"post_mailing_queue_ids":[],"_links":{"self":[{"href":"https:\/\/agora-eoi.xtec.cat\/eoidelvendrell\/wp-json\/wp\/v2\/pages\/8235","targetHints":{"allow":["GET"]}}],"collection":[{"href":"https:\/\/agora-eoi.xtec.cat\/eoidelvendrell\/wp-json\/wp\/v2\/pages"}],"about":[{"href":"https:\/\/agora-eoi.xtec.cat\/eoidelvendrell\/wp-json\/wp\/v2\/types\/page"}],"author":[{"embeddable":true,"href":"https:\/\/agora-eoi.xtec.cat\/eoidelvendrell\/wp-json\/wp\/v2\/users\/1"}],"replies":[{"embeddable":true,"href":"https:\/\/agora-eoi.xtec.cat\/eoidelvendrell\/wp-json\/wp\/v2\/comments?post=8235"}],"version-history":[{"count":6,"href":"https:\/\/agora-eoi.xtec.cat\/eoidelvendrell\/wp-json\/wp\/v2\/pages\/8235\/revisions"}],"predecessor-version":[{"id":13152,"href":"https:\/\/agora-eoi.xtec.cat\/eoidelvendrell\/wp-json\/wp\/v2\/pages\/8235\/revisions\/13152"}],"up":[{"embeddable":true,"href":"https:\/\/agora-eoi.xtec.cat\/eoidelvendrell\/wp-json\/wp\/v2\/pages\/8189"}],"wp:attachment":[{"href":"https:\/\/agora-eoi.xtec.cat\/eoidelvendrell\/wp-json\/wp\/v2\/media?parent=8235"}],"curies":[{"name":"wp","href":"https:\/\/api.w.org\/{rel}","templated":true}]}}