{"id":8170,"date":"2016-06-08T17:06:12","date_gmt":"2016-06-08T16:06:12","guid":{"rendered":"http:\/\/agora-eoi.xtec.cat\/eoidelvendrell\/?page_id=8170"},"modified":"2024-06-26T11:06:13","modified_gmt":"2024-06-26T09:06:13","slug":"candidats-lliures","status":"publish","type":"page","link":"https:\/\/agora-eoi.xtec.cat\/eoidelvendrell\/secretaria\/matricula\/candidats-lliures\/","title":{"rendered":"Candidats lliures"},"content":{"rendered":"<h3>Requisits<\/h3>\n<p>Per poder presentar-se a les proves cal acreditar la superaci\u00f3 del segon curs de l&#8217;educaci\u00f3 secund\u00e0ria obligat\u00f2ria o nivell equivalent, i ser major de catorze anys.<\/p>\n<h3>Convocat\u00f2ria ordin\u00e0ria<\/h3>\n<p>La inscripci\u00f3 en r\u00e8gim lliure dona dret a una convocat\u00f2ria d&#8217;examen per a l&#8217;obtenci\u00f3 del certificat de nivell intermedi B1 i B2 o del certificat de nivell avan\u00e7at C1. Les <a href=\"https:\/\/educacio.gencat.cat\/ca\/serveis-tramits\/proves\/proves-lliures-obtencio-titols\/convocat-ordinaria-idiomes\/\">proves lliures<\/a>\u00a0per a totes les lleng\u00fces es fan al juny. La inscripci\u00f3 t\u00e9 lloc a finals de febrer. Les dates i condicions de la inscripci\u00f3 es publiquen el novembre de l&#8217;any anterior.<\/p>\n<h3>Convocat\u00f2ria extraordin\u00e0ria: prova per a l&#8217;obtenci\u00f3 dels certificats dels nivells intermedi, avan\u00e7at i C1 d&#8217;angl\u00e8s.<\/h3>\n<p>El Departament d&#8217;Educaci\u00f3\u00a0organitza les\u00a0proves\u00a0de r\u00e8gim lliure\u00a0per a l&#8217;obtenci\u00f3 dels\u00a0<strong>certificats de nivell Intermedi B1, de nivell Intermedi B2, i de nivell Avan\u00e7at C1<\/strong>. El primer correspon a 390 hores lectives i al nivell B1 del Consell d&#8217;Europa i el segon, a 650 hores lectives i al nivell B2 del Consell d&#8217;Europa.<\/p>\n<p>La inscripci\u00f3 dona dret a fer un \u00fanic examen que consta d&#8217;una prova escrita i una prova oral.<\/p>\n<p>Per presentar-se a les proves cal acreditar que s&#8217;ha superat el segon curs d&#8217;ESO (o nivell equivalent) i tenir com a m\u00ednim catorze anys. Nom\u00e9s han de fer la inscripci\u00f3 els candidats de r\u00e8gim lliure. No es pot tenir simult\u00e0niament la condici\u00f3 d&#8217;alumne o alumna oficial i aspirant de r\u00e8gim lliure del mateix idioma.<\/p>\n<p>La quantitat de places m\u00e0ximes ofertes es fixa d&#8217;acord amb les disponibilitats d&#8217;espai i de professorat de cada EOI. La inscripci\u00f3 es cobreix d&#8217;acord amb l&#8217;ordre de demanda i es tanca en el moment que es cobreixen les disponibilitats m\u00e0ximes de cada centre.<\/p>\n<p>Per a m\u00e9s informaci\u00f3 consulteu\u00a0<a href=\"http:\/\/ensenyament.gencat.cat\/ca\/serveis-tramits\/proves\/proves-lliures-obtencio-titols\/convocat-extraord-idiomes\/\">aquest enlla\u00e7<\/a><\/p>\n<div style=\"display: none;\"><\/div>\n","protected":false},"excerpt":{"rendered":"<p>Requisits<br \/>\nPer poder presentar-se a les proves cal acreditar la superaci\u00f3 del segon curs de l&#8217;educaci\u00f3 secund\u00e0ria obligat\u00f2ria o nivell equivalent, i ser major de catorze anys.<br \/>\nConvocat\u00f2ria ordin\u00e0ria<br \/>\nLa inscripci\u00f3 en r\u00e8gim lliure dona dret a una convocat\u00f2ria d&#8217;examen per a l&#8217;obtenci\u00f3 del certificat de nivell intermedi&hellip;  <a href=\"https:\/\/agora-eoi.xtec.cat\/eoidelvendrell\/secretaria\/matricula\/candidats-lliures\/\" title=\"Read Candidats lliures\">Llegeix m\u00e9s\u00bb<\/a><\/p>\n","protected":false},"author":1,"featured_media":0,"parent":8161,"menu_order":40,"comment_status":"closed","ping_status":"closed","template":"page-templates\/side-menu.php","meta":{"_bbp_topic_count":0,"_bbp_reply_count":0,"_bbp_total_topic_count":0,"_bbp_total_reply_count":0,"_bbp_voice_count":0,"_bbp_anonymous_reply_count":0,"_bbp_topic_count_hidden":0,"_bbp_reply_count_hidden":0,"_bbp_forum_subforum_count":0,"footnotes":""},"class_list":["post-8170","page","type-page","status-publish","hentry"],"post_mailing_queue_ids":[],"_links":{"self":[{"href":"https:\/\/agora-eoi.xtec.cat\/eoidelvendrell\/wp-json\/wp\/v2\/pages\/8170","targetHints":{"allow":["GET"]}}],"collection":[{"href":"https:\/\/agora-eoi.xtec.cat\/eoidelvendrell\/wp-json\/wp\/v2\/pages"}],"about":[{"href":"https:\/\/agora-eoi.xtec.cat\/eoidelvendrell\/wp-json\/wp\/v2\/types\/page"}],"author":[{"embeddable":true,"href":"https:\/\/agora-eoi.xtec.cat\/eoidelvendrell\/wp-json\/wp\/v2\/users\/1"}],"replies":[{"embeddable":true,"href":"https:\/\/agora-eoi.xtec.cat\/eoidelvendrell\/wp-json\/wp\/v2\/comments?post=8170"}],"version-history":[{"count":4,"href":"https:\/\/agora-eoi.xtec.cat\/eoidelvendrell\/wp-json\/wp\/v2\/pages\/8170\/revisions"}],"predecessor-version":[{"id":12223,"href":"https:\/\/agora-eoi.xtec.cat\/eoidelvendrell\/wp-json\/wp\/v2\/pages\/8170\/revisions\/12223"}],"up":[{"embeddable":true,"href":"https:\/\/agora-eoi.xtec.cat\/eoidelvendrell\/wp-json\/wp\/v2\/pages\/8161"}],"wp:attachment":[{"href":"https:\/\/agora-eoi.xtec.cat\/eoidelvendrell\/wp-json\/wp\/v2\/media?parent=8170"}],"curies":[{"name":"wp","href":"https:\/\/api.w.org\/{rel}","templated":true}]}}