{"id":8166,"date":"2016-06-08T17:01:17","date_gmt":"2016-06-08T16:01:17","guid":{"rendered":"http:\/\/agora-eoi.xtec.cat\/eoidelvendrell\/?page_id=8166"},"modified":"2025-06-12T17:24:29","modified_gmt":"2025-06-12T15:24:29","slug":"alumnes-nous","status":"publish","type":"page","link":"https:\/\/agora-eoi.xtec.cat\/eoidelvendrell\/secretaria\/matricula\/alumnes-nous\/","title":{"rendered":"Alumnes Oficials (Antics alumnes)"},"content":{"rendered":"<p>Es considera un alumne &#8220;antic&#8221; a qualsevol persona matriculada en un curs oficial d\u2019un idioma en aquesta escola l\u2019any acad\u00e8mic immediatament anterior.<\/p>\n<p><strong>Proc\u00e9s de matriculaci\u00f3:<\/strong><\/p>\n<p>Formalitzeu la vostra matr\u00edcula a CentrosNet <strong>de l&#8217;1 al 7 de juliol.<\/strong><\/p>\n<p><a href=\"https:\/\/www.informaticacentros.com\/centrosnet\/ultralogin.php?tcentro=EOI&amp;centro=T04\"><img loading=\"lazy\" decoding=\"async\" class=\"wp-image-10799 aligncenter\" src=\"https:\/\/agora-eoi.xtec.cat\/eoidelvendrell\/wp-content\/uploads\/usu2263\/2022\/06\/CONSERVATORIO-CENTROS-NET.png\" alt=\"\" width=\"141\" height=\"141\" srcset=\"https:\/\/agora-eoi.xtec.cat\/eoidelvendrell\/wp-content\/uploads\/usu2263\/2022\/06\/CONSERVATORIO-CENTROS-NET.png 246w, https:\/\/agora-eoi.xtec.cat\/eoidelvendrell\/wp-content\/uploads\/usu2263\/2022\/06\/CONSERVATORIO-CENTROS-NET-150x150.png 150w\" sizes=\"auto, (max-width: 141px) 100vw, 141px\" \/><\/a><\/p>\n<p style=\"text-align: center;\"><span style=\"color: #ff0000;\">Feu clic a <b>la icona<\/b>\u00a0per accedir a CentrosNet<\/span><\/p>\n<p align=\"CENTER\"><span style=\"font-size: large;\"><b>Calendari de matr\u00edcula d\u2019antics alumnes <\/b><\/span><\/p>\n<p align=\"CENTER\"><span style=\"font-size: large;\"><b>curs 2025-2026 <\/b><\/span><\/p>\n<p align=\"CENTER\"><span style=\"font-size: large;\"><b>JULIOL 2025<\/b><\/span><\/p>\n<p align=\"JUSTIFY\">Per tal d\u2019agilitzar el proc\u00e9s de matr\u00edcula d\u2019antics alumnes, a l\u2019Escola Oficial d\u2019Idiomes del Vendrell l\u2019alumne haur\u00e0 de fer la matr\u00edcula pr\u00f2pia <b>via telem\u00e0tica <\/b>els dies que s\u2019indiquen en el calendari seg\u00fcent i d\u2019acord amb les pautes que s\u2019hi descriuen:<\/p>\n<table style=\"width: 100%;\" border=\"1\" width=\"623\" cellspacing=\"0\" cellpadding=\"5\">\n<tbody>\n<tr>\n<td style=\"width: 99.7619%;\" colspan=\"2\" valign=\"TOP\" width=\"611\" height=\"13\">\n<p align=\"CENTER\"><b>ALUMNES<\/b><\/p>\n<\/td>\n<\/tr>\n<tr valign=\"TOP\">\n<td style=\"width: 21.3096%;\" width=\"46\" height=\"47\">\n<p align=\"CENTER\">Dies<\/p>\n<p align=\"CENTER\">1 i 2 de juliol<\/p>\n<\/td>\n<td style=\"width: 78.4523%;\" width=\"556\">Alumnat d\u2019A1 a B2.2 i de C2.1 del curs 2024-2025 que ha obtingut la qualificaci\u00f3 d\u2019APTE\/A i que es vol matricular a un grup de la mateixa franja hor\u00e0ria *(Alumnat de Catal\u00e0, d\u2019A1 a C1)<\/td>\n<\/tr>\n<tr valign=\"TOP\">\n<td style=\"width: 21.3096%;\" width=\"46\">\n<p align=\"CENTER\">Dies<\/p>\n<p align=\"CENTER\">3 i 4 de juliol<\/p>\n<\/td>\n<td style=\"width: 78.4523%;\" width=\"556\">Alumnat d\u2019A1 a B2.2 i de C2.1 del curs 2024-2025 que ha obtingut la qualificaci\u00f3 d\u2019APTE\/A i que es vol matricular a un grup d\u2019una franja hor\u00e0ria diferent*(Alumnat de Catal\u00e0, d\u2019A1 a C1)<\/td>\n<\/tr>\n<tr valign=\"TOP\">\n<td style=\"width: 21.3096%;\" width=\"46\">\n<p align=\"CENTER\">Dies<\/p>\n<p align=\"CENTER\">5,6, 7 de juliol<\/p>\n<\/td>\n<td style=\"width: 78.4523%;\" width=\"556\">Alumnat d\u2019A1 a C2.2 del curs 2024-2025 que ha obtingut la qualificaci\u00f3 de NO APTE\/A, NO PRESENTAT\/DA o que va fer la REN\u00daNCIA de matr\u00edcula.(Alumnat de Catal\u00e0, d\u2019A1 a C2)<\/td>\n<\/tr>\n<\/tbody>\n<\/table>\n<p>*<span style=\"font-size: small;\">Consulteu els horaris al web de l\u2019escola o al tauler d\u2019anuncis.<\/span><\/p>\n<p align=\"JUSTIFY\">Per fer aquesta matr\u00edcula, l\u2019alumnat haur\u00e0 d\u2019entrar a la p\u00e0gina web de l\u2019escola <a href=\"https:\/\/agora-eoi.xtec.cat\/eoidelvendrell\/\">https:\/\/agora-eoi.xtec.cat\/eoidelvendrell\/<\/a> on trobar\u00e0 l\u2019enlla\u00e7 a l\u2019aplicaci\u00f3 des del qual far\u00e0 la matr\u00edcula. Aquest aplicatiu obrir\u00e0 cada nou termini a les 9.00h sense tancar l\u2019anterior franja.<\/p>\n<p align=\"JUSTIFY\">Els alumnes hauran de pagar l\u2019import de la taxa o preu p\u00fablic. En el moment de formalitzar-la, l\u2019aplicaci\u00f3 generar\u00e0 el \u201cResguard de matr\u00edcula oficial \u2013 Curs 2025-2026\u201d, que hauran de guardar per fer efectiu l\u2019import a l\u2019entitat banc\u00e0ria. Tamb\u00e9 es pot fer el pagament en l\u00ednia a trav\u00e9s de l\u2019enlla\u00e7 a l\u2019entitat banc\u00e0ria. Tant si es fa el pagament presencial a l\u2019entitat o el pagament telem\u00e0tic, cal tenir en compte que el termini \u00e9s de <b>24.00 h<\/b> a partir de la formalitzaci\u00f3 de la matr\u00edcula.<\/p>\n<p align=\"JUSTIFY\">L\u2019alumne que no es matriculi dins d\u2019aquest per\u00edode de matr\u00edcula del mes de juliol perdr\u00e0 la seva prioritat de dia i d\u2019horari respecte als que ja ho hagin fet. Qualsevol incid\u00e8ncia relacionada amb la matr\u00edcula, l\u2019alumne l\u2019haur\u00e0 de resoldre els dies <b>8 i 9 de juliol<\/b> presencialment a l\u2019escola.<\/p>\n<p align=\"JUSTIFY\">Els alumnes que es matriculin el mes de juliol <b>no<\/b> podran preinscriure\u2019s el mes de setembre de la mateixa llengua i curs en una altra escola amb la intenci\u00f3 de traslladar-hi la matr\u00edcula feta. El trasllat de matr\u00edcula d\u2019una escola a una altra es fa, de manera ordin\u00e0ria, durant el curs i en el cas que l\u2019escola a la qual es vulgui traslladar la matr\u00edcula disposi de places.<\/p>\n<p align=\"JUSTIFY\">De manera extraordin\u00e0ria i dins el per\u00edode no lectiu, els alumnes oficials, un cop hagin formalitzat la matr\u00edcula al seu centre d\u2019origen, poden sol\u00b7licitar un trasllat de matr\u00edcula a una altra escola els dies <b>10 i 11<\/b> <b>de juliol.<\/b> La sol\u00b7licitud es far\u00e0 presencialment a l\u2019escola de destinaci\u00f3, i quedar\u00e0 condicionada a la disponibilitat de places. L\u2019escola de destinaci\u00f3 es posar\u00e0 en contacte amb els alumnes, a trav\u00e9s dels mitjans que estableixi, per notificar l\u2019acceptaci\u00f3 o la denegaci\u00f3 del trasllat. En cas d\u2019acceptaci\u00f3, el proc\u00e9s de trasllat ha d\u2019haver acabat a tot estirar el <b>17 de juliol<\/b>. La documentaci\u00f3 que caldr\u00e0 aportar en el moment de sol\u00b7licitar el trasllat ser\u00e0 el full de pagament de la matr\u00edcula. En cas que s\u2019accepti, caldr\u00e0 tramitar el trasllat d\u2019expedient a l\u2019escola d\u2019origen.<\/p>\n<div style=\"display: none;\"><\/div>\n<div style=\"display: none;\"><\/div>\n<div style=\"display: none;\"><\/div>\n","protected":false},"excerpt":{"rendered":"<p>Es considera un alumne &#8220;antic&#8221; a qualsevol persona matriculada en un curs oficial d\u2019un idioma en aquesta escola l\u2019any acad\u00e8mic immediatament anterior.<br \/>\nProc\u00e9s de matriculaci\u00f3:<br \/>\nFormalitzeu la vostra matr\u00edcula a CentrosNet de l&#8217;1 al 7 de juliol.<br \/>\n<a href=\"https:\/\/www.informaticacentros.com\/centrosnet\/ultralogin.php?tcentro=EOI&amp;centro=T04\"><\/a><br \/>\nFeu clic a la icona\u00a0per accedir a CentrosNet<br \/>\nCalendari de matr\u00edcula&hellip;  <a href=\"https:\/\/agora-eoi.xtec.cat\/eoidelvendrell\/secretaria\/matricula\/alumnes-nous\/\" title=\"Read Alumnes Oficials (Antics alumnes)\">Llegeix m\u00e9s\u00bb<\/a><\/p>\n","protected":false},"author":1,"featured_media":0,"parent":8161,"menu_order":20,"comment_status":"closed","ping_status":"closed","template":"page-templates\/side-menu.php","meta":{"_bbp_topic_count":0,"_bbp_reply_count":0,"_bbp_total_topic_count":0,"_bbp_total_reply_count":0,"_bbp_voice_count":0,"_bbp_anonymous_reply_count":0,"_bbp_topic_count_hidden":0,"_bbp_reply_count_hidden":0,"_bbp_forum_subforum_count":0,"footnotes":""},"class_list":["post-8166","page","type-page","status-publish","hentry"],"post_mailing_queue_ids":[],"_links":{"self":[{"href":"https:\/\/agora-eoi.xtec.cat\/eoidelvendrell\/wp-json\/wp\/v2\/pages\/8166","targetHints":{"allow":["GET"]}}],"collection":[{"href":"https:\/\/agora-eoi.xtec.cat\/eoidelvendrell\/wp-json\/wp\/v2\/pages"}],"about":[{"href":"https:\/\/agora-eoi.xtec.cat\/eoidelvendrell\/wp-json\/wp\/v2\/types\/page"}],"author":[{"embeddable":true,"href":"https:\/\/agora-eoi.xtec.cat\/eoidelvendrell\/wp-json\/wp\/v2\/users\/1"}],"replies":[{"embeddable":true,"href":"https:\/\/agora-eoi.xtec.cat\/eoidelvendrell\/wp-json\/wp\/v2\/comments?post=8166"}],"version-history":[{"count":6,"href":"https:\/\/agora-eoi.xtec.cat\/eoidelvendrell\/wp-json\/wp\/v2\/pages\/8166\/revisions"}],"predecessor-version":[{"id":12972,"href":"https:\/\/agora-eoi.xtec.cat\/eoidelvendrell\/wp-json\/wp\/v2\/pages\/8166\/revisions\/12972"}],"up":[{"embeddable":true,"href":"https:\/\/agora-eoi.xtec.cat\/eoidelvendrell\/wp-json\/wp\/v2\/pages\/8161"}],"wp:attachment":[{"href":"https:\/\/agora-eoi.xtec.cat\/eoidelvendrell\/wp-json\/wp\/v2\/media?parent=8166"}],"curies":[{"name":"wp","href":"https:\/\/api.w.org\/{rel}","templated":true}]}}