{"id":8151,"date":"2016-06-08T16:42:13","date_gmt":"2016-06-08T15:42:13","guid":{"rendered":"http:\/\/agora-eoi.xtec.cat\/eoidelvendrell\/?page_id=8151"},"modified":"2022-06-28T17:45:45","modified_gmt":"2022-06-28T15:45:45","slug":"cursos-oficials","status":"publish","type":"page","link":"https:\/\/agora-eoi.xtec.cat\/eoidelvendrell\/cursos\/cursos-oficials\/","title":{"rendered":"Cursos Oficials"},"content":{"rendered":"<p><span style=\"color: #0000ff;\"><strong>DURADA DEL CURS<\/strong><\/span><\/p>\n<p>En aquesta EOI s&#8217;imparteixen els idiomes d&#8217;<strong>angl\u00e8s<\/strong> i<strong> franc\u00e8s<\/strong>.<\/p>\n<p>Modalitat d&#8217;horari: curs extensiu.<\/p>\n<p><strong>La matr\u00edcula oficial<\/strong> d\u00f3na dret a assistir com a m\u00ednim a <strong>130 hores de classe<\/strong> per curs i als ex\u00e0mens corresponents.<\/p>\n<p>L&#8217;EOI del Vendrell imparteix <strong>el curs oficial extensiu en horari altern<\/strong>, classes en dies alterns (dilluns i dimecres o dimarts i dijous).<\/p>\n<ul>\n<li><strong>GRUPS A: <\/strong>dilluns i dimecres<\/li>\n<li><strong>GRUPS B:<\/strong> dimarts i dijous<\/li>\n<\/ul>\n<p><span style=\"color: #0000ff;\"><strong>HORARI DE CLASSE<\/strong><\/span><\/p>\n<p>Totes les classes es fan en horari de <strong>tarda-vespre.<\/strong><br \/>\nLa franja hor\u00e0ria de classe \u00e9s de <strong>16.00 a 21.00 hores.<\/strong><br \/>\nLa tria de l\u2019horari de classe es fa en el moment de formalitzar la matr\u00edcula, segons el torn d\u2019horari establert en el sorteig.<\/p>\n<p><span style=\"color: #0000ff;\"><strong>PROGRAMA D&#8217;ESTUDIS<\/strong><\/span><\/p>\n<p>Els estudis d&#8217;angl\u00e8s i franc\u00e8s s&#8217;estructuren en set cursos d&#8217;una durada <strong>m\u00ednima de 130 hores<\/strong>:<\/p>\n<ul class=\"ja-typo-list list-check\">\n<li><span class=\"icon\">\u00a0<\/span>Primer i segon curs (A1, A2), nivell b\u00e0sic (nivell A2+ del <a href=\"https:\/\/ca.wikipedia.org\/wiki\/Marc_europeu_com%C3%BA_de_refer%C3%A8ncia_per_a_les_lleng%C3%BCes\">Marc Europeu Com\u00fa de Refer\u00e8ncia<\/a>, d\u2019ara endavant MECR).<\/li>\n<li><span class=\"icon\">\u00a0<\/span>Tercer curs, nivell intermedi B1 (nivell B1 del MECR).<\/li>\n<li><span class=\"icon\">\u00a0<\/span>Quart i cinqu\u00e8 curs (B2.1, B2.2), nivell intermedi B2 (nivell B2 del MECR).<\/li>\n<li>\u00a0Nivell C1<\/li>\n<li>\u00a0Nivell C2<\/li>\n<\/ul>\n<p>La finalitat dels ensenyaments d&#8217;idiomes \u00e9s capacitar l&#8217;alumnat per utilitzar l&#8217;idioma de manera efectiva com a <strong>vehicle de comunicaci\u00f3<\/strong> general. Per assolir aquesta finalitat cal aconseguir els objectius seg\u00fcents:<\/p>\n<ul class=\"ja-typo-list list-check\">\n<li><span class=\"icon\">\u00a0<\/span>Adquirir les <strong>habilitats<\/strong> b\u00e0siques receptives i productives, tant del llenguatge oral com de l&#8217;escrit.<\/li>\n<li><span class=\"icon\">\u00a0<\/span>Desenvolupar estrat\u00e8gies <strong>comunicatives<\/strong> en diferents \u00e0rees de comunicaci\u00f3.<\/li>\n<li><span class=\"icon\">\u00a0<\/span>Desenvolupar estrat\u00e8gies per a l&#8217;aprenentatge <strong>aut\u00f2nom i continu<\/strong> de lleng\u00fces, que puguin facilitar l&#8217;\u00fas de l&#8217;idioma en l&#8217;exercici d&#8217;activitats professionals i en altres \u00e0mbits de la cultura o d&#8217;inter\u00e8s personal.<\/li>\n<li><span class=\"icon\">\u00a0<\/span>Desenvolupar <strong>actituds positives<\/strong> envers la diversitat ling\u00fc\u00edstica i el pluralisme cultural.<\/li>\n<\/ul>\n<p>Quan s&#8217;assoleixen els objectius finals del segon curs s&#8217;obt\u00e9 el certificat del<strong> nivell b\u00e0sic<\/strong> (nivell A2+ del MECR). Els certificats de nivell intermedi B1, Nivell Intermedi B2, Nivell Avan\u00e7at C1 i Nivell Avan\u00e7at C2 de les EOI nom\u00e9s es poden obtenir si se superen les proves corresponents.<\/p>\n<p>Els nivells dels dos certificats d&#8217;escola oficial d&#8217;idiomes poden comparar-se als nivells descrits en els documents publicats pel Consell d&#8217;Europa, en especial el Marc europeu de refer\u00e8ncia. Al final del nivell intermedi i del nivell avan\u00e7at els alumnes han de superar una prova de certificat, dissenyada des del Centre de Recursos de Lleng\u00fces Estrangeres del Departament d&#8217;Ensenyament de la Generalitat (\u00c0rea de Certificacions), amb uns criteris unificats per a tota Catalunya.<\/p>\n<p>Els alumnes que obtenen al certificat de <strong>nivell intermedi<\/strong> es poden considerar dins la franja B1 del Consell d&#8217;Europa &#8211; usuari independent.<\/p>\n<p>Els alumnes que obtenen al certificat de <strong>nivell avan\u00e7at<\/strong> es poden situar dins la part alta de la franja B2 del Consell d&#8217;Europa, el nivell considerat avan\u00e7at dins de la definici\u00f3 d&#8217;usuari independent.<\/p>\n<p><span style=\"color: #0000ff;\"><strong>PLA D&#8217;ESTUDIS<\/strong><\/span><\/p>\n<p>El pla d&#8217;estudis de les EOI desenvolupa la finalitat dels ensenyaments d&#8217;idiomes que s&#8217;hi imparteixen, que \u00e9s la capacitat de l&#8217;alumnat en l&#8217;\u00fas efectiu de l&#8217;idioma com a vehicle de comunicaci\u00f3 general.<\/p>\n<p>Per assolir aquesta finalitat, a les EOI es treballa per tal que l&#8217;alumnat:<\/p>\n<ul>\n<li>Adquireixi les habilitats b\u00e0siques <strong>receptives i productives<\/strong>, tant del llenguatge oral com de l&#8217;escrit;<\/li>\n<li>Desenvolupi estrat\u00e8gies comunicatives en<strong>\u00a0\u00e0rees diferents<\/strong> de la comunicaci\u00f3;<\/li>\n<li>Desenvolupi estrat\u00e8gies per a l&#8217;<strong>aprenentatge aut\u00f2nom i continu<\/strong> de lleng\u00fces, que puguin facilitar l&#8217;\u00fas de l&#8217;idioma en l&#8217;exercici d&#8217;activitats professionals i en altres \u00e0mbits de la cultura o d&#8217;inter\u00e8s personal;<\/li>\n<li>Desenvolupi <strong>actituds positives<\/strong> envers la diversitat ling\u00fc\u00edstica i el pluralisme cultural.<\/li>\n<\/ul>\n<p>&nbsp;<\/p>\n","protected":false},"excerpt":{"rendered":"<p>DURADA DEL CURS<br \/>\nEn aquesta EOI s&#8217;imparteixen els idiomes d&#8217;angl\u00e8s i franc\u00e8s.<br \/>\nModalitat d&#8217;horari: curs extensiu.<br \/>\nLa matr\u00edcula oficial d\u00f3na dret a assistir com a m\u00ednim a 130 hores de classe per curs i als ex\u00e0mens corresponents.<br \/>\nL&#8217;EOI del Vendrell imparteix el curs oficial extensiu en horari altern, classes&hellip;  <a href=\"https:\/\/agora-eoi.xtec.cat\/eoidelvendrell\/cursos\/cursos-oficials\/\" title=\"Read Cursos Oficials\">Llegeix m\u00e9s\u00bb<\/a><\/p>\n","protected":false},"author":1,"featured_media":0,"parent":8149,"menu_order":1,"comment_status":"closed","ping_status":"closed","template":"page-templates\/side-menu.php","meta":{"_bbp_topic_count":0,"_bbp_reply_count":0,"_bbp_total_topic_count":0,"_bbp_total_reply_count":0,"_bbp_voice_count":0,"_bbp_anonymous_reply_count":0,"_bbp_topic_count_hidden":0,"_bbp_reply_count_hidden":0,"_bbp_forum_subforum_count":0,"footnotes":""},"class_list":["post-8151","page","type-page","status-publish","hentry"],"post_mailing_queue_ids":[],"_links":{"self":[{"href":"https:\/\/agora-eoi.xtec.cat\/eoidelvendrell\/wp-json\/wp\/v2\/pages\/8151","targetHints":{"allow":["GET"]}}],"collection":[{"href":"https:\/\/agora-eoi.xtec.cat\/eoidelvendrell\/wp-json\/wp\/v2\/pages"}],"about":[{"href":"https:\/\/agora-eoi.xtec.cat\/eoidelvendrell\/wp-json\/wp\/v2\/types\/page"}],"author":[{"embeddable":true,"href":"https:\/\/agora-eoi.xtec.cat\/eoidelvendrell\/wp-json\/wp\/v2\/users\/1"}],"replies":[{"embeddable":true,"href":"https:\/\/agora-eoi.xtec.cat\/eoidelvendrell\/wp-json\/wp\/v2\/comments?post=8151"}],"version-history":[{"count":3,"href":"https:\/\/agora-eoi.xtec.cat\/eoidelvendrell\/wp-json\/wp\/v2\/pages\/8151\/revisions"}],"predecessor-version":[{"id":10945,"href":"https:\/\/agora-eoi.xtec.cat\/eoidelvendrell\/wp-json\/wp\/v2\/pages\/8151\/revisions\/10945"}],"up":[{"embeddable":true,"href":"https:\/\/agora-eoi.xtec.cat\/eoidelvendrell\/wp-json\/wp\/v2\/pages\/8149"}],"wp:attachment":[{"href":"https:\/\/agora-eoi.xtec.cat\/eoidelvendrell\/wp-json\/wp\/v2\/media?parent=8151"}],"curies":[{"name":"wp","href":"https:\/\/api.w.org\/{rel}","templated":true}]}}