{"id":797,"date":"2015-11-28T21:06:57","date_gmt":"2015-11-28T20:06:57","guid":{"rendered":"http:\/\/agora-eoi.xtec.cat\/eoidelvendrell\/?page_id=797"},"modified":"2025-06-02T17:38:26","modified_gmt":"2025-06-02T15:38:26","slug":"presentacio","status":"publish","type":"page","link":"https:\/\/agora-eoi.xtec.cat\/eoidelvendrell\/el-servei-educatiu\/presentacio\/","title":{"rendered":"Presentaci\u00f3"},"content":{"rendered":"<p>L\u2019Escola Oficial d\u2019Idiomes del Vendrell (EOIV) \u00e9s un centre educatiu de <strong>r\u00e8gim especial<\/strong>, no universitari, de titularitat p\u00fablica. Forma part de la <strong>xarxa<\/strong> d\u2019EOI que depenen directament del Departament d\u2019Educaci\u00f3 i Formaci\u00f3 Professional de la Generalitat de Catalunya, imparteixen els ensenyaments especialitzats regulats per la Llei org\u00e0nica d&#8217;educaci\u00f3 (LOE) i estan distribu\u00efdes per tot el territori.<\/p>\n<p>L\u2019EOIV es troba a la comarca del Baix Pened\u00e8s, en el municipi del Vendrell i \u00e9s <strong>l\u2019\u00fanic centre d\u2019aquestes caracter\u00edstiques<\/strong> a la comarca. Aquest centre oficial d\u2019ensenyament d\u2019idiomes es va posar en funcionament durant el mes de juliol de 2003 i oferta cursos d\u2019angl\u00e8s i de franc\u00e8s i des del 2024 tamb\u00e9 oferta cursos de catal\u00e0. Les escoles oficials d&#8217;idiomes tamb\u00e9 gestionen les certificacions acad\u00e8miques corresponents a aquests ensenyaments especialitzats. <strong>Aquestes certificacions s\u00f3n reconegudes arreu de l&#8217;Estat espanyol, s\u00f3n les \u00faniques oficials<\/strong>, estan validades pel Consell d&#8217;Europa per mitj\u00e0 del <strong>Marc Europeu de Refer\u00e8ncia<\/strong> i es poden obtenir tant en convocat\u00f2ria oficial com en convocat\u00f2ria lliure.<\/p>\n<p>Actualment, l\u2019escola compta amb 13 grups d\u2019angl\u00e8s, 5 grups de franc\u00e8s i 2 grups de catal\u00e0 amb una r\u00e0tio m\u00e0xima de 30 alumnes per grup. Tal com est\u00e0 previst en els ensenyaments d\u2019idiomes de r\u00e8gim especial, l\u2019alumnat ha d\u2019haver acabat el primer cicle d\u2019ESO per poder-se matricular en una EOI, i per aquesta ra\u00f3 l\u2019edat m\u00ednima dels alumnes \u00e9s de <strong>14 anys<\/strong> per als alumnes que estudi\u00efn una llengua diferent de l\u2019idioma obligatori de la ESO i de <strong>16 anys<\/strong> per accedir a qualsevol idioma. Aix\u00f2 explica la diversa tipologia d\u2019alumnat que podem trobar al centre. B\u00e0sicament, podem parlar de tres perfils: estudiants d\u2019ensenyaments secundaris, estudiants universitaris de diferents camps i mat\u00e8ries, i joves professionals amb un ampli ventall d\u2019activitats professionals i inquietuds. L\u2019alumnat tamb\u00e9 compta amb persones d\u2019una certa edat que pel seu car\u00e0cter inquiet i d\u2019afany de superaci\u00f3 volen completar la seva experi\u00e8ncia vital amb l\u2019aprenentatge d\u2019una llengua estrangera.<\/p>\n<p>L\u2019escola no t\u00e9 edifici propi i <strong>comparteix<\/strong> els espais de l\u2019edifici on es troba l\u2019Institut Baix Pened\u00e8s. Aquesta situaci\u00f3 ens permet gaudir d\u2019espais amplis i de compartir recursos amb aquest centre on disposem de 6 aules pr\u00f2pies equipades amb kit multim\u00e8dia d\u2019aula i pissarra digital. En \u00e8poca d\u2019ex\u00e0mens i per a les activitats culturals podem fer \u00fas de la sala multiusos, completament renovada, amb capacitat per a 100 persones. L\u2019escola t\u00e9 un aparcament p\u00fablic i gratu\u00eft al davant mateix i en els carrers adjacents \u00e9s f\u00e0cil trobar aparcament, sobretot en el segon torn de classes.<\/p>\n<p><strong>Marc legal<br \/><\/strong>Els ensenyaments de les EOI a Catalunya s&#8217;inscriuen en el marc legal administratiu establert en els seg\u00fcents documents:<\/p>\n<ul>\n<li>Llei Org\u00e0nica 2\/2006, de 3 de maig, d&#8217;educaci\u00f3 (BOE 106, de 04\/05\/2006)<\/li>\n<li>Reial Decret 1629\/2006, de 29 de desembre, pel qual es fixen els aspectes b\u00e0sics del curr\u00edculum dels ensenyaments d\u2019idiomes de r\u00e8gim especial regulats per la Llei Org\u00e0nica 2\/2006, de 3 de maig.<\/li>\n<li>Decret 4\/2009, de 13 de gener, pel qual s&#8217;estableix l&#8217;ordenaci\u00f3 i el curr\u00edculum dels ensenyaments d&#8217;idiomes de r\u00e8gim especial per a l&#8217;\u00e0mbit de Catalunya <a href=\"http:\/\/www.gencat.cat\/diari\/5297\/09009001.htm\" target=\"_blank\" rel=\"noopener noreferrer\">cliqueu aqu\u00ed per veure.<\/a><\/li>\n<li>Decret 45\/2022, de 15 de mar\u00e7,\u00a0pel qual s&#8217;estableix l&#8217;ordenaci\u00f3 dels ensenyaments d&#8217;idiomes de r\u00e8gim especial i el curr\u00edculum del nivell intermedi de diversos idiomes <a href=\"https:\/\/dogc.gencat.cat\/ca\/document-del-dogc\/?documentId=923138\">cliqueu aqu\u00ed per veure.<\/a><\/li>\n<\/ul>\n<p><strong>Marc europeu com\u00fa<\/strong><\/p>\n<p>El pla d&#8217;estudis a les EOI s&#8217;estructura en tres nivells segons el nou curr\u00edculum dels ensenyaments d&#8217;idiomes establert a la LOE (Llei Org\u00e0nica d\u2019Educaci\u00f3 2\/2006, de 3 de maig). Poden comparar-se amb els nivells descrits pel Marc Europeu de Refer\u00e8ncia publicat pel Consell d&#8217;Europa.<\/p>\n<ul>\n<li><a href=\"https:\/\/llengua.gencat.cat\/ca\/serveis\/informacio_i_difusio\/publicacions_en_linia\/classific_temes\/temes_materials_didactics\/marc_europeu_de_referencia_per_a_les_llengues\/index.html\" target=\"_blank\" rel=\"noopener noreferrer\">El Marc europeu com\u00fa de refer\u00e8ncia a les EOIs de Catalunya<\/a><\/li>\n<li><a href=\"http:\/\/www.coe.int\/en\/web\/portfolio\" target=\"_blank\" rel=\"noopener noreferrer\">European Language Portfolio<\/a><\/li>\n<li><a href=\"http:\/\/www.coe.int\/t\/dg4\/linguistic\/Manuel1_EN.asp#TopOfPage\" target=\"_blank\" rel=\"noopener noreferrer\">Manual per a relacionar ex\u00e0mens amb el Marc Com\u00fa de Refer\u00e8ncia<\/a><\/li>\n<\/ul>\n<p><strong>M\u00e9s informaci\u00f3<\/strong><\/p>\n<ul>\n<li>Apartat de les <a href=\"https:\/\/xtec.gencat.cat\/ca\/curriculum\/idiomes-a-les-eoi\/centres\/\" target=\"_blank\" rel=\"noopener noreferrer\">Escoles oficials d&#8217;idiomes a la XTEC<\/a><\/li>\n<\/ul>\n<div style=\"display: none;\">\u00a0<\/div>\n\n\n<p><\/p>\n","protected":false},"excerpt":{"rendered":"<p>L\u2019Escola Oficial d\u2019Idiomes del Vendrell (EOIV) \u00e9s un centre educatiu de r\u00e8gim especial, no universitari, de titularitat p\u00fablica. Forma part de la xarxa d\u2019EOI que depenen directament del Departament d\u2019Educaci\u00f3 i Formaci\u00f3 Professional de la Generalitat de Catalunya, imparteixen els ensenyaments especialitzats regulats per la&hellip;  <a href=\"https:\/\/agora-eoi.xtec.cat\/eoidelvendrell\/el-servei-educatiu\/presentacio\/\" title=\"Read Presentaci\u00f3\">Llegeix m\u00e9s\u00bb<\/a><\/p>\n","protected":false},"author":1,"featured_media":0,"parent":806,"menu_order":10,"comment_status":"closed","ping_status":"closed","template":"page-templates\/side-menu.php","meta":{"_bbp_topic_count":0,"_bbp_reply_count":0,"_bbp_total_topic_count":0,"_bbp_total_reply_count":0,"_bbp_voice_count":0,"_bbp_anonymous_reply_count":0,"_bbp_topic_count_hidden":0,"_bbp_reply_count_hidden":0,"_bbp_forum_subforum_count":0,"footnotes":""},"class_list":["post-797","page","type-page","status-publish","hentry"],"post_mailing_queue_ids":[],"_links":{"self":[{"href":"https:\/\/agora-eoi.xtec.cat\/eoidelvendrell\/wp-json\/wp\/v2\/pages\/797","targetHints":{"allow":["GET"]}}],"collection":[{"href":"https:\/\/agora-eoi.xtec.cat\/eoidelvendrell\/wp-json\/wp\/v2\/pages"}],"about":[{"href":"https:\/\/agora-eoi.xtec.cat\/eoidelvendrell\/wp-json\/wp\/v2\/types\/page"}],"author":[{"embeddable":true,"href":"https:\/\/agora-eoi.xtec.cat\/eoidelvendrell\/wp-json\/wp\/v2\/users\/1"}],"replies":[{"embeddable":true,"href":"https:\/\/agora-eoi.xtec.cat\/eoidelvendrell\/wp-json\/wp\/v2\/comments?post=797"}],"version-history":[{"count":5,"href":"https:\/\/agora-eoi.xtec.cat\/eoidelvendrell\/wp-json\/wp\/v2\/pages\/797\/revisions"}],"predecessor-version":[{"id":12934,"href":"https:\/\/agora-eoi.xtec.cat\/eoidelvendrell\/wp-json\/wp\/v2\/pages\/797\/revisions\/12934"}],"up":[{"embeddable":true,"href":"https:\/\/agora-eoi.xtec.cat\/eoidelvendrell\/wp-json\/wp\/v2\/pages\/806"}],"wp:attachment":[{"href":"https:\/\/agora-eoi.xtec.cat\/eoidelvendrell\/wp-json\/wp\/v2\/media?parent=797"}],"curies":[{"name":"wp","href":"https:\/\/api.w.org\/{rel}","templated":true}]}}