{"id":12976,"date":"2025-06-12T17:48:59","date_gmt":"2025-06-12T15:48:59","guid":{"rendered":"https:\/\/agora-eoi.xtec.cat\/eoidelvendrell\/?page_id=12976"},"modified":"2025-07-15T11:45:51","modified_gmt":"2025-07-15T09:45:51","slug":"matricula-dactualitzacio-curs-25-26","status":"publish","type":"page","link":"https:\/\/agora-eoi.xtec.cat\/eoidelvendrell\/matricula-dactualitzacio-curs-25-26\/","title":{"rendered":"Matr\u00edcula d\u2019actualitzaci\u00f3 curs 25-26"},"content":{"rendered":"\n<p><strong><mark style=\"background-color:rgba(0, 0, 0, 0);color:#1407e3\" class=\"has-inline-color\">Qu\u00e8 \u00e9s?<\/mark><\/strong><\/p>\n\n\n\n<p>Les persones que ja <strong>hagin cursat i superat amb anterioritat<\/strong> cursos de les escoles oficials d\u2019idiomes o CFA, i que vulguin actualitzar-ne els coneixements, poden sol\u00b7licitar matricular-se en l\u2019\u00faltim curs fet o en qualsevol dels cursos inferiors a aquell nivell que tenen aprovat. Des del curs 2024-25, ja <strong>no cal esperar<\/strong> dos cursos des que es va superar el curs que es vol actualitzar.<\/p>\n\n\n\n<p>La sol\u00b7licitud per a aquest tipus de&nbsp;matr\u00edcula s\u2019ha de presentar al centre, es resol <strong>un cop finalitzat el per\u00edode d\u2019admissi\u00f3<\/strong>, i nom\u00e9s s\u2019admet&nbsp;si existeixen vacants en el curs i idioma sol\u00b7licitat. La sol\u00b7licitud \u00e9s v\u00e0lida nom\u00e9s per al curs acad\u00e8mic en qu\u00e8 se sol\u00b7licita i s\u2019ha de tornar a presentar per a cursos acad\u00e8mics posteriors, si l\u2019alumne\/a ho vol.<\/p>\n\n\n\n<p>Aquest tipus de matr\u00edcula&nbsp;<strong>no t\u00e9 efectes acad\u00e8mics ni dona lloc a cap certificat oficial<\/strong>. La qualificaci\u00f3 que es fa constar a l\u2019expedient acad\u00e8mic de l\u2019alumne \u00e9s de \u201cno qualificat\/ada\u201d. En el cas dels cursos que condueixen a l\u2019obtenci\u00f3 d\u2019un certificat, els alumnes en aquesta situaci\u00f3 no tenen dret a sol\u00b7licitar una nova expedici\u00f3 del certificat obtingut anteriorment, per\u00f2 poden sol\u00b7licitar un certificat d\u2019actualitzaci\u00f3 al centre on estiguin matriculats.&nbsp;Pel que fa al preu del servei, aquests alumnes han de pagar la taxa o el preu p\u00fablic corresponent, sense penalitzaci\u00f3 per repetici\u00f3. Durant un mateix curs acad\u00e8mic no es pot simultaniejar una matr\u00edcula ordin\u00e0ria als ensenyaments presencials amb una matr\u00edcula d\u2019actualitzaci\u00f3 del mateix idioma.<\/p>\n\n\n\n<p><mark style=\"background-color:rgba(0, 0, 0, 0);color:#1407e3\" class=\"has-inline-color\"><strong>Sol\u00b7licitud:<\/strong><\/mark><\/p>\n\n\n\n<p>Les persones que ja hagin cursat i superat amb anterioritat cursos de les escoles oficials d\u2019idiomes, i que vulguin actualitzar-ne els coneixements, poden sol\u00b7licitar fer una flexibilitzaci\u00f3 de l\u2019itinerari educatiu: matricular-se en l\u2019\u00faltim curs fet o en qualsevol dels cursos inferiors a aquell nivell.<\/p>\n\n\n\n<ul class=\"wp-block-list\">\n<li><strong>Termini de sol\u00b7licituds:<\/strong>&nbsp;fins al 19 de setembre<\/li>\n\n\n\n<li><strong>Resoluci\u00f3:<\/strong>&nbsp;22 de setembre<\/li>\n\n\n\n<li><strong>Matr\u00edcula:<\/strong>&nbsp;23 de setembre<\/li>\n<\/ul>\n\n\n\n<p>Descarregueu la sol\u00b7licitud per omplir-la amb les vostres dades i prefer\u00e8ncies&nbsp;<a href=\"https:\/\/drive.google.com\/file\/d\/1tLtrtxULLH78aFxC22eaJSrVQ-aofvEB\/view?usp=drive_link\" target=\"_blank\" rel=\"noreferrer noopener\">aqu\u00ed<\/a>.<\/p>\n\n\n\n<p><\/p>\n","protected":false},"excerpt":{"rendered":"<p>Qu\u00e8 \u00e9s?<\/p>\n<p>Les persones que ja hagin cursat i superat amb anterioritat cursos de les escoles oficials d\u2019idiomes o CFA, i que vulguin actualitzar-ne els coneixements, poden sol\u00b7licitar matricular-se en l\u2019\u00faltim curs fet o en qualsevol dels cursos inferiors a aquell nivell que tenen aprovat. Des&hellip;  <a href=\"https:\/\/agora-eoi.xtec.cat\/eoidelvendrell\/matricula-dactualitzacio-curs-25-26\/\" title=\"Read Matr\u00edcula d\u2019actualitzaci\u00f3 curs 25-26\">Llegeix m\u00e9s\u00bb<\/a><\/p>\n","protected":false},"author":1,"featured_media":0,"parent":0,"menu_order":0,"comment_status":"closed","ping_status":"closed","template":"page-templates\/side-menu.php","meta":{"_bbp_topic_count":0,"_bbp_reply_count":0,"_bbp_total_topic_count":0,"_bbp_total_reply_count":0,"_bbp_voice_count":0,"_bbp_anonymous_reply_count":0,"_bbp_topic_count_hidden":0,"_bbp_reply_count_hidden":0,"_bbp_forum_subforum_count":0,"footnotes":""},"class_list":["post-12976","page","type-page","status-publish","hentry"],"post_mailing_queue_ids":[],"_links":{"self":[{"href":"https:\/\/agora-eoi.xtec.cat\/eoidelvendrell\/wp-json\/wp\/v2\/pages\/12976","targetHints":{"allow":["GET"]}}],"collection":[{"href":"https:\/\/agora-eoi.xtec.cat\/eoidelvendrell\/wp-json\/wp\/v2\/pages"}],"about":[{"href":"https:\/\/agora-eoi.xtec.cat\/eoidelvendrell\/wp-json\/wp\/v2\/types\/page"}],"author":[{"embeddable":true,"href":"https:\/\/agora-eoi.xtec.cat\/eoidelvendrell\/wp-json\/wp\/v2\/users\/1"}],"replies":[{"embeddable":true,"href":"https:\/\/agora-eoi.xtec.cat\/eoidelvendrell\/wp-json\/wp\/v2\/comments?post=12976"}],"version-history":[{"count":5,"href":"https:\/\/agora-eoi.xtec.cat\/eoidelvendrell\/wp-json\/wp\/v2\/pages\/12976\/revisions"}],"predecessor-version":[{"id":13044,"href":"https:\/\/agora-eoi.xtec.cat\/eoidelvendrell\/wp-json\/wp\/v2\/pages\/12976\/revisions\/13044"}],"wp:attachment":[{"href":"https:\/\/agora-eoi.xtec.cat\/eoidelvendrell\/wp-json\/wp\/v2\/media?parent=12976"}],"curies":[{"name":"wp","href":"https:\/\/api.w.org\/{rel}","templated":true}]}}