{"id":12935,"date":"2025-06-12T16:04:37","date_gmt":"2025-06-12T14:04:37","guid":{"rendered":"https:\/\/agora-eoi.xtec.cat\/eoidelvendrell\/?page_id=12935"},"modified":"2025-06-12T17:51:18","modified_gmt":"2025-06-12T15:51:18","slug":"la-ia-a-les-aules","status":"publish","type":"page","link":"https:\/\/agora-eoi.xtec.cat\/eoidelvendrell\/cultura-digital\/la-ia-a-les-aules\/","title":{"rendered":"LA INTEL\u00b7LIG\u00c8NCIA ARTIFICIAL (IA) A LES AULES"},"content":{"rendered":"\n<p class=\"has-text-align-center has-text-color has-link-color wp-elements-dee2e7bb43f40f37c67a1a530150df61\" style=\"color:#0736e3\"><strong>COM UTILITZAR LA IA PERQU\u00c8 SIGUI \u00daTIL PER AL PROC\u00c9S D\u2019APRENENTATGE<\/strong><\/p>\n\n\n\n<figure class=\"wp-block-image size-full is-style-rounded\"><a href=\"https:\/\/agora-eoi.xtec.cat\/eoidelvendrell\/wp-content\/uploads\/usu2263\/2025\/06\/ai-in-class-1.jpg\"><img loading=\"lazy\" decoding=\"async\" width=\"1019\" height=\"579\" src=\"https:\/\/agora-eoi.xtec.cat\/eoidelvendrell\/wp-content\/uploads\/usu2263\/2025\/06\/ai-in-class-1.jpg\" alt=\"\" class=\"wp-image-12938\" srcset=\"https:\/\/agora-eoi.xtec.cat\/eoidelvendrell\/wp-content\/uploads\/usu2263\/2025\/06\/ai-in-class-1.jpg 1019w, https:\/\/agora-eoi.xtec.cat\/eoidelvendrell\/wp-content\/uploads\/usu2263\/2025\/06\/ai-in-class-1-300x170.jpg 300w, https:\/\/agora-eoi.xtec.cat\/eoidelvendrell\/wp-content\/uploads\/usu2263\/2025\/06\/ai-in-class-1-768x436.jpg 768w\" sizes=\"auto, (max-width: 1019px) 100vw, 1019px\" \/><\/a><\/figure>\n\n\n\n<p class=\"has-text-align-center\"><\/p>\n\n\n\n<p class=\"has-text-color has-link-color wp-elements-b3835b41db223c969ae6b2888ca2ee47\" style=\"color:#0736e3\"><strong>A\/ PER TREBALLAR L\u2019EXPRESSI\u00d3 ESCRITA<\/strong><\/p>\n\n\n\n<p>Els assistents d&#8217;escriptura amb IA poden revisar i suggerir millores per al treball de l&#8217;alumnat. Poden comprovar si hi ha errors gramaticals, errors tipogr\u00e0fics i, fins i tot, proporcionar recomanacions estil\u00edstiques per millorar la claredat i la coher\u00e8ncia.<\/p>\n\n\n\n<p class=\"has-text-color has-link-color wp-elements-95cd95ec18af67453bc0ca79846b9878\" style=\"color:#0736e3\"><strong>B\/ PER TREBALLAR L\u2019EXPRESSI\u00d3 ORAL<\/strong><\/p>\n\n\n\n<p>Els assistents virtuals i els xatbots s\u00f3n molt \u00fatils per a practicar una llengua de manera interactiva i per a millorar les habilitats ling\u00fc\u00edstiques.<\/p>\n\n\n\n<p class=\"has-text-color has-link-color wp-elements-6ab4ce2f254b9a86cd8dff0f0c641796\" style=\"color:#0736e3\"><strong>C\/ PER TREBALLAR LA PRONUNCIACI\u00d3<\/strong><\/p>\n\n\n\n<p>Els assistents virtuals de reconeixement de veu i pron\u00fancia tenen la capacitat d\u2019analitzar la veu i de proporcionar, instant\u00e0niament, una retroacci\u00f3 sobre la manera de pronunciar.<\/p>\n\n\n\n<p class=\"has-text-color has-link-color wp-elements-2c59162a23b4e426cb8fc26dd6ef6d68\" style=\"color:#0736e3\"><strong>D\/ PER AUTOAVALUAR-SE<\/strong><\/p>\n\n\n\n<p>La IA pot generar exercicis per refor\u00e7ar continguts treballats a classe i donar retroacci\u00f3.<\/p>\n\n\n\n<p class=\"has-text-color has-link-color wp-elements-2e8ffcd9ee99a109419a1fd3f7ba3aff\" style=\"color:#0736e3\"><strong>E\/ PER RESOLDRE DUBTES<\/strong><\/p>\n\n\n\n<p>La IA pot aclarir aquells aspectes amb els quals estenen dificultats, per\u00f2 cal verificar la informaci\u00f3, tot utilitzant diverses fonts fiables.<\/p>\n\n\n\n<p class=\"has-text-color has-link-color wp-elements-fc83f0d5b0c01fa480a63131808455ec\" style=\"color:#0736e3\"><strong>IMPORTANT!<\/strong><\/p>\n\n\n\n<p>1\/ La IA es pot utilitzar<strong> a casa <\/strong>per fer recerca i preparaci\u00f3.<\/p>\n\n\n\n<p>2\/ La IA <strong>no ha de ser<\/strong> ni l\u2019autora ni la coautora dels treballs.<\/p>\n\n\n\n<p>3\/ Els menors d\u2019edat necessiten <strong>l\u2019autoritzaci\u00f3 expressa<\/strong> de la fam\u00edlia.<\/p>\n\n\n\n<p>4\/ No s\u2019han de posar mai <strong>dades personals i\/o informaci\u00f3 confidencial.<\/strong><\/p>\n\n\n\n<p><\/p>\n\n\n\n<p>Per a m\u00e9s informaci\u00f3, consulteu <a href=\"https:\/\/drive.google.com\/file\/d\/1TygFtCEAjJfF6dm8ZbhFdW_ax8L8865H\/view?usp=sharing\">aquest document.<\/a><\/p>\n\n\n\n<p class=\"has-text-align-center\"><strong><mark style=\"background-color:rgba(0, 0, 0, 0)\" class=\"has-inline-color has-black-color\">Comissi\u00f3 digital EOI del Vendrell<\/mark><\/strong><\/p>\n\n\n\n<p><\/p>\n","protected":false},"excerpt":{"rendered":"<p>COM UTILITZAR LA IA PERQU\u00c8 SIGUI \u00daTIL PER AL PROC\u00c9S D\u2019APRENENTATGE<\/p>\n<p><a href=\"https:\/\/agora-eoi.xtec.cat\/eoidelvendrell\/wp-content\/uploads\/usu2263\/2025\/06\/ai-in-class-1.jpg\"><\/a><\/p>\n<p>A\/ PER TREBALLAR L\u2019EXPRESSI\u00d3 ESCRITA<\/p>\n<p>Els assistents d&#8217;escriptura amb IA poden revisar i suggerir millores per al treball de l&#8217;alumnat. Poden comprovar si hi ha errors gramaticals, errors tipogr\u00e0fics i, fins i tot, proporcionar recomanacions&hellip;  <a href=\"https:\/\/agora-eoi.xtec.cat\/eoidelvendrell\/cultura-digital\/la-ia-a-les-aules\/\" title=\"Read LA INTEL\u00b7LIG\u00c8NCIA ARTIFICIAL (IA) A LES AULES\">Llegeix m\u00e9s\u00bb<\/a><\/p>\n","protected":false},"author":1,"featured_media":0,"parent":10500,"menu_order":0,"comment_status":"closed","ping_status":"close","template":"page-templates\/side-menu.php","meta":{"_bbp_topic_count":0,"_bbp_reply_count":0,"_bbp_total_topic_count":0,"_bbp_total_reply_count":0,"_bbp_voice_count":0,"_bbp_anonymous_reply_count":0,"_bbp_topic_count_hidden":0,"_bbp_reply_count_hidden":0,"_bbp_forum_subforum_count":0,"footnotes":""},"class_list":["post-12935","page","type-page","status-publish","hentry"],"post_mailing_queue_ids":[],"_links":{"self":[{"href":"https:\/\/agora-eoi.xtec.cat\/eoidelvendrell\/wp-json\/wp\/v2\/pages\/12935","targetHints":{"allow":["GET"]}}],"collection":[{"href":"https:\/\/agora-eoi.xtec.cat\/eoidelvendrell\/wp-json\/wp\/v2\/pages"}],"about":[{"href":"https:\/\/agora-eoi.xtec.cat\/eoidelvendrell\/wp-json\/wp\/v2\/types\/page"}],"author":[{"embeddable":true,"href":"https:\/\/agora-eoi.xtec.cat\/eoidelvendrell\/wp-json\/wp\/v2\/users\/1"}],"replies":[{"embeddable":true,"href":"https:\/\/agora-eoi.xtec.cat\/eoidelvendrell\/wp-json\/wp\/v2\/comments?post=12935"}],"version-history":[{"count":6,"href":"https:\/\/agora-eoi.xtec.cat\/eoidelvendrell\/wp-json\/wp\/v2\/pages\/12935\/revisions"}],"predecessor-version":[{"id":12982,"href":"https:\/\/agora-eoi.xtec.cat\/eoidelvendrell\/wp-json\/wp\/v2\/pages\/12935\/revisions\/12982"}],"up":[{"embeddable":true,"href":"https:\/\/agora-eoi.xtec.cat\/eoidelvendrell\/wp-json\/wp\/v2\/pages\/10500"}],"wp:attachment":[{"href":"https:\/\/agora-eoi.xtec.cat\/eoidelvendrell\/wp-json\/wp\/v2\/media?parent=12935"}],"curies":[{"name":"wp","href":"https:\/\/api.w.org\/{rel}","templated":true}]}}