{"id":12149,"date":"2024-06-21T12:43:38","date_gmt":"2024-06-21T10:43:38","guid":{"rendered":"https:\/\/agora-eoi.xtec.cat\/eoidelvendrell\/?page_id=12149"},"modified":"2025-07-15T11:43:31","modified_gmt":"2025-07-15T09:43:31","slug":"llibres-i-lectures-de-catala","status":"publish","type":"page","link":"https:\/\/agora-eoi.xtec.cat\/eoidelvendrell\/cursos\/catala\/llibres-i-lectures-de-catala\/","title":{"rendered":"Llibres i lectures de catal\u00e0 PENDENTS DE PUBLICACI\u00d3"},"content":{"rendered":"<p><em>A Punt 6 C2 Curs de Catal\u00e0<\/em>, Publicacions de l&#8217;Abadia de Montserrat.<\/p>\n<p>-Llibre de l&#8217;alumne:<\/p>\n<p><strong>ISBN: 978-84-9191-280-4<\/strong><\/p>\n<p>-i llibre d&#8217;exercicis:<\/p>\n<p><strong>ISBN: 978-84-9191-281-1<\/strong><\/p>\n<div style=\"display: none;\"><\/div>\n<div style=\"display: none;\"><\/div>\n","protected":false},"excerpt":{"rendered":"<p>A Punt 6 C2 Curs de Catal\u00e0, Publicacions de l&#8217;Abadia de Montserrat.<br \/>\n-Llibre de l&#8217;alumne:<br \/>\nISBN: 978-84-9191-280-4<br \/>\n-i llibre d&#8217;exercicis:<br \/>\nISBN: 978-84-9191-281-1<\/p>\n","protected":false},"author":1,"featured_media":0,"parent":12141,"menu_order":3,"comment_status":"closed","ping_status":"closed","template":"page-templates\/side-menu.php","meta":{"_bbp_topic_count":0,"_bbp_reply_count":0,"_bbp_total_topic_count":0,"_bbp_total_reply_count":0,"_bbp_voice_count":0,"_bbp_anonymous_reply_count":0,"_bbp_topic_count_hidden":0,"_bbp_reply_count_hidden":0,"_bbp_forum_subforum_count":0,"footnotes":""},"class_list":["post-12149","page","type-page","status-publish","hentry"],"post_mailing_queue_ids":[],"_links":{"self":[{"href":"https:\/\/agora-eoi.xtec.cat\/eoidelvendrell\/wp-json\/wp\/v2\/pages\/12149","targetHints":{"allow":["GET"]}}],"collection":[{"href":"https:\/\/agora-eoi.xtec.cat\/eoidelvendrell\/wp-json\/wp\/v2\/pages"}],"about":[{"href":"https:\/\/agora-eoi.xtec.cat\/eoidelvendrell\/wp-json\/wp\/v2\/types\/page"}],"author":[{"embeddable":true,"href":"https:\/\/agora-eoi.xtec.cat\/eoidelvendrell\/wp-json\/wp\/v2\/users\/1"}],"replies":[{"embeddable":true,"href":"https:\/\/agora-eoi.xtec.cat\/eoidelvendrell\/wp-json\/wp\/v2\/comments?post=12149"}],"version-history":[{"count":6,"href":"https:\/\/agora-eoi.xtec.cat\/eoidelvendrell\/wp-json\/wp\/v2\/pages\/12149\/revisions"}],"predecessor-version":[{"id":13042,"href":"https:\/\/agora-eoi.xtec.cat\/eoidelvendrell\/wp-json\/wp\/v2\/pages\/12149\/revisions\/13042"}],"up":[{"embeddable":true,"href":"https:\/\/agora-eoi.xtec.cat\/eoidelvendrell\/wp-json\/wp\/v2\/pages\/12141"}],"wp:attachment":[{"href":"https:\/\/agora-eoi.xtec.cat\/eoidelvendrell\/wp-json\/wp\/v2\/media?parent=12149"}],"curies":[{"name":"wp","href":"https:\/\/api.w.org\/{rel}","templated":true}]}}