{"id":11656,"date":"2023-06-22T15:49:50","date_gmt":"2023-06-22T13:49:50","guid":{"rendered":"https:\/\/agora-eoi.xtec.cat\/eoidelvendrell\/?page_id=11656"},"modified":"2024-06-26T11:53:57","modified_gmt":"2024-06-26T09:53:57","slug":"avaluacio-estrategia-digital-de-centre","status":"publish","type":"page","link":"https:\/\/agora-eoi.xtec.cat\/eoidelvendrell\/cultura-digital\/avaluacio-estrategia-digital-de-centre\/","title":{"rendered":"Avaluaci\u00f3 de la Estrat\u00e8gia Digital de Centre"},"content":{"rendered":"<div>Durant el curs escolar es far\u00e0 una avaluaci\u00f3 continuada a trav\u00e9s dels responsables de cadascun dels objectius i actuacions.<\/div>\n<div>\n<p dir=\"ltr\"><span style=\"color: #000000;\">A<\/span> la reuni\u00f3 de final de curs de la Comissi\u00f3 Digital, juntament amb la Direcci\u00f3 del centre, s&#8217;avaluar\u00e0 exhaustivament l&#8217;acompliment dels objectius digitals establerts durant l&#8217;any escolar. Aquesta avaluaci\u00f3 tindr\u00e0 en compte tant la informaci\u00f3 quantitativa com qualitativa.<\/p>\n<p dir=\"ltr\">La informaci\u00f3 qualitativa obtinguda d&#8217;aquesta avaluaci\u00f3 ser\u00e0 utilitzada per determinar els nous objectius digitals que es fixaran per al curs vinent. Aquest proc\u00e9s garantir\u00e0 una planificaci\u00f3 adequada per a l&#8217;avan\u00e7 digital del centre i per a satisfer les necessitats emergents.<\/p>\n<p dir=\"ltr\">A m\u00e9s, durant aquesta reuni\u00f3 es considerar\u00e0 la decisi\u00f3 de realitzar una nova diagnosi del centre en el futur. Aix\u00f2 permetr\u00e0 avaluar els canvis, millores i reptes pendents en l&#8217;\u00e0mbit digital, i prendre les mesures pertinents per a l&#8217;evoluci\u00f3 del centre en aquest \u00e0mbit.<\/p>\n<\/div>\n<div style=\"display: none;\"><\/div>\n","protected":false},"excerpt":{"rendered":"<p>Durant el curs escolar es far\u00e0 una avaluaci\u00f3 continuada a trav\u00e9s dels responsables de cadascun dels objectius i actuacions.<\/p>\n<p>A la reuni\u00f3 de final de curs de la Comissi\u00f3 Digital, juntament amb la Direcci\u00f3 del centre, s&#8217;avaluar\u00e0 exhaustivament l&#8217;acompliment dels objectius digitals establerts durant l&#8217;any escolar.&hellip;  <a href=\"https:\/\/agora-eoi.xtec.cat\/eoidelvendrell\/cultura-digital\/avaluacio-estrategia-digital-de-centre\/\" title=\"Read Avaluaci\u00f3 de la Estrat\u00e8gia Digital de Centre\">Llegeix m\u00e9s\u00bb<\/a><\/p>\n","protected":false},"author":1,"featured_media":0,"parent":10500,"menu_order":55,"comment_status":"closed","ping_status":"closed","template":"page-templates\/side-menu.php","meta":{"_bbp_topic_count":0,"_bbp_reply_count":0,"_bbp_total_topic_count":0,"_bbp_total_reply_count":0,"_bbp_voice_count":0,"_bbp_anonymous_reply_count":0,"_bbp_topic_count_hidden":0,"_bbp_reply_count_hidden":0,"_bbp_forum_subforum_count":0,"footnotes":""},"class_list":["post-11656","page","type-page","status-publish","hentry"],"post_mailing_queue_ids":[],"_links":{"self":[{"href":"https:\/\/agora-eoi.xtec.cat\/eoidelvendrell\/wp-json\/wp\/v2\/pages\/11656","targetHints":{"allow":["GET"]}}],"collection":[{"href":"https:\/\/agora-eoi.xtec.cat\/eoidelvendrell\/wp-json\/wp\/v2\/pages"}],"about":[{"href":"https:\/\/agora-eoi.xtec.cat\/eoidelvendrell\/wp-json\/wp\/v2\/types\/page"}],"author":[{"embeddable":true,"href":"https:\/\/agora-eoi.xtec.cat\/eoidelvendrell\/wp-json\/wp\/v2\/users\/1"}],"replies":[{"embeddable":true,"href":"https:\/\/agora-eoi.xtec.cat\/eoidelvendrell\/wp-json\/wp\/v2\/comments?post=11656"}],"version-history":[{"count":4,"href":"https:\/\/agora-eoi.xtec.cat\/eoidelvendrell\/wp-json\/wp\/v2\/pages\/11656\/revisions"}],"predecessor-version":[{"id":12260,"href":"https:\/\/agora-eoi.xtec.cat\/eoidelvendrell\/wp-json\/wp\/v2\/pages\/11656\/revisions\/12260"}],"up":[{"embeddable":true,"href":"https:\/\/agora-eoi.xtec.cat\/eoidelvendrell\/wp-json\/wp\/v2\/pages\/10500"}],"wp:attachment":[{"href":"https:\/\/agora-eoi.xtec.cat\/eoidelvendrell\/wp-json\/wp\/v2\/media?parent=11656"}],"curies":[{"name":"wp","href":"https:\/\/api.w.org\/{rel}","templated":true}]}}