{"id":10522,"date":"2022-06-16T19:16:51","date_gmt":"2022-06-16T17:16:51","guid":{"rendered":"https:\/\/agora-eoi.xtec.cat\/eoidelvendrell\/?page_id=10522"},"modified":"2025-06-13T10:56:00","modified_gmt":"2025-06-13T08:56:00","slug":"com-hi-accedeixo","status":"publish","type":"page","link":"https:\/\/agora-eoi.xtec.cat\/eoidelvendrell\/cultura-digital\/com-hi-accedeixo\/","title":{"rendered":"Com hi accedeixo?"},"content":{"rendered":"<h3 style=\"text-align: center;\"><span style=\"color: #ff0000;\"><strong><span style=\"text-decoration: underline;\">MOLT IMPORTANT:<\/span> <\/strong><\/span><\/h3>\n<h3 style=\"text-align: center;\"><span style=\"color: #ff0000;\"><strong>PER ASSEGURAR EL CORRECTE <\/strong><\/span><span style=\"color: #ff0000;\"><strong>FUNCIONAMENT DE L&#8217;APLICATIU<\/strong><\/span><span style=\"color: #ff0000;\"><strong>, <\/strong><\/span><\/h3>\n<h3 style=\"text-align: center;\"><span style=\"color: #ff0000;\"><strong>ACCEDIR A CentrosNet DES DE L&#8217;ORDINADOR<\/strong><\/span><\/h3>\n<p><span style=\"font-weight: 400;\">A la p\u00e0gina principal de la <a href=\"https:\/\/agora-eoi.xtec.cat\/eoidelvendrell\/\">nostra web<\/a> tenim una pestanya <strong>d\u2019acc\u00e9s a CentrosNet<\/strong>.<\/span><\/p>\n<p><a href=\"https:\/\/agora-eoi.xtec.cat\/eoidelvendrell\/wp-content\/uploads\/usu2263\/2022\/06\/Screen-Shot-2022-06-16-at-21.45.04.png\"><img loading=\"lazy\" decoding=\"async\" class=\" wp-image-10594 aligncenter\" src=\"https:\/\/agora-eoi.xtec.cat\/eoidelvendrell\/wp-content\/uploads\/usu2263\/2022\/06\/Screen-Shot-2022-06-16-at-21.45.04-300x163.png\" alt=\"\" width=\"530\" height=\"288\" srcset=\"https:\/\/agora-eoi.xtec.cat\/eoidelvendrell\/wp-content\/uploads\/usu2263\/2022\/06\/Screen-Shot-2022-06-16-at-21.45.04-300x163.png 300w, https:\/\/agora-eoi.xtec.cat\/eoidelvendrell\/wp-content\/uploads\/usu2263\/2022\/06\/Screen-Shot-2022-06-16-at-21.45.04.png 518w\" sizes=\"auto, (max-width: 530px) 100vw, 530px\" \/><\/a><\/p>\n<p><span style=\"font-weight: 400; color: #000000;\">Fem clic i <strong>accedim<\/strong> a aquesta p\u00e0gina.<\/span><\/p>\n<p><a href=\"https:\/\/agora-eoi.xtec.cat\/eoidelvendrell\/wp-content\/uploads\/usu2263\/2022\/06\/Screen-Shot-2022-06-16-at-21.49.00.png\"><img loading=\"lazy\" decoding=\"async\" class=\" wp-image-10599 aligncenter\" src=\"https:\/\/agora-eoi.xtec.cat\/eoidelvendrell\/wp-content\/uploads\/usu2263\/2022\/06\/Screen-Shot-2022-06-16-at-21.49.00-300x158.png\" alt=\"\" width=\"528\" height=\"278\" srcset=\"https:\/\/agora-eoi.xtec.cat\/eoidelvendrell\/wp-content\/uploads\/usu2263\/2022\/06\/Screen-Shot-2022-06-16-at-21.49.00-300x158.png 300w, https:\/\/agora-eoi.xtec.cat\/eoidelvendrell\/wp-content\/uploads\/usu2263\/2022\/06\/Screen-Shot-2022-06-16-at-21.49.00-768x404.png 768w, https:\/\/agora-eoi.xtec.cat\/eoidelvendrell\/wp-content\/uploads\/usu2263\/2022\/06\/Screen-Shot-2022-06-16-at-21.49.00.png 985w\" sizes=\"auto, (max-width: 528px) 100vw, 528px\" \/><\/a><br \/>\n<span style=\"font-weight: 400;\">Tot seguit <strong>omplim<\/strong> l\u2019usuari amb la nostra data de naixement complerta &#8211;<strong>amb tot els n\u00fameros <\/strong>(dia\/mes\/any)- i a la contrasenya el nostre DNI (sense lletra), NIE (sense lletra final) o passaport (sense lletra). Premem ENTRAR i accedim a aquesta p\u00e0gina (si en pr\u00e9mer ENTRAR surt missatge d&#8217;error, llavors repetir el proc\u00e9s anterior i pr\u00e9mer Recordar contrasenya).<\/span><\/p>\n<p><a href=\"https:\/\/agora-eoi.xtec.cat\/eoidelvendrell\/wp-content\/uploads\/usu2263\/2022\/06\/Captura-7.png\"><img loading=\"lazy\" decoding=\"async\" class=\"wp-image-10657 aligncenter\" src=\"https:\/\/agora-eoi.xtec.cat\/eoidelvendrell\/wp-content\/uploads\/usu2263\/2022\/06\/Captura-7-300x124.png\" alt=\"\" width=\"534\" height=\"221\" srcset=\"https:\/\/agora-eoi.xtec.cat\/eoidelvendrell\/wp-content\/uploads\/usu2263\/2022\/06\/Captura-7-300x124.png 300w, https:\/\/agora-eoi.xtec.cat\/eoidelvendrell\/wp-content\/uploads\/usu2263\/2022\/06\/Captura-7-768x318.png 768w, https:\/\/agora-eoi.xtec.cat\/eoidelvendrell\/wp-content\/uploads\/usu2263\/2022\/06\/Captura-7.png 988w\" sizes=\"auto, (max-width: 534px) 100vw, 534px\" \/><\/a><\/p>\n<p>1\/ ens <strong>inventem<\/strong> una contrasenya personal<\/p>\n<p>2\/ <strong>repetim<\/strong> la contrasenya personal (i ens l&#8217;apuntem en un paper)<\/p>\n<p>3\/<strong>comprovem<\/strong> que el correu electr\u00f2nic\u00a0a on rebrem la confirmaci\u00f3 \u00e9s correcte. Si volem, el podem <strong>canviar<\/strong><\/p>\n<p>4\/ fem clic a <strong>ENVIAR<\/strong>.<\/p>\n<p>Al cap d&#8217;uns moments <strong>rebrem<\/strong> a l&#8217;adre\u00e7a electr\u00f2nica que hem introdu\u00eft un correu d&#8217;una empresa que es diu <strong>DIAL S.L.<\/strong><\/p>\n<p>Un cop a dins del mail <strong>seguirem les instruccions<\/strong> per a poder entrar per <strong>primera vegada<\/strong> a CentrosNet <span style=\"font-weight: 400;\">i q<\/span><span style=\"font-weight: 400;\">uan les notes estiguin <strong>disponibles<\/strong> podrem consultar-les.<\/span><\/p>\n<p>A partir d&#8217;ara, per accedir a CentrosNet, s&#8217;hi ha d&#8217;introduir la data de naixement, el DNI, NIE o Passaport (sense lletra) i la contrasenya personal.<\/p>\n<h4 style=\"text-align: center;\"><strong><span style=\"color: #ff0000;\">RECORDEU GUARDAR SEMPRE USUARIS I CONTRASENYES EN LLOC SEGUR<\/span><\/strong><\/h4>\n<p style=\"text-align: center;\"><a href=\"https:\/\/mossos.gencat.cat\/ca\/temes\/Internet-xarxes-socials-i-aplicacions\/contrasenyes-segures\/\">Com crear contrasenyes segures?<\/a><\/p>\n<p style=\"text-align: center;\"><a href=\"https:\/\/apdcat.gencat.cat\/ca\/documentacio\/dadesticsegures\/eines-de-gestio-de-contrasenyes\/\">Com guardar les nostres contrasenyes?<\/a><\/p>\n<div style=\"display: none;\"><\/div>\n","protected":false},"excerpt":{"rendered":"<p>MOLT IMPORTANT:<br \/>\nPER ASSEGURAR EL CORRECTE FUNCIONAMENT DE L&#8217;APLICATIU,<br \/>\nACCEDIR A CentrosNet DES DE L&#8217;ORDINADOR<br \/>\nA la p\u00e0gina principal de la <a href=\"https:\/\/agora-eoi.xtec.cat\/eoidelvendrell\/\">nostra web<\/a> tenim una pestanya d\u2019acc\u00e9s a CentrosNet.<br \/>\n<a href=\"https:\/\/agora-eoi.xtec.cat\/eoidelvendrell\/wp-content\/uploads\/usu2263\/2022\/06\/Screen-Shot-2022-06-16-at-21.45.04.png\"><\/a><br \/>\nFem clic i accedim a aquesta p\u00e0gina.<br \/>\n<a href=\"https:\/\/agora-eoi.xtec.cat\/eoidelvendrell\/wp-content\/uploads\/usu2263\/2022\/06\/Screen-Shot-2022-06-16-at-21.49.00.png\"><\/a><br \/>\nTot seguit omplim l\u2019usuari amb la nostra data de&hellip;  <a href=\"https:\/\/agora-eoi.xtec.cat\/eoidelvendrell\/cultura-digital\/com-hi-accedeixo\/\" title=\"Read Com hi accedeixo?\">Llegeix m\u00e9s\u00bb<\/a><\/p>\n","protected":false},"author":1,"featured_media":0,"parent":10500,"menu_order":12,"comment_status":"closed","ping_status":"closed","template":"page-templates\/side-menu.php","meta":{"_bbp_topic_count":0,"_bbp_reply_count":0,"_bbp_total_topic_count":0,"_bbp_total_reply_count":0,"_bbp_voice_count":0,"_bbp_anonymous_reply_count":0,"_bbp_topic_count_hidden":0,"_bbp_reply_count_hidden":0,"_bbp_forum_subforum_count":0,"footnotes":""},"class_list":["post-10522","page","type-page","status-publish","hentry"],"post_mailing_queue_ids":[],"_links":{"self":[{"href":"https:\/\/agora-eoi.xtec.cat\/eoidelvendrell\/wp-json\/wp\/v2\/pages\/10522","targetHints":{"allow":["GET"]}}],"collection":[{"href":"https:\/\/agora-eoi.xtec.cat\/eoidelvendrell\/wp-json\/wp\/v2\/pages"}],"about":[{"href":"https:\/\/agora-eoi.xtec.cat\/eoidelvendrell\/wp-json\/wp\/v2\/types\/page"}],"author":[{"embeddable":true,"href":"https:\/\/agora-eoi.xtec.cat\/eoidelvendrell\/wp-json\/wp\/v2\/users\/1"}],"replies":[{"embeddable":true,"href":"https:\/\/agora-eoi.xtec.cat\/eoidelvendrell\/wp-json\/wp\/v2\/comments?post=10522"}],"version-history":[{"count":5,"href":"https:\/\/agora-eoi.xtec.cat\/eoidelvendrell\/wp-json\/wp\/v2\/pages\/10522\/revisions"}],"predecessor-version":[{"id":12988,"href":"https:\/\/agora-eoi.xtec.cat\/eoidelvendrell\/wp-json\/wp\/v2\/pages\/10522\/revisions\/12988"}],"up":[{"embeddable":true,"href":"https:\/\/agora-eoi.xtec.cat\/eoidelvendrell\/wp-json\/wp\/v2\/pages\/10500"}],"wp:attachment":[{"href":"https:\/\/agora-eoi.xtec.cat\/eoidelvendrell\/wp-json\/wp\/v2\/media?parent=10522"}],"curies":[{"name":"wp","href":"https:\/\/api.w.org\/{rel}","templated":true}]}}