{"id":10519,"date":"2022-06-16T19:16:51","date_gmt":"2022-06-16T17:16:51","guid":{"rendered":"https:\/\/agora-eoi.xtec.cat\/eoidelvendrell\/?page_id=10519"},"modified":"2024-06-26T11:49:08","modified_gmt":"2024-06-26T09:49:08","slug":"que-fer-i-no-fer-en-una-videoconferencia","status":"publish","type":"page","link":"https:\/\/agora-eoi.xtec.cat\/eoidelvendrell\/cultura-digital\/que-fer-i-no-fer-en-una-videoconferencia\/","title":{"rendered":"Qu\u00e8 fer i no fer en una videoconfer\u00e8ncia?"},"content":{"rendered":"<p><strong>Prem el ratol\u00ed sobre la foto<\/strong> si vols llegir una reflexi\u00f3 sobre com participar en videoconfer\u00e8ncies de manera exitosa.<\/p>\n<p><a href=\"https:\/\/drive.google.com\/file\/d\/1j5n7R0Wd59JClMXGZ7AWVqsAIALBF-KV\/view?usp=drive_link\"><img loading=\"lazy\" decoding=\"async\" class=\"wp-image-10631 aligncenter\" src=\"https:\/\/agora-eoi.xtec.cat\/eoidelvendrell\/wp-content\/uploads\/usu2263\/2022\/06\/clueless-300x200.jpg\" alt=\"\" width=\"453\" height=\"302\" srcset=\"https:\/\/agora-eoi.xtec.cat\/eoidelvendrell\/wp-content\/uploads\/usu2263\/2022\/06\/clueless-300x200.jpg 300w, https:\/\/agora-eoi.xtec.cat\/eoidelvendrell\/wp-content\/uploads\/usu2263\/2022\/06\/clueless-1024x682.jpg 1024w, https:\/\/agora-eoi.xtec.cat\/eoidelvendrell\/wp-content\/uploads\/usu2263\/2022\/06\/clueless-768x512.jpg 768w, https:\/\/agora-eoi.xtec.cat\/eoidelvendrell\/wp-content\/uploads\/usu2263\/2022\/06\/clueless.jpg 1060w\" sizes=\"auto, (max-width: 453px) 100vw, 453px\" \/><\/a><\/p>\n<p>El 28 d&#8217;octubre de 1995, la Sally Hambridge, una directiva d&#8217;Intel, va elaborar oficialment el document anomenat <span style=\"color: #ff0000;\"><strong><i>Netiquette Guidelines<\/i><\/strong><\/span><sup id=\"cite_ref-2\" class=\"reference\"><\/sup> orientat als treballadors de l&#8217;empresa perqu\u00e8 aprenguessin com comportar-se a Internet, un entorn molt m\u00e9s minoritari que ara. Aquest document defineix les regles d&#8217;etiqueta de la xarxa en nom de la comunitat oberta que participa en el desenvolupament d&#8217;est\u00e0ndards d&#8217;Internet. No obstant aix\u00f2, aquestes normes d&#8217;etiqueta no s\u00f3n r\u00edgides i inamovibles, sin\u00f3 que s&#8217;adapten a cada comunitat o grup social, els quals van elaborant les seves pr\u00f2pies regles, fins i tot nomenant persones encarregades del seu compliment. El llibre <i>Netiquette<\/i><sup id=\"cite_ref-3\" class=\"reference\"><\/sup>\u00a0de\u00a0Virg\u00ednia Shea, publicat en 1994, cont\u00e9 10 regles b\u00e0siques de comportament a la xarxa, els quals es descriuen a continuaci\u00f3:<\/p>\n<ul>\n<li>Regla 1: Mai oblideu que la persona que llegeix el missatge \u00e9s un altre \u00e9sser hum\u00e0 amb <strong>sentiments<\/strong> que poden ser ferits.<\/li>\n<li>Regla 2: Seguiu els mateixos <strong>est\u00e0ndards de comportament<\/strong> en l\u00ednia que seguiu en la vida real.<\/li>\n<li>Regla 3: Escriure tot en <strong>maj\u00fascules<\/strong> es considera com cridar i dificulta la lectura.<\/li>\n<li>Regla 4: <strong>Respecteu<\/strong> el temps i l&#8217;<a title=\"Amplada de banda\" href=\"https:\/\/ca.wikipedia.org\/wiki\/Amplada_de_banda\">amplada de banda<\/a>\u00a0d&#8217;altres persones.<\/li>\n<li>Regla 5: Mostreu el millor del vostre car\u00e0cter mentre us mantingueu en l\u00ednia.<\/li>\n<li>Regla 6: <strong>Compartiu<\/strong> els vostres coneixements amb la comunitat.<\/li>\n<li>Regla 7: Ajudeu a mantenir els debats en un <strong>ambient sa<\/strong> i educatiu.<\/li>\n<li>Regla 8: Respecteu la\u00a0<strong><a title=\"Privadesa\" href=\"https:\/\/ca.wikipedia.org\/wiki\/Privadesa\">privadesa<\/a>\u00a0<\/strong>de terceres persones.<\/li>\n<li>Regla 9: <strong>No abuseu<\/strong> del vostre poder o dels avantatges que pugueu tenir.<\/li>\n<li>Regla 10: <strong>Excuseu<\/strong> els errors d&#8217;altres. <strong>Compreneu<\/strong> els errors dels altres igual que espereu que els altres comprenguin els vostres.<\/li>\n<\/ul>\n<p>Aquests manaments es poden sintetitzar en dos: Posar-se al lloc de l&#8217;altre sempre que utilitzem la <a title=\"Internet\" href=\"https:\/\/ca.wikipedia.org\/wiki\/Internet\">xarxa<\/a>\u00a0i pensar que l&#8217;altre no \u00e9s sempre com jo.<\/p>\n<div style=\"display: none;\"><\/div>\n<div style=\"display: none;\"><\/div>\n<div style=\"display: none;\"><\/div>\n<div style=\"display: none;\"><\/div>\n","protected":false},"excerpt":{"rendered":"<p>Prem el ratol\u00ed sobre la foto si vols llegir una reflexi\u00f3 sobre com participar en videoconfer\u00e8ncies de manera exitosa.<br \/>\n<a href=\"https:\/\/drive.google.com\/file\/d\/1j5n7R0Wd59JClMXGZ7AWVqsAIALBF-KV\/view?usp=drive_link\"><\/a><br \/>\nEl 28 d&#8217;octubre de 1995, la Sally Hambridge, una directiva d&#8217;Intel, va elaborar oficialment el document anomenat Netiquette Guidelines orientat als treballadors de l&#8217;empresa perqu\u00e8 aprenguessin&hellip;  <a href=\"https:\/\/agora-eoi.xtec.cat\/eoidelvendrell\/cultura-digital\/que-fer-i-no-fer-en-una-videoconferencia\/\" title=\"Read Qu\u00e8 fer i no fer en una videoconfer\u00e8ncia?\">Llegeix m\u00e9s\u00bb<\/a><\/p>\n","protected":false},"author":1,"featured_media":0,"parent":10500,"menu_order":10,"comment_status":"closed","ping_status":"closed","template":"page-templates\/side-menu.php","meta":{"_bbp_topic_count":0,"_bbp_reply_count":0,"_bbp_total_topic_count":0,"_bbp_total_reply_count":0,"_bbp_voice_count":0,"_bbp_anonymous_reply_count":0,"_bbp_topic_count_hidden":0,"_bbp_reply_count_hidden":0,"_bbp_forum_subforum_count":0,"footnotes":""},"class_list":["post-10519","page","type-page","status-publish","hentry"],"post_mailing_queue_ids":[],"_links":{"self":[{"href":"https:\/\/agora-eoi.xtec.cat\/eoidelvendrell\/wp-json\/wp\/v2\/pages\/10519","targetHints":{"allow":["GET"]}}],"collection":[{"href":"https:\/\/agora-eoi.xtec.cat\/eoidelvendrell\/wp-json\/wp\/v2\/pages"}],"about":[{"href":"https:\/\/agora-eoi.xtec.cat\/eoidelvendrell\/wp-json\/wp\/v2\/types\/page"}],"author":[{"embeddable":true,"href":"https:\/\/agora-eoi.xtec.cat\/eoidelvendrell\/wp-json\/wp\/v2\/users\/1"}],"replies":[{"embeddable":true,"href":"https:\/\/agora-eoi.xtec.cat\/eoidelvendrell\/wp-json\/wp\/v2\/comments?post=10519"}],"version-history":[{"count":6,"href":"https:\/\/agora-eoi.xtec.cat\/eoidelvendrell\/wp-json\/wp\/v2\/pages\/10519\/revisions"}],"predecessor-version":[{"id":11079,"href":"https:\/\/agora-eoi.xtec.cat\/eoidelvendrell\/wp-json\/wp\/v2\/pages\/10519\/revisions\/11079"}],"up":[{"embeddable":true,"href":"https:\/\/agora-eoi.xtec.cat\/eoidelvendrell\/wp-json\/wp\/v2\/pages\/10500"}],"wp:attachment":[{"href":"https:\/\/agora-eoi.xtec.cat\/eoidelvendrell\/wp-json\/wp\/v2\/media?parent=10519"}],"curies":[{"name":"wp","href":"https:\/\/api.w.org\/{rel}","templated":true}]}}