{"id":10518,"date":"2022-06-16T19:16:51","date_gmt":"2022-06-16T17:16:51","guid":{"rendered":"https:\/\/agora-eoi.xtec.cat\/eoidelvendrell\/?page_id=10518"},"modified":"2024-06-26T11:41:59","modified_gmt":"2024-06-26T09:41:59","slug":"com-tenir-una-videoconferencia-tranquilla","status":"publish","type":"page","link":"https:\/\/agora-eoi.xtec.cat\/eoidelvendrell\/cultura-digital\/com-tenir-una-videoconferencia-tranquilla\/","title":{"rendered":"Com tenir una videoconfer\u00e8ncia t\u00e8cnicament \u201ctranquil\u00b7la\u201d?"},"content":{"rendered":"<p><strong>Prem el ratol\u00ed sobre la imatge<\/strong> si vols assegurar l&#8217;\u00e8xit de les classes en l\u00ednia en l&#8217;\u00e0mbit t\u00e8cnic.<\/p>\n<p><a href=\"https:\/\/drive.google.com\/file\/d\/1chir3YWCOV9ObpfPBKJn4N_oIq7AQWRd\/view?usp=drive_link\"><img loading=\"lazy\" decoding=\"async\" class=\"wp-image-10628 aligncenter\" src=\"https:\/\/agora-eoi.xtec.cat\/eoidelvendrell\/wp-content\/uploads\/usu2263\/2022\/06\/video-issues-300x209.jpg\" alt=\"\" width=\"511\" height=\"356\" srcset=\"https:\/\/agora-eoi.xtec.cat\/eoidelvendrell\/wp-content\/uploads\/usu2263\/2022\/06\/video-issues-300x209.jpg 300w, https:\/\/agora-eoi.xtec.cat\/eoidelvendrell\/wp-content\/uploads\/usu2263\/2022\/06\/video-issues.jpg 556w\" sizes=\"auto, (max-width: 511px) 100vw, 511px\" \/><\/a><\/p>\n<div style=\"display: none;\"><\/div>\n<div style=\"display: none;\"><\/div>\n","protected":false},"excerpt":{"rendered":"<p>Prem el ratol\u00ed sobre la imatge si vols assegurar l&#8217;\u00e8xit de les classes en l\u00ednia en l&#8217;\u00e0mbit t\u00e8cnic.<br \/>\n<a href=\"https:\/\/drive.google.com\/file\/d\/1chir3YWCOV9ObpfPBKJn4N_oIq7AQWRd\/view?usp=drive_link\"><\/a><\/p>\n","protected":false},"author":1,"featured_media":0,"parent":10500,"menu_order":9,"comment_status":"closed","ping_status":"closed","template":"page-templates\/side-menu.php","meta":{"_bbp_topic_count":0,"_bbp_reply_count":0,"_bbp_total_topic_count":0,"_bbp_total_reply_count":0,"_bbp_voice_count":0,"_bbp_anonymous_reply_count":0,"_bbp_topic_count_hidden":0,"_bbp_reply_count_hidden":0,"_bbp_forum_subforum_count":0,"footnotes":""},"class_list":["post-10518","page","type-page","status-publish","hentry"],"post_mailing_queue_ids":[],"_links":{"self":[{"href":"https:\/\/agora-eoi.xtec.cat\/eoidelvendrell\/wp-json\/wp\/v2\/pages\/10518","targetHints":{"allow":["GET"]}}],"collection":[{"href":"https:\/\/agora-eoi.xtec.cat\/eoidelvendrell\/wp-json\/wp\/v2\/pages"}],"about":[{"href":"https:\/\/agora-eoi.xtec.cat\/eoidelvendrell\/wp-json\/wp\/v2\/types\/page"}],"author":[{"embeddable":true,"href":"https:\/\/agora-eoi.xtec.cat\/eoidelvendrell\/wp-json\/wp\/v2\/users\/1"}],"replies":[{"embeddable":true,"href":"https:\/\/agora-eoi.xtec.cat\/eoidelvendrell\/wp-json\/wp\/v2\/comments?post=10518"}],"version-history":[{"count":5,"href":"https:\/\/agora-eoi.xtec.cat\/eoidelvendrell\/wp-json\/wp\/v2\/pages\/10518\/revisions"}],"predecessor-version":[{"id":12249,"href":"https:\/\/agora-eoi.xtec.cat\/eoidelvendrell\/wp-json\/wp\/v2\/pages\/10518\/revisions\/12249"}],"up":[{"embeddable":true,"href":"https:\/\/agora-eoi.xtec.cat\/eoidelvendrell\/wp-json\/wp\/v2\/pages\/10500"}],"wp:attachment":[{"href":"https:\/\/agora-eoi.xtec.cat\/eoidelvendrell\/wp-json\/wp\/v2\/media?parent=10518"}],"curies":[{"name":"wp","href":"https:\/\/api.w.org\/{rel}","templated":true}]}}