{"id":10515,"date":"2022-06-16T19:16:51","date_gmt":"2022-06-16T17:16:51","guid":{"rendered":"https:\/\/agora-eoi.xtec.cat\/eoidelvendrell\/?page_id=10515"},"modified":"2024-06-26T11:27:31","modified_gmt":"2024-06-26T09:27:31","slug":"que-puc-fer-a-moodle","status":"publish","type":"page","link":"https:\/\/agora-eoi.xtec.cat\/eoidelvendrell\/cultura-digital\/que-puc-fer-a-moodle\/","title":{"rendered":"Qu\u00e8 puc fer a Moodle?"},"content":{"rendered":"<p><strong><span style=\"text-decoration: underline; color: #0000ff;\">Moodle serveix per:<\/span><\/strong><\/p>\n<p>\u2022 <strong>Comunicar<\/strong>: f\u00f2rums, xats, missatgeria\u2026<\/p>\n<p>\u2022 <strong>Facilitar l\u2019aprenentatge<\/strong>: recursos (enlla\u00e7os a fitxers o a p\u00e0gines web,<br \/>\npresentacions) i activitats diverses.<\/p>\n<p>\u2022 <strong>Organitzar i gestionar<\/strong>: calendari, agenda, tauler de not\u00edcies\u2026\u00a0conv\u00e9 destacar les funcionalitats directament relacionades amb el seguiment i l\u2019avaluaci\u00f3 de l\u2019alumnat, per exemple, els informes d\u2019activitat o les taules de qualificacions.<\/p>\n<p><strong><span style=\"text-decoration: underline; color: #0000ff;\">Moodle est\u00e0 al servei del professorat, qui:<\/span><\/strong><\/p>\n<ul>\n<li><strong>decideix<\/strong> quins elements hi incorpora<\/li>\n<li>quins <strong>recursos <\/strong>proposa<\/li>\n<li>quines <strong>activitats <\/strong>d\u2019aprenentatge i avaluatives<\/li>\n<li>quins <strong>espais <\/strong>de comunicaci\u00f3<\/li>\n<li>dirigeix<\/li>\n<li>revisa<\/li>\n<li>valora <strong>l\u2019activitat<\/strong> que l\u2019alumnat hi desenvolupa.<\/li>\n<\/ul>\n<p><strong><span style=\"text-decoration: underline; color: #0000ff;\">L\u2019alumnat, per la seva banda:<\/span><\/strong><\/p>\n<ul>\n<li>hi <strong>participa<\/strong> de manera activa<\/li>\n<\/ul>\n<p>ja que, en cas contrari, queda const\u00e0ncia de la seva <strong>inactivitat i manca<\/strong> de participaci\u00f3.<\/p>\n<h3 style=\"text-align: center;\"><span style=\"color: #ff0000;\"><strong>Moodle \u00e9s un programari molt intu\u00eftiu. Cada tasca a realitzar t\u00e9 par\u00e0metres senzills. <\/strong><\/span><\/h3>\n<h3 style=\"text-align: center;\"><span style=\"color: #ff0000;\"><strong>\u00c0nims i sense por!<\/strong><\/span><\/h3>\n<div style=\"display: none;\"><\/div>\n","protected":false},"excerpt":{"rendered":"<p>Moodle serveix per:<br \/>\n\u2022 Comunicar: f\u00f2rums, xats, missatgeria\u2026<br \/>\n\u2022 Facilitar l\u2019aprenentatge: recursos (enlla\u00e7os a fitxers o a p\u00e0gines web,<br \/>\npresentacions) i activitats diverses.<br \/>\n\u2022 Organitzar i gestionar: calendari, agenda, tauler de not\u00edcies\u2026\u00a0conv\u00e9 destacar les funcionalitats directament relacionades amb el seguiment i l\u2019avaluaci\u00f3 de l\u2019alumnat, per exemple, els informes d\u2019activitat&hellip;  <a href=\"https:\/\/agora-eoi.xtec.cat\/eoidelvendrell\/cultura-digital\/que-puc-fer-a-moodle\/\" title=\"Read Qu\u00e8 puc fer a Moodle?\">Llegeix m\u00e9s\u00bb<\/a><\/p>\n","protected":false},"author":1,"featured_media":0,"parent":10500,"menu_order":6,"comment_status":"closed","ping_status":"closed","template":"page-templates\/side-menu.php","meta":{"_bbp_topic_count":0,"_bbp_reply_count":0,"_bbp_total_topic_count":0,"_bbp_total_reply_count":0,"_bbp_voice_count":0,"_bbp_anonymous_reply_count":0,"_bbp_topic_count_hidden":0,"_bbp_reply_count_hidden":0,"_bbp_forum_subforum_count":0,"footnotes":""},"class_list":["post-10515","page","type-page","status-publish","hentry"],"post_mailing_queue_ids":[],"_links":{"self":[{"href":"https:\/\/agora-eoi.xtec.cat\/eoidelvendrell\/wp-json\/wp\/v2\/pages\/10515","targetHints":{"allow":["GET"]}}],"collection":[{"href":"https:\/\/agora-eoi.xtec.cat\/eoidelvendrell\/wp-json\/wp\/v2\/pages"}],"about":[{"href":"https:\/\/agora-eoi.xtec.cat\/eoidelvendrell\/wp-json\/wp\/v2\/types\/page"}],"author":[{"embeddable":true,"href":"https:\/\/agora-eoi.xtec.cat\/eoidelvendrell\/wp-json\/wp\/v2\/users\/1"}],"replies":[{"embeddable":true,"href":"https:\/\/agora-eoi.xtec.cat\/eoidelvendrell\/wp-json\/wp\/v2\/comments?post=10515"}],"version-history":[{"count":4,"href":"https:\/\/agora-eoi.xtec.cat\/eoidelvendrell\/wp-json\/wp\/v2\/pages\/10515\/revisions"}],"predecessor-version":[{"id":12241,"href":"https:\/\/agora-eoi.xtec.cat\/eoidelvendrell\/wp-json\/wp\/v2\/pages\/10515\/revisions\/12241"}],"up":[{"embeddable":true,"href":"https:\/\/agora-eoi.xtec.cat\/eoidelvendrell\/wp-json\/wp\/v2\/pages\/10500"}],"wp:attachment":[{"href":"https:\/\/agora-eoi.xtec.cat\/eoidelvendrell\/wp-json\/wp\/v2\/media?parent=10515"}],"curies":[{"name":"wp","href":"https:\/\/api.w.org\/{rel}","templated":true}]}}