{"id":10514,"date":"2022-06-16T19:16:51","date_gmt":"2022-06-16T17:16:51","guid":{"rendered":"https:\/\/agora-eoi.xtec.cat\/eoidelvendrell\/?page_id=10514"},"modified":"2024-06-26T11:26:29","modified_gmt":"2024-06-26T09:26:29","slug":"que-necessito-per-a-poder-connectar-me-a-moodle-sense-problemes","status":"publish","type":"page","link":"https:\/\/agora-eoi.xtec.cat\/eoidelvendrell\/cultura-digital\/que-necessito-per-a-poder-connectar-me-a-moodle-sense-problemes\/","title":{"rendered":"Qu\u00e8 necessito per a poder connectar-me a Moodle sense problemes?"},"content":{"rendered":"<p style=\"text-align: justify;\"><span style=\"font-weight: 400;\">1\/ Acc\u00e9s a internet amb <\/span><b>fibra \u00f2ptica<\/b><span style=\"font-weight: 400;\"> i, si pot ser, connectar l\u2019ordinador per cable LAN, ja que \u00e9s una opci\u00f3 millor que la wifi, doncs el senyal de banda ampla \u00e9s m\u00e9s estable i aprofitem millor els megues disponibles. Si podem gaudir de connexi\u00f3 5G, doncs oli en un llum.\u00a0<\/span><\/p>\n<p style=\"text-align: justify;\"><span style=\"font-weight: 400;\">2\/ Per a fer tasques acad\u00e8miques, treballar amb un <\/span><b>ordinador<\/b><span style=\"font-weight: 400;\"> (no tauleta, no tel\u00e8fon intel\u00b7ligent), preferiblement <\/span><b>de sobretaula<\/b><span style=\"font-weight: 400;\"> (els port\u00e0tils tenen una pantalla massa petita i ens obliguen a sobre estirar les cervicals) i amb una pantalla gran per no for\u00e7ar massa la vista.\u00a0<\/span><\/p>\n<p style=\"text-align: justify;\"><a href=\"https:\/\/agora-eoi.xtec.cat\/eoidelvendrell\/wp-content\/uploads\/usu2263\/2022\/06\/internet-gear.png\"><img loading=\"lazy\" decoding=\"async\" class=\" wp-image-10613 aligncenter\" src=\"https:\/\/agora-eoi.xtec.cat\/eoidelvendrell\/wp-content\/uploads\/usu2263\/2022\/06\/internet-gear-300x150.png\" alt=\"\" width=\"464\" height=\"232\" srcset=\"https:\/\/agora-eoi.xtec.cat\/eoidelvendrell\/wp-content\/uploads\/usu2263\/2022\/06\/internet-gear-300x150.png 300w, https:\/\/agora-eoi.xtec.cat\/eoidelvendrell\/wp-content\/uploads\/usu2263\/2022\/06\/internet-gear.png 600w\" sizes=\"auto, (max-width: 464px) 100vw, 464px\" \/><\/a><\/p>\n<p style=\"text-align: justify;\"><span style=\"font-weight: 400;\">3\/ Tenir, si \u00e9s possible, un <\/span><b>espai dedicat<\/b><span style=\"font-weight: 400;\"> exclusivament a les feines acad\u00e8miques, que consistir\u00e0 en una taula i una cadira tan c\u00f2modes com sigui possible, que contribueixin a tenir l\u2019esquena recta. La pantalla hauria d\u2019estar a una al\u00e7ada que no ens faci doblegar el coll per a poder llegir en ella. Si l\u2019ordinador pot estar en un lloc de la casa que afavoreixi la concentraci\u00f3 (silenci, no intrusions) \u00e9s encara millor, ja que tamb\u00e9 podrem fer gravacions en relatiu silenci i connexions en l\u00ednia tranquil\u00b7les, sense interrupcions o sorolls que dificultin la reflexi\u00f3 i la interacci\u00f3.\u00a0\u00a0<\/span><\/p>\n<div style=\"display: none;\"><\/div>\n","protected":false},"excerpt":{"rendered":"<p>1\/ Acc\u00e9s a internet amb fibra \u00f2ptica i, si pot ser, connectar l\u2019ordinador per cable LAN, ja que \u00e9s una opci\u00f3 millor que la wifi, doncs el senyal de banda ampla \u00e9s m\u00e9s estable i aprofitem millor els megues disponibles. Si podem gaudir de connexi\u00f3&hellip;  <a href=\"https:\/\/agora-eoi.xtec.cat\/eoidelvendrell\/cultura-digital\/que-necessito-per-a-poder-connectar-me-a-moodle-sense-problemes\/\" title=\"Read Qu\u00e8 necessito per a poder connectar-me a Moodle sense problemes?\">Llegeix m\u00e9s\u00bb<\/a><\/p>\n","protected":false},"author":1,"featured_media":0,"parent":10500,"menu_order":3,"comment_status":"closed","ping_status":"closed","template":"page-templates\/side-menu.php","meta":{"_bbp_topic_count":0,"_bbp_reply_count":0,"_bbp_total_topic_count":0,"_bbp_total_reply_count":0,"_bbp_voice_count":0,"_bbp_anonymous_reply_count":0,"_bbp_topic_count_hidden":0,"_bbp_reply_count_hidden":0,"_bbp_forum_subforum_count":0,"footnotes":""},"class_list":["post-10514","page","type-page","status-publish","hentry"],"post_mailing_queue_ids":[],"_links":{"self":[{"href":"https:\/\/agora-eoi.xtec.cat\/eoidelvendrell\/wp-json\/wp\/v2\/pages\/10514","targetHints":{"allow":["GET"]}}],"collection":[{"href":"https:\/\/agora-eoi.xtec.cat\/eoidelvendrell\/wp-json\/wp\/v2\/pages"}],"about":[{"href":"https:\/\/agora-eoi.xtec.cat\/eoidelvendrell\/wp-json\/wp\/v2\/types\/page"}],"author":[{"embeddable":true,"href":"https:\/\/agora-eoi.xtec.cat\/eoidelvendrell\/wp-json\/wp\/v2\/users\/1"}],"replies":[{"embeddable":true,"href":"https:\/\/agora-eoi.xtec.cat\/eoidelvendrell\/wp-json\/wp\/v2\/comments?post=10514"}],"version-history":[{"count":4,"href":"https:\/\/agora-eoi.xtec.cat\/eoidelvendrell\/wp-json\/wp\/v2\/pages\/10514\/revisions"}],"predecessor-version":[{"id":12240,"href":"https:\/\/agora-eoi.xtec.cat\/eoidelvendrell\/wp-json\/wp\/v2\/pages\/10514\/revisions\/12240"}],"up":[{"embeddable":true,"href":"https:\/\/agora-eoi.xtec.cat\/eoidelvendrell\/wp-json\/wp\/v2\/pages\/10500"}],"wp:attachment":[{"href":"https:\/\/agora-eoi.xtec.cat\/eoidelvendrell\/wp-json\/wp\/v2\/media?parent=10514"}],"curies":[{"name":"wp","href":"https:\/\/api.w.org\/{rel}","templated":true}]}}