{"id":10511,"date":"2022-06-16T19:16:51","date_gmt":"2022-06-16T17:16:51","guid":{"rendered":"https:\/\/agora-eoi.xtec.cat\/eoidelvendrell\/?page_id=10511"},"modified":"2024-06-26T11:25:32","modified_gmt":"2024-06-26T09:25:32","slug":"per-que-moodle","status":"publish","type":"page","link":"https:\/\/agora-eoi.xtec.cat\/eoidelvendrell\/cultura-digital\/per-que-moodle\/","title":{"rendered":"Per qu\u00e8 Moodle?"},"content":{"rendered":"<p style=\"text-align: justify;\"><span style=\"font-weight: 400;\">D\u2019entorns virtuals d\u2019aprenentatge n\u2019hi ha molts i de molt bons. A l&#8217;EOI del Vendrell hem escollit <\/span><b>Moodle<\/b><span style=\"font-weight: 400;\"> per diverses raons:<\/span><\/p>\n<ul style=\"text-align: justify;\">\n<li style=\"font-weight: 400;\" aria-level=\"1\"><span style=\"font-weight: 400;\">\u00c9s un<strong> espai en l\u00ednia<\/strong> on podem seguir el curs, veure el contingut de les unitats, fer preguntes al professorat, fer deures, gravar \u00e0udio, pujar v\u00eddeos, ampliar algun concepte que no hem ent\u00e8s del tot, saber els resultats dels ex\u00e0mens, consultar dubtes o fer tutoria.\u00a0<\/span><\/li>\n<li style=\"font-weight: 400;\" aria-level=\"1\"><span style=\"font-weight: 400;\">\u00c9s de <strong>codi obert<\/strong>, que vol dir que tothom pot contribuir a millorar-lo.<\/span><\/li>\n<li style=\"font-weight: 400;\" aria-level=\"1\"><span style=\"font-weight: 400;\"><strong>Ning\u00fa emmagatzema les nostres dades personals<\/strong> per a fer negoci amb elles.\u00a0<\/span><\/li>\n<li style=\"font-weight: 400;\" aria-level=\"1\">\u00c9s <strong>gratu\u00eft<\/strong>.<\/li>\n<li style=\"font-weight: 400;\" aria-level=\"1\">\u00c9s <strong>col\u00b7laboratiu<\/strong>.<\/li>\n<li aria-level=\"1\">Est\u00e0 disponible en m\u00e9s de 70 <strong>idiomes<\/strong>.<\/li>\n<li aria-level=\"1\">\u00c9s <strong>compatible<\/strong> amb Windows, Mac i Linux.<\/li>\n<li aria-level=\"1\">S&#8217;est\u00e0 <strong>ampliant<\/strong> constantment amb noves funcions, aportacions desinteressades de membres de la comunitat Moodle, normalment professors.<\/li>\n<li aria-level=\"1\">Moodle permet crear espais d\u2019interacci\u00f3 i de comunicaci\u00f3 a Internet per\u00f2 amb <strong>acc\u00e9s controlat.<\/strong><\/li>\n<li aria-level=\"1\">\u00c9s altament <strong>escalable<\/strong>, que vol dir que el pot fer servir molta gent alhora sense que la plataforma s&#8217;alenteixi.<\/li>\n<\/ul>\n<p style=\"text-align: justify;\"><img loading=\"lazy\" decoding=\"async\" class=\" wp-image-10611 aligncenter\" src=\"https:\/\/agora-eoi.xtec.cat\/eoidelvendrell\/wp-content\/uploads\/usu2263\/2022\/06\/moodle-300x172.png\" alt=\"\" width=\"463\" height=\"266\" srcset=\"https:\/\/agora-eoi.xtec.cat\/eoidelvendrell\/wp-content\/uploads\/usu2263\/2022\/06\/moodle-300x172.png 300w, https:\/\/agora-eoi.xtec.cat\/eoidelvendrell\/wp-content\/uploads\/usu2263\/2022\/06\/moodle.png 567w\" sizes=\"auto, (max-width: 463px) 100vw, 463px\" \/><\/p>\n<div style=\"display: none;\"><\/div>\n","protected":false},"excerpt":{"rendered":"<p>D\u2019entorns virtuals d\u2019aprenentatge n\u2019hi ha molts i de molt bons. A l&#8217;EOI del Vendrell hem escollit Moodle per diverses raons:<\/p>\n<ul style=\"text-align: justify;\">\n<li style=\"font-weight: 400;\" aria-level=\"1\">\u00c9s un espai en l\u00ednia on podem seguir el curs, veure el contingut de les unitats, fer preguntes al professorat, fer&hellip;  <a href=\"https:\/\/agora-eoi.xtec.cat\/eoidelvendrell\/cultura-digital\/per-que-moodle\/\" title=\"Read Per qu\u00e8 Moodle?\">Llegeix m\u00e9s\u00bb<\/a><br \/>\n","protected":false},"author":1,"featured_media":0,"parent":10500,"menu_order":2,"comment_status":"closed","ping_status":"closed","template":"page-templates\/side-menu.php","meta":{"_bbp_topic_count":0,"_bbp_reply_count":0,"_bbp_total_topic_count":0,"_bbp_total_reply_count":0,"_bbp_voice_count":0,"_bbp_anonymous_reply_count":0,"_bbp_topic_count_hidden":0,"_bbp_reply_count_hidden":0,"_bbp_forum_subforum_count":0,"footnotes":""},"class_list":["post-10511","page","type-page","status-publish","hentry"],"post_mailing_queue_ids":[],"_links":{"self":[{"href":"https:\/\/agora-eoi.xtec.cat\/eoidelvendrell\/wp-json\/wp\/v2\/pages\/10511","targetHints":{"allow":["GET"]}}],"collection":[{"href":"https:\/\/agora-eoi.xtec.cat\/eoidelvendrell\/wp-json\/wp\/v2\/pages"}],"about":[{"href":"https:\/\/agora-eoi.xtec.cat\/eoidelvendrell\/wp-json\/wp\/v2\/types\/page"}],"author":[{"embeddable":true,"href":"https:\/\/agora-eoi.xtec.cat\/eoidelvendrell\/wp-json\/wp\/v2\/users\/1"}],"replies":[{"embeddable":true,"href":"https:\/\/agora-eoi.xtec.cat\/eoidelvendrell\/wp-json\/wp\/v2\/comments?post=10511"}],"version-history":[{"count":4,"href":"https:\/\/agora-eoi.xtec.cat\/eoidelvendrell\/wp-json\/wp\/v2\/pages\/10511\/revisions"}],"predecessor-version":[{"id":12239,"href":"https:\/\/agora-eoi.xtec.cat\/eoidelvendrell\/wp-json\/wp\/v2\/pages\/10511\/revisions\/12239"}],"up":[{"embeddable":true,"href":"https:\/\/agora-eoi.xtec.cat\/eoidelvendrell\/wp-json\/wp\/v2\/pages\/10500"}],"wp:attachment":[{"href":"https:\/\/agora-eoi.xtec.cat\/eoidelvendrell\/wp-json\/wp\/v2\/media?parent=10511"}],"curies":[{"name":"wp","href":"https:\/\/api.w.org\/{rel}","templated":true}]}}