{"id":10507,"date":"2022-06-16T19:05:37","date_gmt":"2022-06-16T17:05:37","guid":{"rendered":"https:\/\/agora-eoi.xtec.cat\/eoidelvendrell\/?page_id=10507"},"modified":"2024-06-26T11:24:55","modified_gmt":"2024-06-26T09:24:55","slug":"intro-de-lanalogic-al-digital","status":"publish","type":"page","link":"https:\/\/agora-eoi.xtec.cat\/eoidelvendrell\/cultura-digital\/intro-de-lanalogic-al-digital\/","title":{"rendered":"Intro: de l&#8217;anal\u00f2gic al digital"},"content":{"rendered":"<p><a href=\"https:\/\/agora-eoi.xtec.cat\/eoidelvendrell\/wp-content\/uploads\/usu2263\/2022\/06\/analog-digital.jpg\"><img loading=\"lazy\" decoding=\"async\" class=\" wp-image-10609 aligncenter\" src=\"https:\/\/agora-eoi.xtec.cat\/eoidelvendrell\/wp-content\/uploads\/usu2263\/2022\/06\/analog-digital-300x225.jpg\" alt=\"\" width=\"456\" height=\"342\" srcset=\"https:\/\/agora-eoi.xtec.cat\/eoidelvendrell\/wp-content\/uploads\/usu2263\/2022\/06\/analog-digital-300x225.jpg 300w, https:\/\/agora-eoi.xtec.cat\/eoidelvendrell\/wp-content\/uploads\/usu2263\/2022\/06\/analog-digital-768x576.jpg 768w, https:\/\/agora-eoi.xtec.cat\/eoidelvendrell\/wp-content\/uploads\/usu2263\/2022\/06\/analog-digital-200x150.jpg 200w, https:\/\/agora-eoi.xtec.cat\/eoidelvendrell\/wp-content\/uploads\/usu2263\/2022\/06\/analog-digital.jpg 1000w\" sizes=\"auto, (max-width: 456px) 100vw, 456px\" \/><\/a><\/p>\n<p><span style=\"color: #000000;\"><span style=\"font-weight: 400;\">Fa no tants anys les nostres relacions personals es limitaven a trobar-nos pel carrer, a la feina, al lleure o a l\u2019escola. Quan no hi havia <strong>contacte directe<\/strong> la comunicaci\u00f3 no era possible. L&#8217;\u00fanica manera que pod\u00edem interactuar era anar a buscar la persona amb qui vol\u00edem parlar, escriure-li una carta, un telegrama o trucar-li per tel\u00e8fon (a casa). L\u2019inconvenient d\u2019aquests m\u00e8todes era que gaireb\u00e9 mai ten\u00edem una resposta instant\u00e0nia; r<\/span><span style=\"font-weight: 400;\">elacionar-se amb els altres a dist\u00e0ncia era un proc\u00e9s lent i pesat. Amb l\u2019adveniment dels ordinadors, tauletes, tel\u00e8fons intel\u00b7ligents i la invenci\u00f3 de les xarxes socials la situaci\u00f3 ha canviat radicalment; ens podem comunicar <strong>a temps real<\/strong> amb amics i familiars, l\u2019administraci\u00f3, els bancs, els nostres prove\u00efdors&#8230; (una altra cosa \u00e9s que ens contestin).\u00a0<\/span><\/span><\/p>\n<p style=\"text-align: justify;\"><span style=\"color: #000000;\"><span style=\"font-weight: 400;\">Aquest fenomen s\u2019ha traslladat al camp educatiu. De la lli\u00e7\u00f3 <strong>cara a cara<\/strong> amb el docent hem passat a la <strong>classe <em>interactiva<\/em><\/strong>, on la presencialitat es complementa amb una relaci\u00f3 en l\u00ednia que ens permet treballar m\u00e9s enll\u00e0 de l&#8217;aula f\u00edsica, gestionant el nostre temps com millor ens convingui. Aquest intercanvi \u00e9s possible gr\u00e0cies als <\/span><strong><i>entorns virtuals d\u2019aprenentatge<\/i><\/strong><\/span><span style=\"font-weight: 400;\"><span style=\"color: #000000;\">, uns espais en l\u00ednia (Moodle, entre d&#8217;altres) on podem seguir el curs, veure el contingut de les unitats, fer preguntes al professorat, fer deures, ampliar algun concepte que no hem ent\u00e8s del tot, saber els resultats dels ex\u00e0mens, consultar dubtes o fer tutoria, sempre tenint en compte que<\/span> <strong><span style=\"color: #0000ff;\">els cursos oficials de les EOI han estat dissenyats per a ser impartits i rebuts <em>de manera presencial<\/em> i que Moodle NO \u00e9s en cap cas un curs en l\u00ednia d&#8217;angl\u00e8s.\u00a0<\/span><\/strong><\/span><\/p>\n<h4 style=\"text-align: center;\"><span style=\"color: #ff0000;\"><strong>Una <span style=\"text-decoration: underline;\">aula virtual<\/span> \u00e9s <\/strong><\/span><span style=\"color: #ff0000;\"><strong>una comunitat de persones <\/strong><\/span><span style=\"color: #ff0000;\"><strong>que interactuen les unes amb les altres i amb <\/strong><\/span><span style=\"color: #ff0000;\"><strong>els recursos\/activitats que <\/strong><\/span><span style=\"color: #ff0000;\"><strong>hi ha disponibles. No \u00e9s, <\/strong><\/span><span style=\"color: #ff0000;\"><strong>malgrat el terme, un lloc <\/strong><\/span><span style=\"color: #ff0000;\"><strong>\u00abvirtual\u00bb sin\u00f3 un <span style=\"text-decoration: underline;\">espai real<\/span> de <\/strong><\/span><span style=\"color: #ff0000;\"><strong>comunicaci\u00f3 i de construcci\u00f3 <\/strong><\/span><span style=\"color: #ff0000;\"><strong>de coneixement.<\/strong><\/span><\/h4>\n<div style=\"display: none;\"><\/div>\n","protected":false},"excerpt":{"rendered":"<p><a href=\"https:\/\/agora-eoi.xtec.cat\/eoidelvendrell\/wp-content\/uploads\/usu2263\/2022\/06\/analog-digital.jpg\"><\/a><br \/>\nFa no tants anys les nostres relacions personals es limitaven a trobar-nos pel carrer, a la feina, al lleure o a l\u2019escola. Quan no hi havia contacte directe la comunicaci\u00f3 no era possible. L&#8217;\u00fanica manera que pod\u00edem interactuar era anar a buscar la persona&hellip;  <a href=\"https:\/\/agora-eoi.xtec.cat\/eoidelvendrell\/cultura-digital\/intro-de-lanalogic-al-digital\/\" title=\"Read Intro: de l&#8217;anal\u00f2gic al digital\">Llegeix m\u00e9s\u00bb<\/a><\/p>\n","protected":false},"author":1,"featured_media":0,"parent":10500,"menu_order":1,"comment_status":"closed","ping_status":"closed","template":"page-templates\/side-menu.php","meta":{"_bbp_topic_count":0,"_bbp_reply_count":0,"_bbp_total_topic_count":0,"_bbp_total_reply_count":0,"_bbp_voice_count":0,"_bbp_anonymous_reply_count":0,"_bbp_topic_count_hidden":0,"_bbp_reply_count_hidden":0,"_bbp_forum_subforum_count":0,"footnotes":""},"class_list":["post-10507","page","type-page","status-publish","hentry"],"post_mailing_queue_ids":[],"_links":{"self":[{"href":"https:\/\/agora-eoi.xtec.cat\/eoidelvendrell\/wp-json\/wp\/v2\/pages\/10507","targetHints":{"allow":["GET"]}}],"collection":[{"href":"https:\/\/agora-eoi.xtec.cat\/eoidelvendrell\/wp-json\/wp\/v2\/pages"}],"about":[{"href":"https:\/\/agora-eoi.xtec.cat\/eoidelvendrell\/wp-json\/wp\/v2\/types\/page"}],"author":[{"embeddable":true,"href":"https:\/\/agora-eoi.xtec.cat\/eoidelvendrell\/wp-json\/wp\/v2\/users\/1"}],"replies":[{"embeddable":true,"href":"https:\/\/agora-eoi.xtec.cat\/eoidelvendrell\/wp-json\/wp\/v2\/comments?post=10507"}],"version-history":[{"count":3,"href":"https:\/\/agora-eoi.xtec.cat\/eoidelvendrell\/wp-json\/wp\/v2\/pages\/10507\/revisions"}],"predecessor-version":[{"id":12238,"href":"https:\/\/agora-eoi.xtec.cat\/eoidelvendrell\/wp-json\/wp\/v2\/pages\/10507\/revisions\/12238"}],"up":[{"embeddable":true,"href":"https:\/\/agora-eoi.xtec.cat\/eoidelvendrell\/wp-json\/wp\/v2\/pages\/10500"}],"wp:attachment":[{"href":"https:\/\/agora-eoi.xtec.cat\/eoidelvendrell\/wp-json\/wp\/v2\/media?parent=10507"}],"curies":[{"name":"wp","href":"https:\/\/api.w.org\/{rel}","templated":true}]}}