{"id":9620,"date":"2019-07-22T13:30:00","date_gmt":"2019-07-22T11:30:00","guid":{"rendered":"http:\/\/agora-eoi.xtec.cat\/eoicalella\/?page_id=9620"},"modified":"2021-07-28T11:13:37","modified_gmt":"2021-07-28T09:13:37","slug":"convalidacions-batxillerat","status":"publish","type":"page","link":"https:\/\/agora-eoi.xtec.cat\/eoicalella\/secretaria\/convalidacions-batxillerat\/","title":{"rendered":"Convalidacions Batxillerat"},"content":{"rendered":"<p>Els alumnes que cursen el batxillerat i, al mateix temps, una segona llengua estrangera<br \/>\nen una escola oficial d&#8217;idiomes (EOI) poden sol\u00b7licitar, a cada curs, la convalidaci\u00f3 de la<br \/>\ndarrera franja de quatre hores de cada curs que es completa amb una mat\u00e8ria de<br \/>\nmodalitat, pr\u00f2pia o aliena, o b\u00e9 amb dues mat\u00e8ries espec\u00edfiques, si es dona alguna de<br \/>\nles condicions seg\u00fcents:<\/p>\n<ol>\n<li><strong>Es cursa a l&#8217;EOI amb el nivell B2 o superior una segona llengua estrangera que<\/strong><br \/>\n<strong>ofereix el centre.<\/strong><\/li>\n<li><strong>Es cursa a l&#8217;EOI una llengua estrangera que no ofereix el centre.<\/strong><\/li>\n<\/ol>\n<p>La sol\u00b7licitud de convalidaci\u00f3 la presenta l&#8217;alumne el primer mes de classe, juntament<br \/>\namb una c\u00f2pia de la matr\u00edcula a l&#8217;EOI. El centre ho comunica a la Direcci\u00f3 General de<br \/>\nCurr\u00edculum i Personalitzaci\u00f3 i el Batxillerat abans del 31 d&#8217;octubre del curs escolar<br \/>\ncorresponent.<br \/>\nLa convalidaci\u00f3 est\u00e0 condicionada a la superaci\u00f3 del curs a l&#8217;EOI, que cal documentar<br \/>\namb un certificat del nivell assolit expedit per la secretaria de l&#8217;EOI.<\/p>\n","protected":false},"excerpt":{"rendered":"<p>Els alumnes que cursen el batxillerat i, al mateix temps, una segona llengua estrangera<br \/>\nen una escola oficial d&#8217;idiomes (EOI) poden sol\u00b7licitar, a cada curs, la convalidaci\u00f3 de la<br \/>\ndarrera franja de quatre hores de cada curs que es completa amb una mat\u00e8ria de<br \/>\nmodalitat, pr\u00f2pia o aliena,&hellip;  <a href=\"https:\/\/agora-eoi.xtec.cat\/eoicalella\/secretaria\/convalidacions-batxillerat\/\" title=\"Read Convalidacions Batxillerat\">Llegeix m\u00e9s\u00bb<\/a><\/p>\n","protected":false},"author":1,"featured_media":0,"parent":8358,"menu_order":10,"comment_status":"closed","ping_status":"closed","template":"page-templates\/side-menu.php","meta":{"_bbp_topic_count":0,"_bbp_reply_count":0,"_bbp_total_topic_count":0,"_bbp_total_reply_count":0,"_bbp_voice_count":0,"_bbp_anonymous_reply_count":0,"_bbp_topic_count_hidden":0,"_bbp_reply_count_hidden":0,"_bbp_forum_subforum_count":0,"footnotes":""},"class_list":["post-9620","page","type-page","status-publish","hentry"],"post_mailing_queue_ids":[],"_links":{"self":[{"href":"https:\/\/agora-eoi.xtec.cat\/eoicalella\/wp-json\/wp\/v2\/pages\/9620","targetHints":{"allow":["GET"]}}],"collection":[{"href":"https:\/\/agora-eoi.xtec.cat\/eoicalella\/wp-json\/wp\/v2\/pages"}],"about":[{"href":"https:\/\/agora-eoi.xtec.cat\/eoicalella\/wp-json\/wp\/v2\/types\/page"}],"author":[{"embeddable":true,"href":"https:\/\/agora-eoi.xtec.cat\/eoicalella\/wp-json\/wp\/v2\/users\/1"}],"replies":[{"embeddable":true,"href":"https:\/\/agora-eoi.xtec.cat\/eoicalella\/wp-json\/wp\/v2\/comments?post=9620"}],"version-history":[{"count":1,"href":"https:\/\/agora-eoi.xtec.cat\/eoicalella\/wp-json\/wp\/v2\/pages\/9620\/revisions"}],"predecessor-version":[{"id":9621,"href":"https:\/\/agora-eoi.xtec.cat\/eoicalella\/wp-json\/wp\/v2\/pages\/9620\/revisions\/9621"}],"up":[{"embeddable":true,"href":"https:\/\/agora-eoi.xtec.cat\/eoicalella\/wp-json\/wp\/v2\/pages\/8358"}],"wp:attachment":[{"href":"https:\/\/agora-eoi.xtec.cat\/eoicalella\/wp-json\/wp\/v2\/media?parent=9620"}],"curies":[{"name":"wp","href":"https:\/\/api.w.org\/{rel}","templated":true}]}}