{"id":9054,"date":"2017-09-19T14:08:38","date_gmt":"2017-09-19T12:08:38","guid":{"rendered":"http:\/\/agora-eoi.xtec.cat\/eoicalella\/?page_id=9054"},"modified":"2017-09-19T14:08:56","modified_gmt":"2017-09-19T12:08:56","slug":"mostres-de-proves-de-certificat","status":"publish","type":"page","link":"https:\/\/agora-eoi.xtec.cat\/eoicalella\/angles\/mostres-de-proves-de-certificat\/","title":{"rendered":"Mostres de proves de certificat"},"content":{"rendered":"<p>El Departament d&#8217;Ensenyament t\u00e9 publicades mostres de proves de cadasc\u00fan dels certificats, les podeu consultar en el seg\u00fcent enlla\u00e7: <a href=\"http:\/\/ensenyament.gencat.cat\/ca\/serveis-tramits\/proves\/proves-lliures-obtencio-titols\/convocat-ordinaria-idiomes\/mostres-proves\/angles\/\">mostres de proves d&#8217;angl\u00e8s<\/a><\/p>\n<p>Si us voleu presentar per llliure consulteu la informaci\u00f3 sobre les convocat\u00f2ries de les proves:<\/p>\n<ul>\n<li><a href=\"http:\/\/ensenyament.gencat.cat\/ca\/serveis-tramits\/proves\/proves-lliures-obtencio-titols\/convocat-extraord-idiomes\/\">convocat\u00f2ria extraordin\u00e0ria<\/a><\/li>\n<li><a href=\"http:\/\/ensenyament.gencat.cat\/ca\/serveis-tramits\/proves\/proves-lliures-obtencio-titols\/convocat-ordinaria-idiomes\/\">convocat\u00f2ria ordin\u00e0ria<\/a><\/li>\n<\/ul>\n","protected":false},"excerpt":{"rendered":"<p>El Departament d&#8217;Ensenyament t\u00e9 publicades mostres de proves de cadasc\u00fan dels certificats, les podeu consultar en el seg\u00fcent enlla\u00e7: <a href=\"http:\/\/ensenyament.gencat.cat\/ca\/serveis-tramits\/proves\/proves-lliures-obtencio-titols\/convocat-ordinaria-idiomes\/mostres-proves\/angles\/\">mostres de proves d&#8217;angl\u00e8s<\/a><br \/>\nSi us voleu presentar per llliure consulteu la informaci\u00f3 sobre les convocat\u00f2ries de les proves:<\/p>\n<ul>\n<li><a href=\"http:\/\/ensenyament.gencat.cat\/ca\/serveis-tramits\/proves\/proves-lliures-obtencio-titols\/convocat-extraord-idiomes\/\">convocat\u00f2ria extraordin\u00e0ria<\/a><\/li>\n<li><a href=\"http:\/\/ensenyament.gencat.cat\/ca\/serveis-tramits\/proves\/proves-lliures-obtencio-titols\/convocat-ordinaria-idiomes\/\">convocat\u00f2ria ordin\u00e0ria<\/a><\/li>\n<\/ul>\n","protected":false},"author":1,"featured_media":0,"parent":8189,"menu_order":0,"comment_status":"closed","ping_status":"closed","template":"page-templates\/side-menu.php","meta":{"_bbp_topic_count":0,"_bbp_reply_count":0,"_bbp_total_topic_count":0,"_bbp_total_reply_count":0,"_bbp_voice_count":0,"_bbp_anonymous_reply_count":0,"_bbp_topic_count_hidden":0,"_bbp_reply_count_hidden":0,"_bbp_forum_subforum_count":0,"footnotes":""},"class_list":["post-9054","page","type-page","status-publish","hentry"],"post_mailing_queue_ids":[],"_links":{"self":[{"href":"https:\/\/agora-eoi.xtec.cat\/eoicalella\/wp-json\/wp\/v2\/pages\/9054","targetHints":{"allow":["GET"]}}],"collection":[{"href":"https:\/\/agora-eoi.xtec.cat\/eoicalella\/wp-json\/wp\/v2\/pages"}],"about":[{"href":"https:\/\/agora-eoi.xtec.cat\/eoicalella\/wp-json\/wp\/v2\/types\/page"}],"author":[{"embeddable":true,"href":"https:\/\/agora-eoi.xtec.cat\/eoicalella\/wp-json\/wp\/v2\/users\/1"}],"replies":[{"embeddable":true,"href":"https:\/\/agora-eoi.xtec.cat\/eoicalella\/wp-json\/wp\/v2\/comments?post=9054"}],"version-history":[{"count":2,"href":"https:\/\/agora-eoi.xtec.cat\/eoicalella\/wp-json\/wp\/v2\/pages\/9054\/revisions"}],"predecessor-version":[{"id":9056,"href":"https:\/\/agora-eoi.xtec.cat\/eoicalella\/wp-json\/wp\/v2\/pages\/9054\/revisions\/9056"}],"up":[{"embeddable":true,"href":"https:\/\/agora-eoi.xtec.cat\/eoicalella\/wp-json\/wp\/v2\/pages\/8189"}],"wp:attachment":[{"href":"https:\/\/agora-eoi.xtec.cat\/eoicalella\/wp-json\/wp\/v2\/media?parent=9054"}],"curies":[{"name":"wp","href":"https:\/\/api.w.org\/{rel}","templated":true}]}}