{"id":8635,"date":"2022-03-20T11:48:09","date_gmt":"2022-03-20T10:48:09","guid":{"rendered":"http:\/\/agora-eoi.xtec.cat\/eoicalella\/?page_id=8635"},"modified":"2022-03-23T13:43:38","modified_gmt":"2022-03-23T12:43:38","slug":"projecte-educatiu-de-centre-pec","status":"publish","type":"page","link":"https:\/\/agora-eoi.xtec.cat\/eoicalella\/el-servei-educatiu\/projecte-educatiu-de-centre-pec\/","title":{"rendered":"Projecte educatiu de centre (PEC)"},"content":{"rendered":"<p><a href=\"https:\/\/agora-eoi.xtec.cat\/eoicalella\/wp-content\/uploads\/usu2256\/2015\/01\/foto-classe.png\"><img loading=\"lazy\" decoding=\"async\" class=\"alignleft  wp-image-255\" src=\"https:\/\/agora-eoi.xtec.cat\/eoicalella\/wp-content\/uploads\/usu2256\/2015\/01\/foto-classe-300x219.png\" alt=\"\" width=\"411\" height=\"300\" srcset=\"https:\/\/agora-eoi.xtec.cat\/eoicalella\/wp-content\/uploads\/usu2256\/2015\/01\/foto-classe-300x219.png 300w, https:\/\/agora-eoi.xtec.cat\/eoicalella\/wp-content\/uploads\/usu2256\/2015\/01\/foto-classe.png 640w\" sizes=\"auto, (max-width: 411px) 100vw, 411px\" \/><\/a><\/p>\n<p>El projecte educatiu de centre (PEC) \u00e9s un document que inclou els trets d&#8217;identitat del centre, els principis pedag\u00f2gics, els principis organitzatius i el projecte ling\u00fc\u00edstic. En aquest document s&#8217;especifiquen els valors, els objectius i les prioritats d&#8217;actuaci\u00f3 del centre.\u00a0En els centres p\u00fablics, el PEC l&#8217;elabora el claustre, a iniciativa del director.<\/p>\n<p>Podeu consultar els documents en aquests enlla\u00e7os:<\/p>\n<ul>\n<li><a href=\"https:\/\/drive.google.com\/file\/d\/1wRdcknOB9_AGjjZbh53vRS8ogX7gZwPs\/view?usp=sharing\"><strong>PROJECTE EDUCATIU D&#8217;EOI CALELLA<\/strong><\/a><\/li>\n<li><a href=\"https:\/\/drive.google.com\/file\/d\/1ZmxzOe_Ki_n_DeMZFOAQQ-567Vh_Onvi\/view?usp=sharing\"><strong>PROJECTE LING\u00dc\u00cdSTIC D&#8217;EOI CALELLA<\/strong><\/a><\/li>\n<\/ul>\n","protected":false},"excerpt":{"rendered":"<p><a href=\"https:\/\/agora-eoi.xtec.cat\/eoicalella\/wp-content\/uploads\/usu2256\/2015\/01\/foto-classe.png\"><\/a><br \/>\nEl projecte educatiu de centre (PEC) \u00e9s un document que inclou els trets d&#8217;identitat del centre, els principis pedag\u00f2gics, els principis organitzatius i el projecte ling\u00fc\u00edstic. En aquest document s&#8217;especifiquen els valors, els objectius i les prioritats d&#8217;actuaci\u00f3 del centre.\u00a0En els centres p\u00fablics, el&hellip;  <a href=\"https:\/\/agora-eoi.xtec.cat\/eoicalella\/el-servei-educatiu\/projecte-educatiu-de-centre-pec\/\" title=\"Read Projecte educatiu de centre (PEC)\">Llegeix m\u00e9s\u00bb<\/a><\/p>\n","protected":false},"author":1,"featured_media":0,"parent":806,"menu_order":60,"comment_status":"closed","ping_status":"closed","template":"page-templates\/side-menu.php","meta":{"_bbp_topic_count":0,"_bbp_reply_count":0,"_bbp_total_topic_count":0,"_bbp_total_reply_count":0,"_bbp_voice_count":0,"_bbp_anonymous_reply_count":0,"_bbp_topic_count_hidden":0,"_bbp_reply_count_hidden":0,"_bbp_forum_subforum_count":0,"footnotes":""},"class_list":["post-8635","page","type-page","status-publish","hentry"],"post_mailing_queue_ids":[],"_links":{"self":[{"href":"https:\/\/agora-eoi.xtec.cat\/eoicalella\/wp-json\/wp\/v2\/pages\/8635","targetHints":{"allow":["GET"]}}],"collection":[{"href":"https:\/\/agora-eoi.xtec.cat\/eoicalella\/wp-json\/wp\/v2\/pages"}],"about":[{"href":"https:\/\/agora-eoi.xtec.cat\/eoicalella\/wp-json\/wp\/v2\/types\/page"}],"author":[{"embeddable":true,"href":"https:\/\/agora-eoi.xtec.cat\/eoicalella\/wp-json\/wp\/v2\/users\/1"}],"replies":[{"embeddable":true,"href":"https:\/\/agora-eoi.xtec.cat\/eoicalella\/wp-json\/wp\/v2\/comments?post=8635"}],"version-history":[{"count":3,"href":"https:\/\/agora-eoi.xtec.cat\/eoicalella\/wp-json\/wp\/v2\/pages\/8635\/revisions"}],"predecessor-version":[{"id":10327,"href":"https:\/\/agora-eoi.xtec.cat\/eoicalella\/wp-json\/wp\/v2\/pages\/8635\/revisions\/10327"}],"up":[{"embeddable":true,"href":"https:\/\/agora-eoi.xtec.cat\/eoicalella\/wp-json\/wp\/v2\/pages\/806"}],"wp:attachment":[{"href":"https:\/\/agora-eoi.xtec.cat\/eoicalella\/wp-json\/wp\/v2\/media?parent=8635"}],"curies":[{"name":"wp","href":"https:\/\/api.w.org\/{rel}","templated":true}]}}