{"id":8613,"date":"2022-03-20T11:17:12","date_gmt":"2022-03-20T10:17:12","guid":{"rendered":"http:\/\/agora-eoi.xtec.cat\/eoicalella\/?page_id=8613"},"modified":"2023-10-02T14:12:52","modified_gmt":"2023-10-02T12:12:52","slug":"curriculum","status":"publish","type":"page","link":"https:\/\/agora-eoi.xtec.cat\/eoicalella\/el-servei-educatiu\/pla-destudis\/curriculum\/","title":{"rendered":"Curr\u00edculum"},"content":{"rendered":"<p>Les persones adultes poden estudiar idiomes moderns en r\u00e8gim oficial a les escoles oficials d&#8217;idiomes (EOI) en modalitat presencial o a dist\u00e0ncia a <a href=\"https:\/\/ioc.xtec.cat\/educacio\/eoi\">l&#8217;Institut Obert de Catalunya (IOC)<\/a>. La matr\u00edcula oficial a les EOI d\u00f3na dret a assistir a classe i als ex\u00e0mens que permeten obtenir els certificats acreditatius corresponents. Aquests certificats tamb\u00e9 es poden obtenir en r\u00e8gim lliure.<\/p>\n<p>Per a m\u00e9s informaci\u00f3 cliqueu els enlla\u00e7os:<\/p>\n<ul>\n<li><a href=\"https:\/\/triaeducativa.gencat.cat\/ca\/estudis\/?angles&amp;p_id=538\">Angl\u00e8s<\/a><\/li>\n<li><a href=\"https:\/\/triaeducativa.gencat.cat\/ca\/estudis\/?alemany&amp;p_id=537\">Alemany<\/a><\/li>\n<li><a href=\"https:\/\/triaeducativa.gencat.cat\/ca\/estudis\/?rus&amp;p_id=540\">Rus<\/a><\/li>\n<li><a href=\"https:\/\/triaeducativa.gencat.cat\/ca\/idiomes-eoi\/dubtes\/\">Preguntes m\u00e9s freq\u00fcents<\/a><\/li>\n<\/ul>\n","protected":false},"excerpt":{"rendered":"<p>Les persones adultes poden estudiar idiomes moderns en r\u00e8gim oficial a les escoles oficials d&#8217;idiomes (EOI) en modalitat presencial o a dist\u00e0ncia a <a href=\"https:\/\/ioc.xtec.cat\/educacio\/eoi\">l&#8217;Institut Obert de Catalunya (IOC)<\/a>. La matr\u00edcula oficial a les EOI d\u00f3na dret a assistir a classe i als ex\u00e0mens que&hellip;  <a href=\"https:\/\/agora-eoi.xtec.cat\/eoicalella\/el-servei-educatiu\/pla-destudis\/curriculum\/\" title=\"Read Curr\u00edculum\">Llegeix m\u00e9s\u00bb<\/a><\/p>\n","protected":false},"author":1,"featured_media":0,"parent":8610,"menu_order":20,"comment_status":"closed","ping_status":"closed","template":"page-templates\/side-menu.php","meta":{"_bbp_topic_count":0,"_bbp_reply_count":0,"_bbp_total_topic_count":0,"_bbp_total_reply_count":0,"_bbp_voice_count":0,"_bbp_anonymous_reply_count":0,"_bbp_topic_count_hidden":0,"_bbp_reply_count_hidden":0,"_bbp_forum_subforum_count":0,"footnotes":""},"class_list":["post-8613","page","type-page","status-publish","hentry"],"post_mailing_queue_ids":[],"_links":{"self":[{"href":"https:\/\/agora-eoi.xtec.cat\/eoicalella\/wp-json\/wp\/v2\/pages\/8613","targetHints":{"allow":["GET"]}}],"collection":[{"href":"https:\/\/agora-eoi.xtec.cat\/eoicalella\/wp-json\/wp\/v2\/pages"}],"about":[{"href":"https:\/\/agora-eoi.xtec.cat\/eoicalella\/wp-json\/wp\/v2\/types\/page"}],"author":[{"embeddable":true,"href":"https:\/\/agora-eoi.xtec.cat\/eoicalella\/wp-json\/wp\/v2\/users\/1"}],"replies":[{"embeddable":true,"href":"https:\/\/agora-eoi.xtec.cat\/eoicalella\/wp-json\/wp\/v2\/comments?post=8613"}],"version-history":[{"count":4,"href":"https:\/\/agora-eoi.xtec.cat\/eoicalella\/wp-json\/wp\/v2\/pages\/8613\/revisions"}],"predecessor-version":[{"id":10723,"href":"https:\/\/agora-eoi.xtec.cat\/eoicalella\/wp-json\/wp\/v2\/pages\/8613\/revisions\/10723"}],"up":[{"embeddable":true,"href":"https:\/\/agora-eoi.xtec.cat\/eoicalella\/wp-json\/wp\/v2\/pages\/8610"}],"wp:attachment":[{"href":"https:\/\/agora-eoi.xtec.cat\/eoicalella\/wp-json\/wp\/v2\/media?parent=8613"}],"curies":[{"name":"wp","href":"https:\/\/api.w.org\/{rel}","templated":true}]}}