{"id":8610,"date":"2016-06-20T11:15:09","date_gmt":"2016-06-20T10:15:09","guid":{"rendered":"http:\/\/agora-eoi.xtec.cat\/eoicalella\/?page_id=8610"},"modified":"2020-09-07T10:36:33","modified_gmt":"2020-09-07T08:36:33","slug":"pla-destudis","status":"publish","type":"page","link":"https:\/\/agora-eoi.xtec.cat\/eoicalella\/el-servei-educatiu\/pla-destudis\/","title":{"rendered":"Pla d&#8217;estudis"},"content":{"rendered":"<p>Les escoles oficials d\u2019idiomes (EOI) s\u00f3n centres p\u00fablics, no universitaris, d\u2019ensenyament d\u2019idiomes moderns, que imparteixen els ensenyaments especialtats que regula la Lleig Org\u00e0nica d\u2019Educaci\u00f3 (LOE).<\/p>\n<p>El pla d\u2019estudis de les escoles oficials d\u2019idiomes de Catalunya, es regeix pel <a href=\"https:\/\/www.boe.es\/boe_catalan\/dias\/2017\/12\/23\/pdfs\/BOE-A-2017-15367-C.pdf\">Reial Decret 1041\/2017 pel qual es fixen les exig\u00e8ncies m\u00ednimes del nivell b\u00e0sic a l\u2019efecte de certificaci\u00f3, s\u2019estableix el curr\u00edculum b\u00e0sic dels nivells intermedi B1, intermedi B2, avan\u00e7at C1 i avan\u00e7at C2, dels ensenyaments d\u2019idiomes de r\u00e8gim especial que regula la Llei org\u00e0nica 2\/2006, de 3 de maig<\/a>, i pel <a href=\"https:\/\/www.boe.es\/diario_boe\/txt.php?id=BOE-A-2019-317\">Reial Decret 1\/2019 pel qual s&#8217;estableixen els principis b\u00e0sics d&#8217;avaluaci\u00f3 pel que fa a la certificaci\u00f3 dels nivells B1, B2, C1 i C2<\/a>.<\/p>\n<p>Les escoles oficials d\u2019idiomes tamb\u00e9 gestionen les certificacions acad\u00e8miques corresponents a aquests ensenyaments especialitzats.<\/p>\n<p>El Certificat de Nivel Intermedi, el Certificat de Nivell Avan\u00e7at i el Certificat de Nivell C1 es poden obtener tant en convocatoria oficial com en convocatoria lliure.<\/p>\n","protected":false},"excerpt":{"rendered":"<p>Les escoles oficials d\u2019idiomes (EOI) s\u00f3n centres p\u00fablics, no universitaris, d\u2019ensenyament d\u2019idiomes moderns, que imparteixen els ensenyaments especialtats que regula la Lleig Org\u00e0nica d\u2019Educaci\u00f3 (LOE).<br \/>\nEl pla d\u2019estudis de les escoles oficials d\u2019idiomes de Catalunya, es regeix pel <a href=\"https:\/\/www.boe.es\/boe_catalan\/dias\/2017\/12\/23\/pdfs\/BOE-A-2017-15367-C.pdf\">Reial Decret 1041\/2017 pel qual es fixen&hellip;  <a href=\"https:\/\/agora-eoi.xtec.cat\/eoicalella\/el-servei-educatiu\/pla-destudis\/\" title=\"Read Pla d&#8217;estudis\">Llegeix m\u00e9s\u00bb<\/a><\/p>\n","protected":false},"author":1,"featured_media":0,"parent":806,"menu_order":40,"comment_status":"closed","ping_status":"closed","template":"page-templates\/side-menu.php","meta":{"_bbp_topic_count":0,"_bbp_reply_count":0,"_bbp_total_topic_count":0,"_bbp_total_reply_count":0,"_bbp_voice_count":0,"_bbp_anonymous_reply_count":0,"_bbp_topic_count_hidden":0,"_bbp_reply_count_hidden":0,"_bbp_forum_subforum_count":0,"footnotes":""},"class_list":["post-8610","page","type-page","status-publish","hentry"],"post_mailing_queue_ids":[],"_links":{"self":[{"href":"https:\/\/agora-eoi.xtec.cat\/eoicalella\/wp-json\/wp\/v2\/pages\/8610","targetHints":{"allow":["GET"]}}],"collection":[{"href":"https:\/\/agora-eoi.xtec.cat\/eoicalella\/wp-json\/wp\/v2\/pages"}],"about":[{"href":"https:\/\/agora-eoi.xtec.cat\/eoicalella\/wp-json\/wp\/v2\/types\/page"}],"author":[{"embeddable":true,"href":"https:\/\/agora-eoi.xtec.cat\/eoicalella\/wp-json\/wp\/v2\/users\/1"}],"replies":[{"embeddable":true,"href":"https:\/\/agora-eoi.xtec.cat\/eoicalella\/wp-json\/wp\/v2\/comments?post=8610"}],"version-history":[{"count":3,"href":"https:\/\/agora-eoi.xtec.cat\/eoicalella\/wp-json\/wp\/v2\/pages\/8610\/revisions"}],"predecessor-version":[{"id":9868,"href":"https:\/\/agora-eoi.xtec.cat\/eoicalella\/wp-json\/wp\/v2\/pages\/8610\/revisions\/9868"}],"up":[{"embeddable":true,"href":"https:\/\/agora-eoi.xtec.cat\/eoicalella\/wp-json\/wp\/v2\/pages\/806"}],"wp:attachment":[{"href":"https:\/\/agora-eoi.xtec.cat\/eoicalella\/wp-json\/wp\/v2\/media?parent=8610"}],"curies":[{"name":"wp","href":"https:\/\/api.w.org\/{rel}","templated":true}]}}