{"id":8472,"date":"2024-05-19T10:31:04","date_gmt":"2024-05-19T08:31:04","guid":{"rendered":"http:\/\/agora-eoi.xtec.cat\/eoicalella\/?page_id=8472"},"modified":"2024-05-27T19:24:20","modified_gmt":"2024-05-27T17:24:20","slug":"preinscripcio","status":"publish","type":"page","link":"https:\/\/agora-eoi.xtec.cat\/eoicalella\/preinscripcio\/","title":{"rendered":"Preinscripci\u00f3 i matr\u00edcula 2024-2025"},"content":{"rendered":"<h3><strong>PREINSCRIPCI\u00d3 2024-2025: del 2 al 9 de setembre<\/strong><\/h3>\n<ul>\n<li>S\u2019ha de fer <strong>preinscripci\u00f3 online<\/strong> abans de poder fer la matr\u00edcula (tamb\u00e9 online).<\/li>\n<li>El calendari de preinscripci\u00f3 per al curs 2024-2025\u00a0 est\u00e0 fixat pel Departament d\u2019Educaci\u00f3.<\/li>\n<li><a href=\"https:\/\/educacio.gencat.cat\/web\/.content\/home\/departament\/publicacions\/infografies\/eoi-10-eoi.pdf\">Informaci\u00f3 b\u00e0sica sobre el proc\u00e9s de preinscripci\u00f3 i matr\u00edcula.<\/a><\/li>\n<li>Per a m\u00e9s informaci\u00f3 consulteu la p\u00e0gina web del Departament: <a href=\"https:\/\/triaeducativa.gencat.cat\/ca\/idiomes\/\">Tria educativa: Idiomes a les EOI<\/a><\/li>\n<li>dubtes i consultes: eoicalella@xtec.cat<\/li>\n<\/ul>\n<p><a href=\"https:\/\/agora-eoi.xtec.cat\/eoicalella\/wp-content\/uploads\/usu2256\/2024\/05\/preinscripcio.png\"><img loading=\"lazy\" decoding=\"async\" class=\"wp-image-10783 aligncenter\" src=\"https:\/\/agora-eoi.xtec.cat\/eoicalella\/wp-content\/uploads\/usu2256\/2024\/05\/preinscripcio.png\" alt=\"\" width=\"819\" height=\"445\" srcset=\"https:\/\/agora-eoi.xtec.cat\/eoicalella\/wp-content\/uploads\/usu2256\/2024\/05\/preinscripcio.png 939w, https:\/\/agora-eoi.xtec.cat\/eoicalella\/wp-content\/uploads\/usu2256\/2024\/05\/preinscripcio-300x163.png 300w, https:\/\/agora-eoi.xtec.cat\/eoicalella\/wp-content\/uploads\/usu2256\/2024\/05\/preinscripcio-768x417.png 768w\" sizes=\"auto, (max-width: 819px) 100vw, 819px\" \/><\/a><\/p>\n<pre style=\"text-align: center;\"><\/pre>\n<p><strong><u>TAXES I PREUS P\u00daBLICS CURS 2022-2024 <\/u><\/strong>(llei 2\/2023 del 16 de mar\u00e7, de pressupostos de la Generatliat de Catalunya per al 2023)<\/p>\n<p><a href=\"https:\/\/educacio.gencat.cat\/ca\/departament\/normativa\/taxes-preus-publics\/taxes\/\">https:\/\/educacio.gencat.cat\/ca\/departament\/normativa\/taxes-preus-publics\/taxes\/<\/a><\/p>\n<table style=\"width: 88.5229%; height: 163px;\">\n<tbody>\n<tr style=\"height: 33px;\">\n<td style=\"width: 16.8224%; text-align: center; height: 33px;\"><strong>\u00a0<\/strong><\/td>\n<td style=\"text-align: center; width: 29.8131%;\" colspan=\"3\"><strong><br \/>\n<\/strong><strong>primera matr\u00edcula<\/strong><\/td>\n<td style=\"width: 29.5795%; text-align: center;\" colspan=\"3\"><strong><br \/>\n<\/strong><strong>primera repetici\u00f3<\/strong><\/td>\n<td style=\"width: 34.0343%; text-align: center; height: 33px;\" colspan=\"3\"><strong>segona repetici\u00f3<\/strong><\/td>\n<\/tr>\n<tr style=\"height: 33px;\">\n<td style=\"width: 16.8224%; height: 33px;\"><\/td>\n<td style=\"width: 10.6542%; text-align: center;\">A1.1 i A1.2<\/td>\n<td style=\"width: 10.8412%; height: 33px; text-align: center;\">A1, A2, C1, C2<\/td>\n<td style=\"width: 8.31773%; height: 33px; text-align: center;\">B1 i B2<\/td>\n<td style=\"width: 10.1869%; text-align: center;\">A1.1 i A1.2<\/td>\n<td style=\"width: 11.0747%; height: 33px; text-align: center;\">A1, A2, C1, C2<\/td>\n<td style=\"width: 8.31789%; height: 33px; text-align: center;\">B1 i B2<\/td>\n<td style=\"width: 12.4299%; height: 33px; text-align: center;\">A1.1 i A1.2<\/td>\n<td style=\"width: 13.5513%; height: 33px; text-align: center;\">A1, A2, C1, C2<\/td>\n<td style=\"width: 8.05308%; height: 33px; text-align: center;\">B1 i B2<\/td>\n<\/tr>\n<tr style=\"height: 48px;\">\n<td style=\"width: 16.8224%; height: 39px;\"><strong>matr\u00edcula <\/strong><strong>ordin\u00e0ria<\/strong><\/td>\n<td style=\"width: 10.6542%; text-align: center;\"><strong>152,50\u20ac<\/strong><\/td>\n<td style=\"width: 10.8412%; height: 39px; text-align: center;\"><strong>305,00\u20ac<\/strong><\/td>\n<td style=\"width: 8.31773%; height: 39px; text-align: center;\"><b>327,60\u20ac<\/b><\/td>\n<td style=\"width: 10.1869%; text-align: center;\"><strong>198,25\u20ac<\/strong><\/td>\n<td style=\"width: 11.0747%; height: 39px; text-align: center;\"><strong>396,50\u20ac<\/strong><\/td>\n<td style=\"width: 8.31789%; height: 39px; text-align: center;\"><strong>425,90\u20ac<\/strong><\/td>\n<td style=\"width: 12.4299%; height: 39px; text-align: center;\"><strong>274,50\u20ac<\/strong><\/td>\n<td style=\"width: 13.5513%; height: 39px; text-align: center;\"><strong>549,00\u20ac<\/strong><\/td>\n<td style=\"width: 8.05308%; height: 39px; text-align: center;\"><strong>589,70\u20ac<\/strong><\/td>\n<\/tr>\n<tr style=\"height: 32px;\">\n<td style=\"width: 16.8224%; height: 32px;\"><strong>matr\u00edcula redu\u00efda 50%<\/strong><\/td>\n<td style=\"width: 10.6542%; text-align: center;\"><strong>76,25\u20ac<\/strong><\/td>\n<td style=\"width: 10.8412%; text-align: center; height: 32px;\"><strong>152,50\u20ac<\/strong><\/td>\n<td style=\"width: 8.31773%; text-align: center; height: 32px;\"><strong>163,80\u20ac<\/strong><\/td>\n<td style=\"width: 10.1869%; text-align: center;\"><strong>99,13\u20ac<\/strong><\/td>\n<td style=\"width: 11.0747%; text-align: center; height: 32px;\"><strong>198,25\u20ac<\/strong><\/td>\n<td style=\"width: 8.31789%; text-align: center; height: 32px;\"><strong>212,95\u20ac<\/strong><\/td>\n<td style=\"width: 12.4299%; text-align: center; height: 32px;\"><strong>137,25\u20ac<\/strong><\/td>\n<td style=\"width: 13.5513%; text-align: center; height: 32px;\"><strong>274,50\u20ac<\/strong><\/td>\n<td style=\"width: 8.05308%; text-align: center; height: 32px;\"><strong>294,85\u20ac<\/strong><\/td>\n<\/tr>\n<tr style=\"height: 0px;\">\n<td style=\"width: 110.249%; height: 26px;\" colspan=\"10\">\n<p style=\"text-align: center;\"><strong><em>Aquests preus NO inclouen els llibres de text\/lectura que es puguin fer servir durant el curs<\/em><em>.<\/em><\/strong><\/p>\n<\/td>\n<\/tr>\n<\/tbody>\n<\/table>\n<p><strong>NORMATIVA VIGENT: <\/strong><\/p>\n<ul>\n<li><a href=\"https:\/\/portaldogc.gencat.cat\/utilsEADOP\/PDF\/8230\/1813076.pdf\">ORDRE ENS\/155\/2020<\/a>, de 18 de setembre, per la qual se suprimeixen, es creen i s&#8217;actualitzen els preus p\u00fablics i els imports de determinats ensenyaments i serveis docents de les escoles oficials d&#8217;idiomes del Departament d&#8217;Educaci\u00f3.<\/li>\n<li><a href=\"https:\/\/portaldogc.gencat.cat\/utilsEADOP\/PDF\/8420\/1854031.pdf\">ORDRE EDU\/114\/2021<\/a>, de 25 de maig, per la qual es modifica l&#8217;Ordre EDU\/155\/2020, de 18 de setembre, per la qual se suprimeixen, es creen i s&#8217;actualitzen els preus p\u00fablics i els imports de determinats ensenyaments i serveis docents de les escoles oficials d&#8217;idiomes del Departament d&#8217;Educaci\u00f3.<\/li>\n<\/ul>\n<table style=\"width: 82.4065%; height: 510px;\">\n<tbody>\n<tr style=\"height: 33px;\">\n<td style=\"width: 54.6307%; height: 33px;\"><strong>BONIFICACI\u00d3 DEL 50% DE L\u2019IMPORT:<\/strong><\/td>\n<td style=\"width: 66.6258%; height: 33px;\"><strong>EXEMPCI\u00d3 DEL 100% DE L\u2019IMPORT:<\/strong><\/td>\n<\/tr>\n<tr style=\"height: 33px;\">\n<td style=\"width: 54.6307%; height: 33px;\"><strong>membres de fam\u00edlia nombrosa de categoria general<\/strong><\/td>\n<td style=\"width: 66.6258%; height: 33px;\"><strong>membres de fam\u00edlia nombrosa de categoria especial<\/strong><\/td>\n<\/tr>\n<tr style=\"height: 49px;\">\n<td style=\"width: 54.6307%; height: 49px;\"><strong>membres de fam\u00edlia monoparental de qualsevol categoria<\/strong><\/td>\n<td style=\"width: 66.6258%; height: 49px;\"><strong>membres de fam\u00edlies que perceben la renda m\u00ednima d&#8217;inserci\u00f3 o la renda activa d&#8217;inserci\u00f3<\/strong><\/td>\n<\/tr>\n<tr style=\"height: 33px;\">\n<td style=\"width: 54.6307%; height: 33px;\"><strong>NOVETATS CURS 2021-2022:<\/strong><\/td>\n<td style=\"width: 66.6258%; height: 33px;\"><strong>persones amb discapacitat igual o superior al 33%<\/strong><\/td>\n<\/tr>\n<tr style=\"height: 76px;\">\n<td style=\"width: 54.6307%; height: 76px;\">\n<ul>\n<li><strong>alumnes matriculats en dues lleng\u00fces tenen bonificaci\u00f3 del 50%en la matr\u00edcula d\u2019una de les dues sempre i quan sigui de nivell<\/strong> <strong>A1, A2, C1 o C2<\/strong><\/li>\n<\/ul>\n<\/td>\n<td style=\"width: 66.6258%; height: 76px;\">\n<ul>\n<li><strong>v\u00edctimes de viol\u00e8ncia de g\u00e8nere<\/strong><\/li>\n<li><strong>v\u00edctimes del terrorisme (i els seus c\u00f2njuges, fills i filles)<\/strong><\/li>\n<li><strong>infants o adolescents en acolliment familiar<\/strong><\/li>\n<\/ul>\n<\/td>\n<\/tr>\n<tr style=\"height: 81px;\">\n<td style=\"width: 54.6307%; height: 81px;\">\n<ul>\n<li><strong>alumnes que despr\u00e9s d\u2019haver cursat el nivell B2.2 es matriculin en el curs immediatament posterior en una nova llengua estrangera en el nivell A1, A2, C1 o C2 (50%)<\/strong><\/li>\n<\/ul>\n<\/td>\n<td style=\"width: 66.6258%; height: 81px;\"><strong>persones subjectes a mesures privatives de llibertat<\/strong><\/p>\n<ul>\n<li><strong>menors tutelats o extutelats menors de 21 anys d&#8217;edat<\/strong><\/li>\n<\/ul>\n<\/td>\n<\/tr>\n<tr style=\"height: 125px;\">\n<td style=\"width: 54.6307%; height: 125px;\">\n<ul>\n<li><strong>alumnes dels centres sostinguts amb fons p\u00fablics, que es matriculen en el nivell A1, A2, C1 o C2 d\u2019una llengua estrangera, diferent a la llengua estrangera obligatoris del curr\u00edculum que estudien en el centre educatiu. (50%)<\/strong><\/li>\n<\/ul>\n<\/td>\n<td style=\"width: 66.6258%; height: 125px;\">\n<ul>\n<li><strong>alumnes que en el curs acad\u00e8mic immediatament anterior han obtingut matr\u00edcula d&#8217;honor en el batxillerat o el Premi Extraordinari de Batxillerat<\/strong><\/li>\n<\/ul>\n<\/td>\n<\/tr>\n<tr style=\"height: 80px;\">\n<td style=\"width: 121.256%; height: 80px;\" colspan=\"2\">\n<ul>\n<li><strong><em>\u00a0<\/em><\/strong><strong><em>Les bonificacions de 50% que s\u2019apliquen als nivells A1, A2, C1 i C2 s\u00f3n acumulables.<\/em><\/strong><\/li>\n<li><strong><em>Les persones que tenen dret a bonificaci\u00f3 o exempci\u00f3 han de fer arribar a l\u2019escola la documentaci\u00f3 justificativa abans de l\u2019inici de les classes.<\/em><\/strong><\/li>\n<\/ul>\n<\/td>\n<\/tr>\n<\/tbody>\n<\/table>\n","protected":false},"excerpt":{"rendered":"<p>PREINSCRIPCI\u00d3 2024-2025: del 2 al 9 de setembre<\/p>\n<ul>\n<li>S\u2019ha de fer preinscripci\u00f3 online abans de poder fer la matr\u00edcula (tamb\u00e9 online).<\/li>\n<li>El calendari de preinscripci\u00f3 per al curs 2024-2025\u00a0 est\u00e0 fixat pel Departament d\u2019Educaci\u00f3.<\/li>\n<li><a href=\"https:\/\/educacio.gencat.cat\/web\/.content\/home\/departament\/publicacions\/infografies\/eoi-10-eoi.pdf\">Informaci\u00f3 b\u00e0sica sobre el proc\u00e9s de preinscripci\u00f3 i matr\u00edcula.<\/a><\/li>\n<li>Per a m\u00e9s informaci\u00f3 consulteu&hellip;  <a href=\"https:\/\/agora-eoi.xtec.cat\/eoicalella\/preinscripcio\/\" title=\"Read Preinscripci\u00f3 i matr\u00edcula 2024-2025\">Llegeix m\u00e9s\u00bb<\/a><br \/>\n","protected":false},"author":1,"featured_media":0,"parent":0,"menu_order":25,"comment_status":"closed","ping_status":"closed","template":"","meta":{"_bbp_topic_count":0,"_bbp_reply_count":0,"_bbp_total_topic_count":0,"_bbp_total_reply_count":0,"_bbp_voice_count":0,"_bbp_anonymous_reply_count":0,"_bbp_topic_count_hidden":0,"_bbp_reply_count_hidden":0,"_bbp_forum_subforum_count":0,"footnotes":""},"class_list":["post-8472","page","type-page","status-publish","hentry"],"post_mailing_queue_ids":[],"_links":{"self":[{"href":"https:\/\/agora-eoi.xtec.cat\/eoicalella\/wp-json\/wp\/v2\/pages\/8472","targetHints":{"allow":["GET"]}}],"collection":[{"href":"https:\/\/agora-eoi.xtec.cat\/eoicalella\/wp-json\/wp\/v2\/pages"}],"about":[{"href":"https:\/\/agora-eoi.xtec.cat\/eoicalella\/wp-json\/wp\/v2\/types\/page"}],"author":[{"embeddable":true,"href":"https:\/\/agora-eoi.xtec.cat\/eoicalella\/wp-json\/wp\/v2\/users\/1"}],"replies":[{"embeddable":true,"href":"https:\/\/agora-eoi.xtec.cat\/eoicalella\/wp-json\/wp\/v2\/comments?post=8472"}],"version-history":[{"count":5,"href":"https:\/\/agora-eoi.xtec.cat\/eoicalella\/wp-json\/wp\/v2\/pages\/8472\/revisions"}],"predecessor-version":[{"id":10785,"href":"https:\/\/agora-eoi.xtec.cat\/eoicalella\/wp-json\/wp\/v2\/pages\/8472\/revisions\/10785"}],"wp:attachment":[{"href":"https:\/\/agora-eoi.xtec.cat\/eoicalella\/wp-json\/wp\/v2\/media?parent=8472"}],"curies":[{"name":"wp","href":"https:\/\/api.w.org\/{rel}","templated":true}]}}