{"id":8414,"date":"2018-09-14T14:55:48","date_gmt":"2018-09-14T12:55:48","guid":{"rendered":"http:\/\/agora-eoi.xtec.cat\/eoicalella\/?page_id=8414"},"modified":"2021-05-11T12:22:27","modified_gmt":"2021-05-11T10:22:27","slug":"biblioteca","status":"publish","type":"page","link":"https:\/\/agora-eoi.xtec.cat\/eoicalella\/serveis\/biblioteca\/","title":{"rendered":"Biblioteca"},"content":{"rendered":"\r\n\t<div class=\"slideshow_container slideshow_container_style-light\" style=\"height: 200px; \" data-slideshow-id=\"31\" data-style-name=\"style-light\" data-style-version=\"2.3.1\" >\r\n\r\n\t\t\t\t\t<div class=\"slideshow_loading_icon\"><\/div>\r\n\t\t\r\n\t\t<div class=\"slideshow_content\" style=\"display: none;\">\r\n\r\n\t\t\t<div class=\"slideshow_view\">\r\n\t\t\t\t<div class=\"slideshow_slide slideshow_slide_image\">\r\n\t\t\t\t\t\t\t\t\t\t\t<img src=\"https:\/\/agora-eoi.xtec.cat\/eoicalella\/wp-content\/uploads\/usu2256\/2016\/06\/biblioteca-fons-nova.jpg\" alt=\"biblioteca-fons-nova\" width=\"694\" height=\"422\" \/>\r\n\t\t\t\t\t\t\t\t\t\t<div class=\"slideshow_description_box slideshow_transparent\">\r\n\t\t\t\t\t\t<div class=\"slideshow_title\">biblioteca-fons-nova<\/div>\t\t\t\t\t\t\t\t\t\t\t<\/div>\r\n\t\t\t\t<\/div>\r\n\r\n\t\t\t\t\t\t<div style=\"clear: both;\"><\/div><\/div><div class=\"slideshow_view\">\r\n\t\t\t\t<div class=\"slideshow_slide slideshow_slide_image\">\r\n\t\t\t\t\t\t\t\t\t\t\t<img src=\"https:\/\/agora-eoi.xtec.cat\/eoicalella\/wp-content\/uploads\/usu2256\/2016\/06\/biblioteca-fons-antiga.jpg\" alt=\"biblioteca-fons-antiga\" width=\"694\" height=\"422\" \/>\r\n\t\t\t\t\t\t\t\t\t\t<div class=\"slideshow_description_box slideshow_transparent\">\r\n\t\t\t\t\t\t<div class=\"slideshow_title\">biblioteca-fons-antiga<\/div>\t\t\t\t\t\t\t\t\t\t\t<\/div>\r\n\t\t\t\t<\/div>\r\n\r\n\t\t\t\t\t\t<div style=\"clear: both;\"><\/div><\/div>\r\n\t\t<\/div>\r\n\r\n\t\t<div class=\"slideshow_controlPanel slideshow_transparent\" style=\"display: none;\"><ul><li class=\"slideshow_togglePlay\" data-play-text=\"Visualitza\" data-pause-text=\"Pausa\"><\/li><\/ul><\/div>\r\n\r\n\t\t<div class=\"slideshow_button slideshow_previous slideshow_transparent\" role=\"button\" data-previous-text=\"Anterior\" style=\"display: none;\"><\/div>\r\n\t\t<div class=\"slideshow_button slideshow_next slideshow_transparent\" role=\"button\" data-next-text=\"Seg\u00fcent\" style=\"display: none;\"><\/div>\r\n\r\n\t\t<div class=\"slideshow_pagination\" style=\"display: none;\" data-go-to-text=\"V\u00e9s a la diapositiva\"><div class=\"slideshow_pagination_center\"><\/div><\/div>\r\n\r\n\t\t<!-- WordPress Slideshow Version 2.3.1 -->\r\n\r\n\t\t\t<\/div>\r\n\r\n\n<p>&nbsp;<\/p>\n<p><strong>Consultar cat\u00e0leg<\/strong><\/p>\n<p>El nostre cat\u00e0leg est\u00e0 disponible a la plataforma de gesti\u00f3 bibliotec\u00e0ria eP\u00e8rgam2. Podeu accedir-hi clicant en<br \/>\n<a href=\"https:\/\/aplicacions.gestioeducativa.gencat.cat\/epergam\/web\/biblioteca.jsp?codi=08074070\"><img loading=\"lazy\" decoding=\"async\" class=\"alignleft size-full wp-image-10039\" src=\"https:\/\/agora-eoi.xtec.cat\/eoicalella\/wp-content\/uploads\/usu2256\/2021\/05\/biblioteca-eP\u00e8rgam-480x300.jpg\" alt=\"\" width=\"369\" height=\"127\" srcset=\"https:\/\/agora-eoi.xtec.cat\/eoicalella\/wp-content\/uploads\/usu2256\/2021\/05\/biblioteca-eP\u00e8rgam-480x300.jpg 369w, https:\/\/agora-eoi.xtec.cat\/eoicalella\/wp-content\/uploads\/usu2256\/2021\/05\/biblioteca-eP\u00e8rgam-480x300-300x103.jpg 300w\" sizes=\"auto, (max-width: 369px) 100vw, 369px\" \/><\/a><\/p>\n<p>&nbsp;<\/p>\n<p>&nbsp;<\/p>\n<p>&nbsp;<\/p>\n<p>enlla\u00e7<\/p>\n<p>&nbsp;<\/p>\n<p><strong>Horari<br \/>\n<\/strong><\/p>\n<p>De 15h a 19h de dilluns a dijous la biblioteca est\u00e0 oberta com a sala d&#8217;estudi.<\/p>\n<p><strong>Pr\u00e9stec<br \/>\n<\/strong><\/p>\n<p>De dilluns a dijous de 15h a 19h. Adreceu-vos al Departament d&#8217;Alumnat.<\/p>\n<p>&nbsp;<\/p>\n<p><img loading=\"lazy\" decoding=\"async\" class=\"alignnone\" src=\"https:\/\/bibliotecavirtual.diba.cat\/o\/Bibliotecas-theme\/images\/bibliotecas\/logo-diputacio.svg\" alt=\"Ves a Biblioteca Virtual\" width=\"289\" height=\"46\" \/><\/p>\n<p>La xarxa de biblioteques municipals ofereix dintre del seu cat\u00e0leg recursos per l&#8217;aprenentatge de lleng\u00fces estrangeres.<\/p>\n<ul>\n<li>Recursos per l&#8217;aprenentatge de l&#8217;<a href=\"https:\/\/bibliotecavirtual.diba.cat\/idiomes\/alemany\">alemany<\/a><\/li>\n<li>Recursos per l&#8217;aprenentatge de l&#8217;<a href=\"https:\/\/bibliotecavirtual.diba.cat\/idiomes\/angles\">angl\u00e8s<\/a><\/li>\n<li>Recursos per l&#8217;aprenentatge del <a href=\"http:\/\/aladi.diba.cat\/record=b1955874~S171*cat\">rus<\/a><\/li>\n<li>Recursos per l&#8217;aprenentatge de <a href=\"https:\/\/bibliotecavirtual.diba.cat\/idiomes\/frances\">franc\u00e8s<\/a><\/li>\n<\/ul>\n","protected":false},"excerpt":{"rendered":"<p>\t\t\t\t\t\tbiblioteca-fons-nova\t\t\t\t\t\t\t\t\t\t\t<\/p>\n<p>\t\t\t\t\t\tbiblioteca-fons-antiga\t\t\t\t\t\t\t\t\t\t\t<\/p>\n<ul>\n<li class=\"slideshow_togglePlay\" data-play-text=\"Visualitza\" data-pause-text=\"Pausa\"><\/li>\n<\/ul>\n<p>&nbsp;<br \/>\nConsultar cat\u00e0leg<br \/>\nEl nostre cat\u00e0leg est\u00e0 disponible a la plataforma de gesti\u00f3 bibliotec\u00e0ria eP\u00e8rgam2. Podeu accedir-hi clicant en<br \/>\n<a href=\"https:\/\/aplicacions.gestioeducativa.gencat.cat\/epergam\/web\/biblioteca.jsp?codi=08074070\"><\/a><br \/>\n&nbsp;<br \/>\n&nbsp;<br \/>\n&nbsp;<br \/>\nenlla\u00e7<br \/>\n&nbsp;<br \/>\nHorari<\/p>\n<p>De 15h a 19h de dilluns a dijous la biblioteca est\u00e0 oberta com a sala d&#8217;estudi.<br \/>\nPr\u00e9stec<\/p>\n<p>De dilluns a dijous de 15h a 19h. Adreceu-vos al&hellip;  <a href=\"https:\/\/agora-eoi.xtec.cat\/eoicalella\/serveis\/biblioteca\/\" title=\"Read Biblioteca\">Llegeix m\u00e9s\u00bb<\/a><\/p>\n","protected":false},"author":1,"featured_media":0,"parent":8411,"menu_order":20,"comment_status":"closed","ping_status":"closed","template":"page-templates\/side-menu.php","meta":{"_bbp_topic_count":0,"_bbp_reply_count":0,"_bbp_total_topic_count":0,"_bbp_total_reply_count":0,"_bbp_voice_count":0,"_bbp_anonymous_reply_count":0,"_bbp_topic_count_hidden":0,"_bbp_reply_count_hidden":0,"_bbp_forum_subforum_count":0,"footnotes":""},"class_list":["post-8414","page","type-page","status-publish","hentry"],"post_mailing_queue_ids":[],"_links":{"self":[{"href":"https:\/\/agora-eoi.xtec.cat\/eoicalella\/wp-json\/wp\/v2\/pages\/8414","targetHints":{"allow":["GET"]}}],"collection":[{"href":"https:\/\/agora-eoi.xtec.cat\/eoicalella\/wp-json\/wp\/v2\/pages"}],"about":[{"href":"https:\/\/agora-eoi.xtec.cat\/eoicalella\/wp-json\/wp\/v2\/types\/page"}],"author":[{"embeddable":true,"href":"https:\/\/agora-eoi.xtec.cat\/eoicalella\/wp-json\/wp\/v2\/users\/1"}],"replies":[{"embeddable":true,"href":"https:\/\/agora-eoi.xtec.cat\/eoicalella\/wp-json\/wp\/v2\/comments?post=8414"}],"version-history":[{"count":4,"href":"https:\/\/agora-eoi.xtec.cat\/eoicalella\/wp-json\/wp\/v2\/pages\/8414\/revisions"}],"predecessor-version":[{"id":10062,"href":"https:\/\/agora-eoi.xtec.cat\/eoicalella\/wp-json\/wp\/v2\/pages\/8414\/revisions\/10062"}],"up":[{"embeddable":true,"href":"https:\/\/agora-eoi.xtec.cat\/eoicalella\/wp-json\/wp\/v2\/pages\/8411"}],"wp:attachment":[{"href":"https:\/\/agora-eoi.xtec.cat\/eoicalella\/wp-json\/wp\/v2\/media?parent=8414"}],"curies":[{"name":"wp","href":"https:\/\/api.w.org\/{rel}","templated":true}]}}