{"id":8370,"date":"2025-07-13T13:38:46","date_gmt":"2025-07-13T11:38:46","guid":{"rendered":"http:\/\/agora-eoi.xtec.cat\/eoicalella\/?page_id=8370"},"modified":"2025-09-08T16:25:49","modified_gmt":"2025-09-08T14:25:49","slug":"instancies-i-solicituts","status":"publish","type":"page","link":"https:\/\/agora-eoi.xtec.cat\/eoicalella\/secretaria\/instancies-i-solicituts\/","title":{"rendered":"Inst\u00e0ncies i sol\u00b7licituds"},"content":{"rendered":"<p>Per facilitar la realitzaci\u00f3 de gestions administratives podeu <strong>descarregar-vos les inst\u00e0ncies i sol\u00b7licituds seg\u00fcents<\/strong>.<\/p>\n<p><strong>Ompliu-les i lliureu-les a secretaria<\/strong>, tot <strong>aportant la documentaci\u00f3 requerida<\/strong> per a cada gesti\u00f3.<\/p>\n<ul>\n<li><a href=\"https:\/\/drive.google.com\/file\/d\/1b3mSnAkMOLZlo4lXd7zIFdih4L_rFQo1\/view?usp=drive_link\">Model d&#8217;inst\u00e0ncia gen\u00e8rica<\/a>: certificat d&#8217;expedient acad\u00e8mic, de canvi d&#8217;horari, de canvi de data d&#8217;examen, ren\u00fancia als drets de matr\u00edcula, etc&#8230;<\/li>\n<li><a title=\"Trasllat d'expedient\" href=\"https:\/\/drive.google.com\/open?id=0B1SHCdrJCigkSXJYeFYxX2stZmc\">Sol\u00b7licitud de trasllat d\u2019expedient<\/a><\/li>\n<li><a href=\"https:\/\/drive.google.com\/file\/d\/1BdDbq9LsrwjVUm05R0BGqE4aUadC_jnF\/view\">Retorn de taxes\/preu p\u00fablic<\/a><\/li>\n<\/ul>\n","protected":false},"excerpt":{"rendered":"<p>Per facilitar la realitzaci\u00f3 de gestions administratives podeu descarregar-vos les inst\u00e0ncies i sol\u00b7licituds seg\u00fcents.<br \/>\nOmpliu-les i lliureu-les a secretaria, tot aportant la documentaci\u00f3 requerida per a cada gesti\u00f3.<\/p>\n<ul>\n<li><a href=\"https:\/\/drive.google.com\/file\/d\/1b3mSnAkMOLZlo4lXd7zIFdih4L_rFQo1\/view?usp=drive_link\">Model d&#8217;inst\u00e0ncia gen\u00e8rica<\/a>: certificat d&#8217;expedient acad\u00e8mic, de canvi d&#8217;horari, de canvi de data d&#8217;examen, ren\u00fancia als drets de&hellip;  <a href=\"https:\/\/agora-eoi.xtec.cat\/eoicalella\/secretaria\/instancies-i-solicituts\/\" title=\"Read Inst\u00e0ncies i sol\u00b7licituds\">Llegeix m\u00e9s\u00bb<\/a><br \/>\n","protected":false},"author":1,"featured_media":0,"parent":8358,"menu_order":35,"comment_status":"closed","ping_status":"closed","template":"page-templates\/side-menu.php","meta":{"_bbp_topic_count":0,"_bbp_reply_count":0,"_bbp_total_topic_count":0,"_bbp_total_reply_count":0,"_bbp_voice_count":0,"_bbp_anonymous_reply_count":0,"_bbp_topic_count_hidden":0,"_bbp_reply_count_hidden":0,"_bbp_forum_subforum_count":0,"footnotes":""},"class_list":["post-8370","page","type-page","status-publish","hentry"],"post_mailing_queue_ids":[],"_links":{"self":[{"href":"https:\/\/agora-eoi.xtec.cat\/eoicalella\/wp-json\/wp\/v2\/pages\/8370","targetHints":{"allow":["GET"]}}],"collection":[{"href":"https:\/\/agora-eoi.xtec.cat\/eoicalella\/wp-json\/wp\/v2\/pages"}],"about":[{"href":"https:\/\/agora-eoi.xtec.cat\/eoicalella\/wp-json\/wp\/v2\/types\/page"}],"author":[{"embeddable":true,"href":"https:\/\/agora-eoi.xtec.cat\/eoicalella\/wp-json\/wp\/v2\/users\/1"}],"replies":[{"embeddable":true,"href":"https:\/\/agora-eoi.xtec.cat\/eoicalella\/wp-json\/wp\/v2\/comments?post=8370"}],"version-history":[{"count":5,"href":"https:\/\/agora-eoi.xtec.cat\/eoicalella\/wp-json\/wp\/v2\/pages\/8370\/revisions"}],"predecessor-version":[{"id":11088,"href":"https:\/\/agora-eoi.xtec.cat\/eoicalella\/wp-json\/wp\/v2\/pages\/8370\/revisions\/11088"}],"up":[{"embeddable":true,"href":"https:\/\/agora-eoi.xtec.cat\/eoicalella\/wp-json\/wp\/v2\/pages\/8358"}],"wp:attachment":[{"href":"https:\/\/agora-eoi.xtec.cat\/eoicalella\/wp-json\/wp\/v2\/media?parent=8370"}],"curies":[{"name":"wp","href":"https:\/\/api.w.org\/{rel}","templated":true}]}}