{"id":8366,"date":"2025-06-13T13:27:59","date_gmt":"2025-06-13T11:27:59","guid":{"rendered":"http:\/\/agora-eoi.xtec.cat\/eoicalella\/?page_id=8366"},"modified":"2025-06-23T13:14:40","modified_gmt":"2025-06-23T11:14:40","slug":"horari","status":"publish","type":"page","link":"https:\/\/agora-eoi.xtec.cat\/eoicalella\/secretaria\/horari\/","title":{"rendered":"Horari d&#8217;atenci\u00f3"},"content":{"rendered":"<p><strong>DEPARTAMENT D&#8217;ALUMNAT<br \/>\n<\/strong>Departament encarregat del proc\u00e9s de preinscripci\u00f3, matr\u00edcula, certificats, t\u00edtols, beques, etc.<\/p>\n<p>Adre\u00e7a electr\u00f2nica: eoicalella@xtec.cat<\/p>\n<ul>\n<li><strong>Durant el\u00a0curs escolar<\/strong><br \/>\nDe dilluns a dijous de 15 a 19h<\/li>\n<li><strong>Durant els mesos de juny i juliol:<\/strong><br \/>\nDe dilluns a divendres de 10 a 13 h<\/li>\n<li><strong>El mes d&#8217;agost<\/strong> l&#8217;Escola Oficial d&#8217;Idiomes est\u00e0 tancada per vacances<\/li>\n<\/ul>\n<p>&nbsp;<\/p>\n","protected":false},"excerpt":{"rendered":"<p>DEPARTAMENT D&#8217;ALUMNAT<br \/>\nDepartament encarregat del proc\u00e9s de preinscripci\u00f3, matr\u00edcula, certificats, t\u00edtols, beques, etc.<br \/>\nAdre\u00e7a electr\u00f2nica: eoicalella@xtec.cat<\/p>\n<ul>\n<li>Durant el\u00a0curs escolar<br \/>\nDe dilluns a dijous de 15 a 19h<\/li>\n<li>Durant els mesos de juny i juliol:<br \/>\nDe dilluns a divendres de 10 a 13 h<\/li>\n<li>El mes d&#8217;agost l&#8217;Escola Oficial d&#8217;Idiomes est\u00e0 tancada per&hellip;  <a href=\"https:\/\/agora-eoi.xtec.cat\/eoicalella\/secretaria\/horari\/\" title=\"Read Horari d&#8217;atenci\u00f3\">Llegeix m\u00e9s\u00bb<\/a><br \/>\n","protected":false},"author":1,"featured_media":0,"parent":8358,"menu_order":10,"comment_status":"closed","ping_status":"closed","template":"page-templates\/side-menu.php","meta":{"_bbp_topic_count":0,"_bbp_reply_count":0,"_bbp_total_topic_count":0,"_bbp_total_reply_count":0,"_bbp_voice_count":0,"_bbp_anonymous_reply_count":0,"_bbp_topic_count_hidden":0,"_bbp_reply_count_hidden":0,"_bbp_forum_subforum_count":0,"footnotes":""},"class_list":["post-8366","page","type-page","status-publish","hentry"],"post_mailing_queue_ids":[],"_links":{"self":[{"href":"https:\/\/agora-eoi.xtec.cat\/eoicalella\/wp-json\/wp\/v2\/pages\/8366","targetHints":{"allow":["GET"]}}],"collection":[{"href":"https:\/\/agora-eoi.xtec.cat\/eoicalella\/wp-json\/wp\/v2\/pages"}],"about":[{"href":"https:\/\/agora-eoi.xtec.cat\/eoicalella\/wp-json\/wp\/v2\/types\/page"}],"author":[{"embeddable":true,"href":"https:\/\/agora-eoi.xtec.cat\/eoicalella\/wp-json\/wp\/v2\/users\/1"}],"replies":[{"embeddable":true,"href":"https:\/\/agora-eoi.xtec.cat\/eoicalella\/wp-json\/wp\/v2\/comments?post=8366"}],"version-history":[{"count":7,"href":"https:\/\/agora-eoi.xtec.cat\/eoicalella\/wp-json\/wp\/v2\/pages\/8366\/revisions"}],"predecessor-version":[{"id":11036,"href":"https:\/\/agora-eoi.xtec.cat\/eoicalella\/wp-json\/wp\/v2\/pages\/8366\/revisions\/11036"}],"up":[{"embeddable":true,"href":"https:\/\/agora-eoi.xtec.cat\/eoicalella\/wp-json\/wp\/v2\/pages\/8358"}],"wp:attachment":[{"href":"https:\/\/agora-eoi.xtec.cat\/eoicalella\/wp-json\/wp\/v2\/media?parent=8366"}],"curies":[{"name":"wp","href":"https:\/\/api.w.org\/{rel}","templated":true}]}}