{"id":8358,"date":"2016-06-13T12:24:47","date_gmt":"2016-06-13T11:24:47","guid":{"rendered":"http:\/\/agora-eoi.xtec.cat\/eoicalella\/?page_id=8358"},"modified":"2024-09-04T14:43:41","modified_gmt":"2024-09-04T12:43:41","slug":"secretaria","status":"publish","type":"page","link":"https:\/\/agora-eoi.xtec.cat\/eoicalella\/secretaria\/","title":{"rendered":"Secretaria"},"content":{"rendered":"<p><strong>DEPARTAMENT D\u2019ALUMNAT<br \/>\n<\/strong>Departament encarregat del proc\u00e9s de preinscripci\u00f3, matr\u00edcula, certificats, t\u00edtols, beques, etc.<\/p>\n<p>Adre\u00e7a electr\u00f2nica: eoicalella<span class=\"atwho-query\">@xtec.cat<\/span><\/p>\n","protected":false},"excerpt":{"rendered":"<p>DEPARTAMENT D\u2019ALUMNAT<br \/>\nDepartament encarregat del proc\u00e9s de preinscripci\u00f3, matr\u00edcula, certificats, t\u00edtols, beques, etc.<br \/>\nAdre\u00e7a electr\u00f2nica: eoicalella@xtec.cat<\/p>\n","protected":false},"author":1,"featured_media":0,"parent":0,"menu_order":60,"comment_status":"closed","ping_status":"closed","template":"page-templates\/side-menu.php","meta":{"_bbp_topic_count":0,"_bbp_reply_count":0,"_bbp_total_topic_count":0,"_bbp_total_reply_count":0,"_bbp_voice_count":0,"_bbp_anonymous_reply_count":0,"_bbp_topic_count_hidden":0,"_bbp_reply_count_hidden":0,"_bbp_forum_subforum_count":0,"footnotes":""},"class_list":["post-8358","page","type-page","status-publish","hentry"],"post_mailing_queue_ids":[],"_links":{"self":[{"href":"https:\/\/agora-eoi.xtec.cat\/eoicalella\/wp-json\/wp\/v2\/pages\/8358","targetHints":{"allow":["GET"]}}],"collection":[{"href":"https:\/\/agora-eoi.xtec.cat\/eoicalella\/wp-json\/wp\/v2\/pages"}],"about":[{"href":"https:\/\/agora-eoi.xtec.cat\/eoicalella\/wp-json\/wp\/v2\/types\/page"}],"author":[{"embeddable":true,"href":"https:\/\/agora-eoi.xtec.cat\/eoicalella\/wp-json\/wp\/v2\/users\/1"}],"replies":[{"embeddable":true,"href":"https:\/\/agora-eoi.xtec.cat\/eoicalella\/wp-json\/wp\/v2\/comments?post=8358"}],"version-history":[{"count":2,"href":"https:\/\/agora-eoi.xtec.cat\/eoicalella\/wp-json\/wp\/v2\/pages\/8358\/revisions"}],"predecessor-version":[{"id":10860,"href":"https:\/\/agora-eoi.xtec.cat\/eoicalella\/wp-json\/wp\/v2\/pages\/8358\/revisions\/10860"}],"wp:attachment":[{"href":"https:\/\/agora-eoi.xtec.cat\/eoicalella\/wp-json\/wp\/v2\/media?parent=8358"}],"curies":[{"name":"wp","href":"https:\/\/api.w.org\/{rel}","templated":true}]}}