{"id":8168,"date":"2025-06-08T19:05:08","date_gmt":"2025-06-08T17:05:08","guid":{"rendered":"http:\/\/agora-eoi.xtec.cat\/eoicalella\/?page_id=8168"},"modified":"2025-09-08T16:31:29","modified_gmt":"2025-09-08T14:31:29","slug":"pla-dimpuls-de-langles-professorat","status":"publish","type":"page","link":"https:\/\/agora-eoi.xtec.cat\/eoicalella\/secretaria\/pla-dimpuls-de-langles-professorat\/","title":{"rendered":"Professorat (Pla PIA+)"},"content":{"rendered":"<h4>Programa per a la millora de la compet\u00e8ncia comunicativa en llengua estrangera del professorat:\u00a0<a href=\"https:\/\/xtec.gencat.cat\/ca\/formacio\/formaciogeneralprofessorat\/llengues\/programa-pia\/programa-pia-2025-2026\/\"> PIA+ 2025-2026<\/a><\/h4>\n<p>L\u2019acci\u00f3 permet que el professorat matriculat en un curs de llengua d\u2019una Escola Oficial d\u2019Idiomes\u00a0(EOI) o de l\u2019Institut Obert de Catalunya (IOC) pugui sol\u00b7licitar\u00a0<strong>la\u00a0devoluci\u00f3 de l\u2019ingr\u00e9s de l\u2019import base\u00a0de la matr\u00edcula. La devoluci\u00f3 es fa efectiva pr\u00e8via obtenci\u00f3 de la qualificaci\u00f3 d\u2019aprovat (APTE) o\u00a0<\/strong><strong>del\u00a0<\/strong><strong>certificat d\u2019aprofitament (matr\u00edcula d\u2019actualitzaci\u00f3)<\/strong>. La devoluci\u00f3 no inclou els costos de material, d\u2019acc\u00e9s a plataformes digitals, d\u2019expedici\u00f3 de t\u00edtols ni les penalitzacions per repetici\u00f3 de curs, si escau.\u00a0<strong>El retorn de l\u2019import de matr\u00edcula nom\u00e9s es pot sol\u00b7licitar per un curs i per una llengua en concret. <\/strong>El curs pot ser anual, intensiu o flexibilitzat en el cas de les EOI (no s&#8217;hi inclouen, per tant, els cursos especials com els d&#8217;estiu, monogr\u00e0fics&#8230;) o b\u00e9 semestral en el cas de l&#8217;IOC.<\/p>\n<p><strong>Destinataris:<\/strong><\/p>\n<p>Professorat en actiu de centres educatius p\u00fablics de titularitat del Departament d\u2019Educaci\u00f3 i de\u00a0titularitat municipal, i de centres concertats. Tamb\u00e9 hi poden participar els docents dels serveis\u00a0territorials d\u2019Educaci\u00f3, del Consorci d\u2019Educaci\u00f3 de Barcelona, de les unitats de serveis centrals del\u00a0Departament d\u2019Educaci\u00f3, aix\u00ed com els inspectors i inspectores en actiu.<\/p>\n<p><strong>Lleng\u00fces i cursos:<\/strong><\/p>\n<p>El docent pot demanar el retorn de l\u2019import base de la matr\u00edcula per a les lleng\u00fces i cursos seg\u00fcents:<\/p>\n<p>1. Angl\u00e8s:<\/p>\n<ul>\n<li>Cursos EOI: B2.1, B2.2, C1, C2.1 i C2.2<\/li>\n<li>Cursos IOC: B1, B2.1 i B2.2<\/li>\n<\/ul>\n<p>2. Alemany, franc\u00e8s, itali\u00e0, xin\u00e8s, \u00e0rab, rus, japon\u00e8s, core\u00e0, \u00e8uscar, neerland\u00e8s, grec modern i portugu\u00e8s:<\/p>\n<ul>\n<li>Cursos EOI: tots els nivells a partir d\u2019A1<\/li>\n<li>Cursos IOC: nom\u00e9s en el cas de l\u2019alemany, A1 i A2<\/li>\n<\/ul>\n<p>3. Catal\u00e0<\/p>\n<ul>\n<li>Cursos EOI: C2<\/li>\n<li>Cursos IOC: C2.2<\/li>\n<\/ul>\n<p><strong>Actualitzaci\u00f3 de matr\u00edcula EOI:<\/strong><\/p>\n<p>Els docents que disposin d\u2019un t\u00edtol oficial expedit per una EOI o b\u00e9 per l\u2019IOC que faci, com a m\u00ednim, 2 anys de l&#8217;obtenci\u00f3 d\u2019aquest i que vulguin actualitzar els coneixements d\u2019aquella llengua poden inscriure\u2019s en la modalitat \u201cmatr\u00edcula d\u2019actualitzaci\u00f3\u201d. Aquesta modalitat permet la inscripci\u00f3 a les mateixes lleng\u00fces i nivells esmentats anteriorment.<\/p>\n<p><strong><br \/>\nSol\u00b7licitud de la devoluci\u00f3:<\/strong><\/p>\n<ul>\n<li>Podr\u00e0 sol\u00b7licitar la devoluci\u00f3 de l\u2019import base de la matr\u00edcula el\u00a0<strong>professorat\u00a0que obtingui\u00a0la\u00a0qualificaci\u00f3 d\u2019APTE\u00a0o el certificat d\u2019aprofitament<\/strong>\u00a0(alumnes d\u2019actualitzaci\u00f3 de matr\u00edcula) al final\u00a0del curs.<\/li>\n<li>La devoluci\u00f3 de la matr\u00edcula\u00a0es\u00a0<strong>gestionar\u00e0 un cop acabat el curs acad\u00e8mic.<\/strong><\/li>\n<li>Es podr\u00e0 sol\u00b7licitar la devoluci\u00f3 de l\u2019import base de matriculaci\u00f3<strong>\u00a0nom\u00e9s d\u2019un idioma.<\/strong>\n<ul>\n<li>El procediment per sol\u00b7licitar la devoluci\u00f3 de l\u2019import base de la matr\u00edcula \u00e9s &#8220;on line&#8221; mitjan\u00e7ant el seg\u00fcent enlla\u00e7: <a href=\"https:\/\/educacio.gencat.cat\/es\/tramits\/tramits-temes\/devolucio-matricula-pia\">devoluci\u00f3 taxes Pla Pia+<\/a><\/li>\n<\/ul>\n<\/li>\n<\/ul>\n<p>Per a informaci\u00f3 o dubtes sobre cursos, places, acc\u00e9s i proc\u00e9s de preinscripci\u00f3 i matr\u00edcula a les EOI,\u00a0adreceu-vos directament a la secretaria de l\u2019EOI\u00a0corresponent o b\u00e9 a l\u2019<a href=\"https:\/\/ioc.xtec.cat\/educacio\/eoi\" target=\"_blank\" rel=\"noopener\">IOC<\/a>.<\/p>\n<p>Per a m\u00e9s informaci\u00f3 sobre el Programa PIA+, adreceu-vos al Servei de Lleng\u00fces Estrangeres i\u00a0d\u2019Origen de la Direcci\u00f3 General d\u2019Educaci\u00f3 Inclusiva i Lleng\u00fces:\u00a0<a href=\"mailto:piaplus@xtec.cat\" target=\"_blank\" rel=\"noopener\">piaplus@xtec.cat<\/a>.<\/p>\n","protected":false},"excerpt":{"rendered":"<p>Programa per a la millora de la compet\u00e8ncia comunicativa en llengua estrangera del professorat:\u00a0<a href=\"https:\/\/xtec.gencat.cat\/ca\/formacio\/formaciogeneralprofessorat\/llengues\/programa-pia\/programa-pia-2025-2026\/\"> PIA+ 2025-2026<\/a><br \/>\nL\u2019acci\u00f3 permet que el professorat matriculat en un curs de llengua d\u2019una Escola Oficial d\u2019Idiomes\u00a0(EOI) o de l\u2019Institut Obert de Catalunya (IOC) pugui sol\u00b7licitar\u00a0la\u00a0devoluci\u00f3 de l\u2019ingr\u00e9s de l\u2019import base\u00a0de&hellip;  <a href=\"https:\/\/agora-eoi.xtec.cat\/eoicalella\/secretaria\/pla-dimpuls-de-langles-professorat\/\" title=\"Read Professorat (Pla PIA+)\">Llegeix m\u00e9s\u00bb<\/a><\/p>\n","protected":false},"author":1,"featured_media":0,"parent":8358,"menu_order":30,"comment_status":"closed","ping_status":"closed","template":"page-templates\/side-menu.php","meta":{"_bbp_topic_count":0,"_bbp_reply_count":0,"_bbp_total_topic_count":0,"_bbp_total_reply_count":0,"_bbp_voice_count":0,"_bbp_anonymous_reply_count":0,"_bbp_topic_count_hidden":0,"_bbp_reply_count_hidden":0,"_bbp_forum_subforum_count":0,"footnotes":""},"class_list":["post-8168","page","type-page","status-publish","hentry"],"post_mailing_queue_ids":[],"_links":{"self":[{"href":"https:\/\/agora-eoi.xtec.cat\/eoicalella\/wp-json\/wp\/v2\/pages\/8168","targetHints":{"allow":["GET"]}}],"collection":[{"href":"https:\/\/agora-eoi.xtec.cat\/eoicalella\/wp-json\/wp\/v2\/pages"}],"about":[{"href":"https:\/\/agora-eoi.xtec.cat\/eoicalella\/wp-json\/wp\/v2\/types\/page"}],"author":[{"embeddable":true,"href":"https:\/\/agora-eoi.xtec.cat\/eoicalella\/wp-json\/wp\/v2\/users\/1"}],"replies":[{"embeddable":true,"href":"https:\/\/agora-eoi.xtec.cat\/eoicalella\/wp-json\/wp\/v2\/comments?post=8168"}],"version-history":[{"count":7,"href":"https:\/\/agora-eoi.xtec.cat\/eoicalella\/wp-json\/wp\/v2\/pages\/8168\/revisions"}],"predecessor-version":[{"id":11089,"href":"https:\/\/agora-eoi.xtec.cat\/eoicalella\/wp-json\/wp\/v2\/pages\/8168\/revisions\/11089"}],"up":[{"embeddable":true,"href":"https:\/\/agora-eoi.xtec.cat\/eoicalella\/wp-json\/wp\/v2\/pages\/8358"}],"wp:attachment":[{"href":"https:\/\/agora-eoi.xtec.cat\/eoicalella\/wp-json\/wp\/v2\/media?parent=8168"}],"curies":[{"name":"wp","href":"https:\/\/api.w.org\/{rel}","templated":true}]}}