{"id":8166,"date":"2022-05-25T13:01:17","date_gmt":"2022-05-25T11:01:17","guid":{"rendered":"http:\/\/agora-eoi.xtec.cat\/eoicalella\/?page_id=8166"},"modified":"2024-06-20T12:43:24","modified_gmt":"2024-06-20T10:43:24","slug":"alumnes-nous","status":"publish","type":"page","link":"https:\/\/agora-eoi.xtec.cat\/eoicalella\/secretaria\/matricula\/alumnes-nous\/","title":{"rendered":"Matr\u00edcula nous alumnes"},"content":{"rendered":"<p>La preinscripci\u00f3 \u00e9s un tr\u00e0mit obligatori per entrar com alumne\/a nou\/va a l&#8217;EOI Calella. Es fa telem\u00e0ticament a trav\u00e9s del web:\u00a0<a href=\"http:\/\/www.eoidigital.com\/preinscripcio\/alumnes\/\" target=\"_blank\" rel=\"noopener noreferrer\">http:\/\/www.eoidigital.com\/preinscripcio\/alumnes\/<\/a> o presencialment els dies indicats.<\/p>\n<p><img loading=\"lazy\" decoding=\"async\" class=\"alignleft  wp-image-10803\" src=\"https:\/\/agora-eoi.xtec.cat\/eoicalella\/wp-content\/uploads\/usu2256\/2024\/06\/Preinscripcio-2024.png\" alt=\"\" width=\"791\" height=\"347\" srcset=\"https:\/\/agora-eoi.xtec.cat\/eoicalella\/wp-content\/uploads\/usu2256\/2024\/06\/Preinscripcio-2024.png 760w, https:\/\/agora-eoi.xtec.cat\/eoicalella\/wp-content\/uploads\/usu2256\/2024\/06\/Preinscripcio-2024-300x132.png 300w\" sizes=\"auto, (max-width: 791px) 100vw, 791px\" \/><span style=\"font-family: inherit; font-size: 1em;\">Es considera alumnat nou:<\/span><\/p>\n<div class=\"editora\">\n<ul>\n<li>Aquells que accedeixen per primera vegada a l\u2019EOI Calella.<\/li>\n<li>Alumnes de l&#8217;EOI Calella que comencen un altre idioma.<\/li>\n<li>Alumnes lliures que volen ser oficials.<\/li>\n<\/ul>\n<p>La preinscripci\u00f3 pot ser a:<\/p>\n<ul>\n<li><strong>A1 (primer):<\/strong>\u00a0Si NO es tenen coneixements de l\u2019idioma o es vol comen\u00e7ar des de zero.<\/li>\n<li><strong>Test de nivell:<\/strong> Si es tenen coneixements de l\u2019idioma i es vol comen\u00e7ar des d\u2019un nivell superior a A1 i <strong>NO es disposa d\u2019un CERTIFICAT<\/strong> de l\u2019idioma segons la taula d\u2019exempcions (<a href=\"http:\/\/xtec.gencat.cat\/web\/.content\/curriculum\/idiomes\/certificats\/documents\/equivalencies-angles.pdf\">certificats reconeguts d&#8217;angl\u00e8s<\/a> \/ <a href=\"http:\/\/xtec.gencat.cat\/web\/.content\/alfresco\/d\/d\/workspace\/SpacesStore\/0068\/9d8483a2-5b29-4c1b-a811-8c9fdde7b6e9\/equil-alemany.pdf\">certificats reconeguts d&#8217;alemany<\/a>). L&#8217;alumne haur\u00e0 de fer el test de nivell &#8220;on line&#8221; o presencialment, d&#8217;acord amb les instruccions que rebi en el moment de fer la preinscripci\u00f3.<\/li>\n<li><strong>A2 a C1:<\/strong> NOM\u00c9S si t\u00e9 aprovat el curs anterior en qualsevol EOI o si t\u00e9 un CERTIFICAT de l\u2019idioma segons la taula d\u2019exempcions (<a href=\"http:\/\/xtec.gencat.cat\/web\/.content\/curriculum\/idiomes\/certificats\/documents\/equivalencies-angles.pdf\">certificats reconeguts d&#8217;angl\u00e8s<\/a> \/ <a href=\"http:\/\/xtec.gencat.cat\/web\/.content\/alfresco\/d\/d\/workspace\/SpacesStore\/0068\/9d8483a2-5b29-4c1b-a811-8c9fdde7b6e9\/equil-alemany.pdf\">certificats reconeguts d&#8217;alemany<\/a>). En aquest cas en el moment de fer la matr\u00edcula presencial ha de portar una fotoc\u00f2pia del certificat.<\/li>\n<li><strong>C2.1 i C2.2. <\/strong>NOM\u00c9S si t\u00e9 aprovat el curs anterior en qualsevol EOI o si t\u00e9 un CERTIFICAT de l\u2019idioma segons la taula d\u2019exempcions. A aquest dos cursos no es pot accedit mitjan\u00e7ant una prova de nivell.<\/li>\n<\/ul>\n<p><b>Proves de nivell<\/b><\/p>\n<\/div>\n<div class=\"editora\">\n<ol>\n<li>El test de nivell nom\u00e9s t\u00e9 valor per a la formalitzaci\u00f3 de la matr\u00edcula i validesa per a un any acad\u00e8mic.<\/li>\n<li>Una vegada feta la preinscripci\u00f3 cal consultar al web el dia i hora que es realitzar\u00e0 la prova. Per als idiomes per als quals estigui disponible un test de nivell telem\u00e0tic, el per\u00edode s\u2019inicia en el moment de fer la preinscripci\u00f3 i fins al 11 de setembre.<\/li>\n<li>La NO presentaci\u00f3 al test de nivell suposa l&#8217;anul\u00b7laci\u00f3 de la preinscripci\u00f3<\/li>\n<\/ol>\n<\/div>\n<div class=\"editora\">\n<p><a href=\"https:\/\/agora-eoi.xtec.cat\/eoicalella\/secretaria\/preus\/\"><strong>TAXES I PREUS P\u00daBLICS<\/strong><\/a><\/p>\n<\/div>\n","protected":false},"excerpt":{"rendered":"<p>La preinscripci\u00f3 \u00e9s un tr\u00e0mit obligatori per entrar com alumne\/a nou\/va a l&#8217;EOI Calella. Es fa telem\u00e0ticament a trav\u00e9s del web:\u00a0<a href=\"http:\/\/www.eoidigital.com\/preinscripcio\/alumnes\/\" target=\"_blank\" rel=\"noopener noreferrer\">http:\/\/www.eoidigital.com\/preinscripcio\/alumnes\/<\/a> o presencialment els dies indicats.<br \/>\nEs considera alumnat nou:<\/p>\n<ul>\n<li>Aquells que accedeixen per primera vegada a l\u2019EOI Calella.<\/li>\n<li>Alumnes de l&#8217;EOI Calella que&hellip;  <a href=\"https:\/\/agora-eoi.xtec.cat\/eoicalella\/secretaria\/matricula\/alumnes-nous\/\" title=\"Read Matr\u00edcula nous alumnes\">Llegeix m\u00e9s\u00bb<\/a><br \/>\n","protected":false},"author":1,"featured_media":0,"parent":10186,"menu_order":20,"comment_status":"closed","ping_status":"closed","template":"page-templates\/side-menu.php","meta":{"_bbp_topic_count":0,"_bbp_reply_count":0,"_bbp_total_topic_count":0,"_bbp_total_reply_count":0,"_bbp_voice_count":0,"_bbp_anonymous_reply_count":0,"_bbp_topic_count_hidden":0,"_bbp_reply_count_hidden":0,"_bbp_forum_subforum_count":0,"footnotes":""},"class_list":["post-8166","page","type-page","status-publish","hentry"],"post_mailing_queue_ids":[],"_links":{"self":[{"href":"https:\/\/agora-eoi.xtec.cat\/eoicalella\/wp-json\/wp\/v2\/pages\/8166","targetHints":{"allow":["GET"]}}],"collection":[{"href":"https:\/\/agora-eoi.xtec.cat\/eoicalella\/wp-json\/wp\/v2\/pages"}],"about":[{"href":"https:\/\/agora-eoi.xtec.cat\/eoicalella\/wp-json\/wp\/v2\/types\/page"}],"author":[{"embeddable":true,"href":"https:\/\/agora-eoi.xtec.cat\/eoicalella\/wp-json\/wp\/v2\/users\/1"}],"replies":[{"embeddable":true,"href":"https:\/\/agora-eoi.xtec.cat\/eoicalella\/wp-json\/wp\/v2\/comments?post=8166"}],"version-history":[{"count":5,"href":"https:\/\/agora-eoi.xtec.cat\/eoicalella\/wp-json\/wp\/v2\/pages\/8166\/revisions"}],"predecessor-version":[{"id":10804,"href":"https:\/\/agora-eoi.xtec.cat\/eoicalella\/wp-json\/wp\/v2\/pages\/8166\/revisions\/10804"}],"up":[{"embeddable":true,"href":"https:\/\/agora-eoi.xtec.cat\/eoicalella\/wp-json\/wp\/v2\/pages\/10186"}],"wp:attachment":[{"href":"https:\/\/agora-eoi.xtec.cat\/eoicalella\/wp-json\/wp\/v2\/media?parent=8166"}],"curies":[{"name":"wp","href":"https:\/\/api.w.org\/{rel}","templated":true}]}}