{"id":8158,"date":"2024-10-08T16:47:01","date_gmt":"2024-10-08T14:47:01","guid":{"rendered":"http:\/\/agora-eoi.xtec.cat\/eoicalella\/?page_id=8158"},"modified":"2025-01-21T16:14:05","modified_gmt":"2025-01-21T15:14:05","slug":"cursos-especials","status":"publish","type":"page","link":"https:\/\/agora-eoi.xtec.cat\/eoicalella\/cursos\/cursos-especials\/","title":{"rendered":"Cursos especials"},"content":{"rendered":"<p><a href=\"https:\/\/agora-eoi.xtec.cat\/eoicalella\/wp-content\/uploads\/usu2256\/2014\/09\/classe.png\"><img loading=\"lazy\" decoding=\"async\" class=\"alignleft size-medium wp-image-168\" src=\"https:\/\/agora-eoi.xtec.cat\/eoicalella\/wp-content\/uploads\/usu2256\/2014\/09\/classe-300x97.png\" alt=\"\" width=\"300\" height=\"97\" srcset=\"https:\/\/agora-eoi.xtec.cat\/eoicalella\/wp-content\/uploads\/usu2256\/2014\/09\/classe-300x97.png 300w, https:\/\/agora-eoi.xtec.cat\/eoicalella\/wp-content\/uploads\/usu2256\/2014\/09\/classe.png 800w\" sizes=\"auto, (max-width: 300px) 100vw, 300px\" \/><\/a><\/p>\n<h3 style=\"text-align: center;\"><strong>CURSOS ESPECIALS\u00a0<\/strong><\/h3>\n<p>&nbsp;<\/p>\n<table style=\"border-collapse: collapse; width: 100%; height: 41px;\">\n<tbody>\n<tr style=\"height: 31px;\">\n<td style=\"width: 14.4382%; height: 31px;\"><strong>IDIOMA<\/strong><\/td>\n<td style=\"width: 9.98888%; height: 31px;\"><strong>NIVELL<\/strong><\/td>\n<td style=\"width: 30.5673%; height: 31px;\"><strong>DURADA<\/strong><\/td>\n<td style=\"width: 20.8899%; height: 31px;\"><strong>HORARI<\/strong><\/td>\n<td style=\"width: 24.1157%; height: 31px;\"><strong>REQUISITS<\/strong><\/td>\n<\/tr>\n<tr style=\"height: 53px;\">\n<td style=\"width: 14.4382%; height: 10px; text-align: center;\" colspan=\"5\">\u00a0En aquests moments no oferim cap curs especial.<\/td>\n<\/tr>\n<\/tbody>\n<\/table>\n<p><strong>PREU<\/strong>: en funci\u00f3 d&#8217;hores de la durada del curs (<a href=\"https:\/\/agora-eoi.xtec.cat\/eoicalella\/secretaria\/preus\/\">consulteu possibles descomptes aqu\u00ed<\/a>)<\/p>\n<p><strong>MATR\u00cdCULA<\/strong>: contacteu amb l&#8217;escola per correu electr\u00f2nic: <strong>eoicalella@xtec.cat\u00a0<\/strong>indicant el curs en qu\u00e8 esteu interessant i adjuntant una fotoc\u00f2pia del DNI i del certificat de nivell si \u00e9s el vostre cas.<\/p>\n<p><strong>PLACES: 15 per grup, la matr\u00edcula es tancar\u00e0 tan bon punt s&#8217;esgotin les places vacants.\u00a0<\/strong><\/p>\n<p>En cas de no arribar a m\u00ednim d&#8217;alumnes per cobrir les despeses del curs, el curs quedar\u00e0 anul\u00b7lat i es retornar\u00e0 l&#8217;import de matr\u00edcula.<\/p>\n","protected":false},"excerpt":{"rendered":"<p><a href=\"https:\/\/agora-eoi.xtec.cat\/eoicalella\/wp-content\/uploads\/usu2256\/2014\/09\/classe.png\"><\/a><br \/>\nCURSOS ESPECIALS\u00a0<br \/>\n&nbsp;<\/p>\n<p>IDIOMA<br \/>\nNIVELL<br \/>\nDURADA<br \/>\nHORARI<br \/>\nREQUISITS<\/p>\n<p>\u00a0En aquests moments no oferim cap curs especial.<\/p>\n<p>PREU: en funci\u00f3 d&#8217;hores de la durada del curs (<a href=\"https:\/\/agora-eoi.xtec.cat\/eoicalella\/secretaria\/preus\/\">consulteu possibles descomptes aqu\u00ed<\/a>)<br \/>\nMATR\u00cdCULA: contacteu amb l&#8217;escola per correu electr\u00f2nic: eoicalella@xtec.cat\u00a0indicant el curs en qu\u00e8 esteu interessant i adjuntant una fotoc\u00f2pia del DNI i del certificat&hellip;  <a href=\"https:\/\/agora-eoi.xtec.cat\/eoicalella\/cursos\/cursos-especials\/\" title=\"Read Cursos especials\">Llegeix m\u00e9s\u00bb<\/a><\/p>\n","protected":false},"author":1,"featured_media":0,"parent":8149,"menu_order":30,"comment_status":"closed","ping_status":"closed","template":"page-templates\/side-menu.php","meta":{"_bbp_topic_count":0,"_bbp_reply_count":0,"_bbp_total_topic_count":0,"_bbp_total_reply_count":0,"_bbp_voice_count":0,"_bbp_anonymous_reply_count":0,"_bbp_topic_count_hidden":0,"_bbp_reply_count_hidden":0,"_bbp_forum_subforum_count":0,"footnotes":""},"class_list":["post-8158","page","type-page","status-publish","hentry"],"post_mailing_queue_ids":[],"_links":{"self":[{"href":"https:\/\/agora-eoi.xtec.cat\/eoicalella\/wp-json\/wp\/v2\/pages\/8158","targetHints":{"allow":["GET"]}}],"collection":[{"href":"https:\/\/agora-eoi.xtec.cat\/eoicalella\/wp-json\/wp\/v2\/pages"}],"about":[{"href":"https:\/\/agora-eoi.xtec.cat\/eoicalella\/wp-json\/wp\/v2\/types\/page"}],"author":[{"embeddable":true,"href":"https:\/\/agora-eoi.xtec.cat\/eoicalella\/wp-json\/wp\/v2\/users\/1"}],"replies":[{"embeddable":true,"href":"https:\/\/agora-eoi.xtec.cat\/eoicalella\/wp-json\/wp\/v2\/comments?post=8158"}],"version-history":[{"count":7,"href":"https:\/\/agora-eoi.xtec.cat\/eoicalella\/wp-json\/wp\/v2\/pages\/8158\/revisions"}],"predecessor-version":[{"id":10947,"href":"https:\/\/agora-eoi.xtec.cat\/eoicalella\/wp-json\/wp\/v2\/pages\/8158\/revisions\/10947"}],"up":[{"embeddable":true,"href":"https:\/\/agora-eoi.xtec.cat\/eoicalella\/wp-json\/wp\/v2\/pages\/8149"}],"wp:attachment":[{"href":"https:\/\/agora-eoi.xtec.cat\/eoicalella\/wp-json\/wp\/v2\/media?parent=8158"}],"curies":[{"name":"wp","href":"https:\/\/api.w.org\/{rel}","templated":true}]}}